{"id":90,"date":"2019-01-03T16:43:08","date_gmt":"2019-01-03T15:43:08","guid":{"rendered":"http:\/\/canotika-tourisme.fr\/?page_id=90"},"modified":"2020-05-10T18:47:18","modified_gmt":"2020-05-10T16:47:18","slug":"en-video","status":"publish","type":"page","link":"https:\/\/canotika-tourisme.fr\/index.php\/en-video\/","title":{"rendered":"En vid\u00e9o"},"content":{"rendered":"\n<figure class=\"wp-block-table\"><table><tbody><tr><td>Choisir le bon \u00e9quipement pour randonner sur la V\u00e9lofrancette avec Canotika<\/td><td>3&rsquo;29<\/td><\/tr><\/tbody><\/table><\/figure>\n\n\n\n<p><a href=\"http:\/\/www.web-tv-tourisme.com\/la-velofrancette-1196.html#\">Site Web TV Tourisme<\/a><\/p>\n\n\n\n<figure class=\"wp-block-video\"><video controls src=\"http:\/\/www.pagayons.fr\/canotika\/wp-content\/uploads\/2018\/01\/La-v\u00e9lofrancette-Home-Page-sur-WebTvTourisme2.mp4\"><\/video><\/figure>\n\n\n\n<p>WebTvTourisme : le 1er programme audiovisuel sur le Net d\u00e9di\u00e9 au tourisme<br>Chaque \u00e9mission met en avant les diff\u00e9rentes facettes d&rsquo;une destination :<br>&#8211; Des images de qualit\u00e9 pour promouvoir le lieu<br>&#8211; Des interviewes et des rencontres pour lui donner vie<br>&#8211; Des th\u00e9matiques originales pour valoriser son identit\u00e9 et ses publics<br>&#8211; Des sujets \u00e9crits et comment\u00e9s pour renforcer son attractivit\u00e9<\/p>\n\n\n\n<p>Reportage WebTVTourisme sur le bateau \u00e0 p\u00e9daliers<\/p>\n\n\n<div style=\"width: 525px;\" class=\"wp-video\"><video class=\"wp-video-shortcode\" id=\"video-90-1\" width=\"525\" height=\"295\" preload=\"metadata\" controls=\"controls\"><source type=\"video\/mp4\" src=\"http:\/\/www.pagayons.fr\/canotika\/wp-content\/uploads\/2018\/01\/La-v\u00e9lofrancette-Home-Page-sur-WebTvTourisme3.mp4?_=1\" \/><a href=\"http:\/\/www.pagayons.fr\/canotika\/wp-content\/uploads\/2018\/01\/La-v\u00e9lofrancette-Home-Page-sur-WebTvTourisme3.mp4\">http:\/\/www.pagayons.fr\/canotika\/wp-content\/uploads\/2018\/01\/La-v\u00e9lofrancette-Home-Page-sur-WebTvTourisme3.mp4<\/a><\/video><\/div>\n\n\n\n<p>Reportage de France 3 sur notre Apollo Theater<\/p>\n\n\n\n<blockquote class=\"wp-block-quote is-layout-flow wp-block-quote-is-layout-flow\"><p><iframe loading=\"lazy\" title=\"Mayenne Ch\u00e2teau-Gontier la destination pr\u00e9f\u00e9r\u00e9e des touristes en Mayenne\" width=\"525\" height=\"295\" src=\"https:\/\/www.youtube.com\/embed\/uDJAmaiMxBw?feature=oembed\" frameborder=\"0\" allow=\"accelerometer; autoplay; clipboard-write; encrypted-media; gyroscope; picture-in-picture; web-share\" referrerpolicy=\"strict-origin-when-cross-origin\" allowfullscreen><\/iframe><\/p><\/blockquote>\n","protected":false},"excerpt":{"rendered":"<p>Choisir le bon \u00e9quipement pour randonner sur la V\u00e9lofrancette avec Canotika 3&rsquo;29 Site Web TV Tourisme WebTvTourisme : le 1er programme audiovisuel sur le Net d\u00e9di\u00e9 au tourismeChaque \u00e9mission met en avant les diff\u00e9rentes facettes d&rsquo;une destination :&#8211; Des images de qualit\u00e9 pour promouvoir le lieu&#8211; Des interviewes et des rencontres pour lui donner vie&#8211; &hellip; <\/p>\n<p class=\"link-more\"><a href=\"https:\/\/canotika-tourisme.fr\/index.php\/en-video\/\" class=\"more-link\">Continuer la lecture<span class=\"screen-reader-text\"> de &laquo;&nbsp;En vid\u00e9o&nbsp;&raquo;<\/span><\/a><\/p>\n","protected":false},"author":1,"featured_media":0,"parent":0,"menu_order":0,"comment_status":"closed","ping_status":"closed","template":"","meta":{"footnotes":""},"class_list":["post-90","page","type-page","status-publish","hentry"],"yoast_head":"<!-- This site is optimized with the Yoast SEO plugin v27.5 - https:\/\/yoast.com\/product\/yoast-seo-wordpress\/ -->\n<title>En vid\u00e9o - Canotika Tourisme Miniboat La Mayenne<\/title>\n<meta name=\"robots\" content=\"index, follow, max-snippet:-1, max-image-preview:large, max-video-preview:-1\" \/>\n<link rel=\"canonical\" href=\"http:\/\/canotika-tourisme.fr\/index.php\/en-video\/\" \/>\n<meta property=\"og:locale\" content=\"fr_FR\" \/>\n<meta property=\"og:type\" content=\"article\" \/>\n<meta property=\"og:title\" content=\"En vid\u00e9o - Canotika Tourisme Miniboat La Mayenne\" \/>\n<meta property=\"og:description\" content=\"Choisir le bon \u00e9quipement pour randonner sur la V\u00e9lofrancette avec Canotika 3&rsquo;29 Site Web TV Tourisme WebTvTourisme : le 1er programme audiovisuel sur le Net d\u00e9di\u00e9 au tourismeChaque \u00e9mission met en avant les diff\u00e9rentes facettes d&rsquo;une destination :&#8211; Des images de qualit\u00e9 pour promouvoir le lieu&#8211; Des interviewes et des rencontres pour lui donner vie&#8211; &hellip; Continuer la lecture de &laquo;&nbsp;En vid\u00e9o&nbsp;&raquo;\" \/>\n<meta property=\"og:url\" content=\"http:\/\/canotika-tourisme.fr\/index.php\/en-video\/\" \/>\n<meta property=\"og:site_name\" content=\"Canotika Tourisme Miniboat La Mayenne\" \/>\n<meta property=\"article:publisher\" content=\"https:\/\/www.facebook.com\/canotika\/\" \/>\n<meta property=\"article:modified_time\" content=\"2020-05-10T16:47:18+00:00\" \/>\n<meta name=\"twitter:card\" content=\"summary_large_image\" \/>\n<meta name=\"twitter:site\" content=\"@canotika\" \/>\n<meta name=\"twitter:label1\" content=\"Dur\u00e9e de lecture estim\u00e9e\" \/>\n\t<meta name=\"twitter:data1\" content=\"1 minute\" \/>\n<script type=\"application\/ld+json\" class=\"yoast-schema-graph\">{\"@context\":\"https:\\\/\\\/schema.org\",\"@graph\":[{\"@type\":\"WebPage\",\"@id\":\"http:\\\/\\\/canotika-tourisme.fr\\\/index.php\\\/en-video\\\/\",\"url\":\"http:\\\/\\\/canotika-tourisme.fr\\\/index.php\\\/en-video\\\/\",\"name\":\"En vid\u00e9o - Canotika Tourisme Miniboat La Mayenne\",\"isPartOf\":{\"@id\":\"http:\\\/\\\/canotika-tourisme.fr\\\/#website\"},\"datePublished\":\"2019-01-03T15:43:08+00:00\",\"dateModified\":\"2020-05-10T16:47:18+00:00\",\"breadcrumb\":{\"@id\":\"http:\\\/\\\/canotika-tourisme.fr\\\/index.php\\\/en-video\\\/#breadcrumb\"},\"inLanguage\":\"fr-FR\",\"potentialAction\":[{\"@type\":\"ReadAction\",\"target\":[\"http:\\\/\\\/canotika-tourisme.fr\\\/index.php\\\/en-video\\\/\"]}]},{\"@type\":\"BreadcrumbList\",\"@id\":\"http:\\\/\\\/canotika-tourisme.fr\\\/index.php\\\/en-video\\\/#breadcrumb\",\"itemListElement\":[{\"@type\":\"ListItem\",\"position\":1,\"name\":\"Accueil\",\"item\":\"http:\\\/\\\/canotika-tourisme.fr\\\/\"},{\"@type\":\"ListItem\",\"position\":2,\"name\":\"En vid\u00e9o\"}]},{\"@type\":\"WebSite\",\"@id\":\"http:\\\/\\\/canotika-tourisme.fr\\\/#website\",\"url\":\"http:\\\/\\\/canotika-tourisme.fr\\\/\",\"name\":\"Canotika Tourisme Miniboat La Mayenne\",\"description\":\"Le plaisir de naviguer en Mayenne - Location  de v\u00e9los \u00e0 Ch\u00e2teau-Gontier, Laval et Mayenne\",\"publisher\":{\"@id\":\"http:\\\/\\\/canotika-tourisme.fr\\\/#organization\"},\"potentialAction\":[{\"@type\":\"SearchAction\",\"target\":{\"@type\":\"EntryPoint\",\"urlTemplate\":\"http:\\\/\\\/canotika-tourisme.fr\\\/?s={search_term_string}\"},\"query-input\":{\"@type\":\"PropertyValueSpecification\",\"valueRequired\":true,\"valueName\":\"search_term_string\"}}],\"inLanguage\":\"fr-FR\"},{\"@type\":\"Organization\",\"@id\":\"http:\\\/\\\/canotika-tourisme.fr\\\/#organization\",\"name\":\"Canotika Tourisme Miniboat La Mayenne\",\"url\":\"http:\\\/\\\/canotika-tourisme.fr\\\/\",\"logo\":{\"@type\":\"ImageObject\",\"inLanguage\":\"fr-FR\",\"@id\":\"http:\\\/\\\/canotika-tourisme.fr\\\/#\\\/schema\\\/logo\\\/image\\\/\",\"url\":\"https:\\\/\\\/canotika-tourisme.fr\\\/wp-content\\\/uploads\\\/2018\\\/12\\\/cropped-CNK-Logo-canotika-2014.jpg\",\"contentUrl\":\"https:\\\/\\\/canotika-tourisme.fr\\\/wp-content\\\/uploads\\\/2018\\\/12\\\/cropped-CNK-Logo-canotika-2014.jpg\",\"width\":299,\"height\":250,\"caption\":\"Canotika Tourisme  Miniboat La Mayenne\"},\"image\":{\"@id\":\"http:\\\/\\\/canotika-tourisme.fr\\\/#\\\/schema\\\/logo\\\/image\\\/\"},\"sameAs\":[\"https:\\\/\\\/www.facebook.com\\\/canotika\\\/\",\"https:\\\/\\\/x.com\\\/canotika\",\"http:\\\/\\\/@canotika\"]}]}<\/script>\n<!-- \/ Yoast SEO plugin. -->","yoast_head_json":{"title":"En vid\u00e9o - Canotika Tourisme Miniboat La Mayenne","robots":{"index":"index","follow":"follow","max-snippet":"max-snippet:-1","max-image-preview":"max-image-preview:large","max-video-preview":"max-video-preview:-1"},"canonical":"http:\/\/canotika-tourisme.fr\/index.php\/en-video\/","og_locale":"fr_FR","og_type":"article","og_title":"En vid\u00e9o - Canotika Tourisme Miniboat La Mayenne","og_description":"Choisir le bon \u00e9quipement pour randonner sur la V\u00e9lofrancette avec Canotika 3&rsquo;29 Site Web TV Tourisme WebTvTourisme : le 1er programme audiovisuel sur le Net d\u00e9di\u00e9 au tourismeChaque \u00e9mission met en avant les diff\u00e9rentes facettes d&rsquo;une destination :&#8211; Des images de qualit\u00e9 pour promouvoir le lieu&#8211; Des interviewes et des rencontres pour lui donner vie&#8211; &hellip; Continuer la lecture de &laquo;&nbsp;En vid\u00e9o&nbsp;&raquo;","og_url":"http:\/\/canotika-tourisme.fr\/index.php\/en-video\/","og_site_name":"Canotika Tourisme Miniboat La Mayenne","article_publisher":"https:\/\/www.facebook.com\/canotika\/","article_modified_time":"2020-05-10T16:47:18+00:00","twitter_card":"summary_large_image","twitter_site":"@canotika","twitter_misc":{"Dur\u00e9e de lecture estim\u00e9e":"1 minute"},"schema":{"@context":"https:\/\/schema.org","@graph":[{"@type":"WebPage","@id":"http:\/\/canotika-tourisme.fr\/index.php\/en-video\/","url":"http:\/\/canotika-tourisme.fr\/index.php\/en-video\/","name":"En vid\u00e9o - Canotika Tourisme Miniboat La Mayenne","isPartOf":{"@id":"http:\/\/canotika-tourisme.fr\/#website"},"datePublished":"2019-01-03T15:43:08+00:00","dateModified":"2020-05-10T16:47:18+00:00","breadcrumb":{"@id":"http:\/\/canotika-tourisme.fr\/index.php\/en-video\/#breadcrumb"},"inLanguage":"fr-FR","potentialAction":[{"@type":"ReadAction","target":["http:\/\/canotika-tourisme.fr\/index.php\/en-video\/"]}]},{"@type":"BreadcrumbList","@id":"http:\/\/canotika-tourisme.fr\/index.php\/en-video\/#breadcrumb","itemListElement":[{"@type":"ListItem","position":1,"name":"Accueil","item":"http:\/\/canotika-tourisme.fr\/"},{"@type":"ListItem","position":2,"name":"En vid\u00e9o"}]},{"@type":"WebSite","@id":"http:\/\/canotika-tourisme.fr\/#website","url":"http:\/\/canotika-tourisme.fr\/","name":"Canotika Tourisme Miniboat La Mayenne","description":"Le plaisir de naviguer en Mayenne - Location  de v\u00e9los \u00e0 Ch\u00e2teau-Gontier, Laval et Mayenne","publisher":{"@id":"http:\/\/canotika-tourisme.fr\/#organization"},"potentialAction":[{"@type":"SearchAction","target":{"@type":"EntryPoint","urlTemplate":"http:\/\/canotika-tourisme.fr\/?s={search_term_string}"},"query-input":{"@type":"PropertyValueSpecification","valueRequired":true,"valueName":"search_term_string"}}],"inLanguage":"fr-FR"},{"@type":"Organization","@id":"http:\/\/canotika-tourisme.fr\/#organization","name":"Canotika Tourisme Miniboat La Mayenne","url":"http:\/\/canotika-tourisme.fr\/","logo":{"@type":"ImageObject","inLanguage":"fr-FR","@id":"http:\/\/canotika-tourisme.fr\/#\/schema\/logo\/image\/","url":"https:\/\/canotika-tourisme.fr\/wp-content\/uploads\/2018\/12\/cropped-CNK-Logo-canotika-2014.jpg","contentUrl":"https:\/\/canotika-tourisme.fr\/wp-content\/uploads\/2018\/12\/cropped-CNK-Logo-canotika-2014.jpg","width":299,"height":250,"caption":"Canotika Tourisme  Miniboat La Mayenne"},"image":{"@id":"http:\/\/canotika-tourisme.fr\/#\/schema\/logo\/image\/"},"sameAs":["https:\/\/www.facebook.com\/canotika\/","https:\/\/x.com\/canotika","http:\/\/@canotika"]}]}},"_links":{"self":[{"href":"https:\/\/canotika-tourisme.fr\/index.php\/wp-json\/wp\/v2\/pages\/90","targetHints":{"allow":["GET"]}}],"collection":[{"href":"https:\/\/canotika-tourisme.fr\/index.php\/wp-json\/wp\/v2\/pages"}],"about":[{"href":"https:\/\/canotika-tourisme.fr\/index.php\/wp-json\/wp\/v2\/types\/page"}],"author":[{"embeddable":true,"href":"https:\/\/canotika-tourisme.fr\/index.php\/wp-json\/wp\/v2\/users\/1"}],"replies":[{"embeddable":true,"href":"https:\/\/canotika-tourisme.fr\/index.php\/wp-json\/wp\/v2\/comments?post=90"}],"version-history":[{"count":9,"href":"https:\/\/canotika-tourisme.fr\/index.php\/wp-json\/wp\/v2\/pages\/90\/revisions"}],"predecessor-version":[{"id":292,"href":"https:\/\/canotika-tourisme.fr\/index.php\/wp-json\/wp\/v2\/pages\/90\/revisions\/292"}],"wp:attachment":[{"href":"https:\/\/canotika-tourisme.fr\/index.php\/wp-json\/wp\/v2\/media?parent=90"}],"curies":[{"name":"wp","href":"https:\/\/api.w.org\/{rel}","templated":true}]}}