{"id":875,"date":"2025-06-26T02:24:22","date_gmt":"2025-06-26T00:24:22","guid":{"rendered":"https:\/\/canotika-tourisme.fr\/?page_id=875"},"modified":"2025-06-26T02:27:06","modified_gmt":"2025-06-26T00:27:06","slug":"canotika-tourisme-est-labellise-accueil-velos","status":"publish","type":"page","link":"https:\/\/canotika-tourisme.fr\/index.php\/canotika-tourisme-est-labellise-accueil-velos\/","title":{"rendered":"Canotika tourisme est labellis\u00e9 accueil v\u00e9los"},"content":{"rendered":"\n<p class=\"has-luminous-vivid-amber-background-color has-background\">CANOTIKA-TOURISME a dans ses missions le d\u00e9veloppement du tourisme \u00e0 v\u00e9lo en Mayenne. Le label \u00ab\u00a0Accueil V\u00e9lo\u00a0\u00bb permet de mettre en avant les savoir-faire de notre structure en mati\u00e8re de location de v\u00e9los.<\/p>\n\n\n\n<p class=\"has-vivid-cyan-blue-color has-text-color has-link-color wp-elements-60c79b0409b5f9e190008e3dd1cc195b\"><strong>Les points forts  de Canotika-Tourisme sont :<\/strong><\/p>\n\n\n\n<ul class=\"wp-block-list\">\n<li class=\"has-vivid-red-color has-text-color has-link-color wp-elements-3baf9bea45c94e1519030082c1f950f2\">un parc \u00e9tendu de v\u00e9los VTC (v\u00e9los tous chemins) d&rsquo;environ 40 unit\u00e9s<\/li>\n\n\n\n<li class=\"has-vivid-red-color has-text-color has-link-color wp-elements-910e30b62841fee69d7c12ea0b54643d\">une vingtaine de v\u00e9los \u00e0 assistance \u00e9lectrique de diff\u00e9rents type (moteurs sur roue ou p\u00e9daliers) tous ont des cadres bas<\/li>\n\n\n\n<li class=\"has-vivid-red-color has-text-color has-link-color wp-elements-2193588f2ace8c213cc18f498ab5d797\">5 remorques enfants dont une avec hamac pour jeune b\u00e9b\u00e9<\/li>\n\n\n\n<li class=\"has-vivid-red-color has-text-color has-link-color wp-elements-6ae6b3bdfd064709afaf9f4815cf40b1\">des si\u00e8ges et v\u00e9los suiveurs<\/li>\n\n\n\n<li class=\"has-vivid-red-color has-text-color has-link-color wp-elements-736219b41fe78328d23eaaf4f1f246b4\">des VTT pour jeunes et tr\u00e8s jeunes enfants<\/li>\n\n\n\n<li class=\"has-vivid-red-color has-text-color has-link-color wp-elements-abb972f4f4a73bf635cfba0c9f35a7e9\">la livraison possible dans un rayon d&rsquo;une heure \u00e0 partir de Ch\u00e2teau-Gontier-sur-Mayenne ou de Laval<\/li>\n\n\n\n<li class=\"has-vivid-red-color has-text-color has-link-color wp-elements-580dd36e688e5e49bfa37ab9a0545a92\">la possibilit\u00e9 d&rsquo;aller-simple par exemple Laval- Angers<\/li>\n<\/ul>\n\n\n\n<p class=\"has-vivid-cyan-blue-color has-text-color has-link-color wp-elements-bfd59f9de68df56dcf0e57ef6960667e\"><strong>Canotika-Tourisme c&rsquo;est aussi :<\/strong><\/p>\n\n\n\n<ul class=\"wp-block-list\">\n<li class=\"has-vivid-red-color has-text-color has-link-color wp-elements-db8cd842adfb5fc0c9f91a7f514449aa\">l&rsquo;accueil et assistance des randonneurs et touristes \u00e0 v\u00e9lo<\/li>\n\n\n\n<li class=\"has-vivid-red-color has-text-color has-link-color wp-elements-ca396370d240bf85f040f114d3fa756a\">la possibilit\u00e9 de mise en s\u00e9curit\u00e9 des v\u00e9los et bagages dans un local ferm\u00e9 le temps d&rsquo;une activit\u00e9 ou d&rsquo;une visite<\/li>\n\n\n\n<li class=\"has-vivid-red-color has-text-color has-link-color wp-elements-5ef08afe47e2508418c99f6d8f0cfb3d\">la recharge des batteries<\/li>\n\n\n\n<li class=\"has-vivid-red-color has-text-color has-link-color wp-elements-08aab0879c266af57bb2ea15692d4e3f\">les petites  r\u00e9parations avec la mise \u00e0 disposition de mat\u00e9riels, outils, pi\u00e8ces de rechanges<\/li>\n\n\n\n<li class=\"has-vivid-red-color has-text-color has-link-color wp-elements-490199930d1509526ca041f2d499886d\">une petite \u00e9picerie de d\u00e9pannage<\/li>\n\n\n\n<li class=\"has-vivid-red-color has-text-color has-link-color wp-elements-bc678168ed7594d864203d1f26a8b868\">des boissons et glaces locales<\/li>\n\n\n\n<li class=\"has-vivid-red-color has-text-color has-link-color wp-elements-a5d21b139ea0b58208b6c714bcd60d77\">des douches avec vestiaires<\/li>\n<\/ul>\n\n\n\n<figure class=\"wp-block-embed is-type-wp-embed is-provider-canotika-tourisme-miniboat-la-mayenne wp-block-embed-canotika-tourisme-miniboat-la-mayenne\"><div class=\"wp-block-embed__wrapper\">\n<blockquote class=\"wp-embedded-content\" data-secret=\"WFaGsst30b\"><a href=\"https:\/\/canotika-tourisme.fr\/index.php\/louer-des-velos-mayenne\/\">Tarif de location de v\u00e9los avec Canotika Tourisme en Mayenne<\/a><\/blockquote><iframe loading=\"lazy\" class=\"wp-embedded-content\" sandbox=\"allow-scripts\" security=\"restricted\" style=\"position: absolute; visibility: hidden;\" title=\"\u00ab\u00a0Tarif de location de v\u00e9los avec Canotika Tourisme en Mayenne\u00a0\u00bb &#8212; Canotika Tourisme  Miniboat La Mayenne\" src=\"https:\/\/canotika-tourisme.fr\/index.php\/louer-des-velos-mayenne\/embed\/#?secret=xwbXrm4cqN#?secret=WFaGsst30b\" data-secret=\"WFaGsst30b\" width=\"525\" height=\"296\" frameborder=\"0\" marginwidth=\"0\" marginheight=\"0\" scrolling=\"no\"><\/iframe>\n<\/div><\/figure>\n\n\n\n<p><a href=\"https:\/\/www.mayenne-tourisme.com\/le-mag\/le-mag-bravo-les-pros\/laccueil-velo-cest-quoi-cest-ou\">https:\/\/www.mayenne-tourisme.com\/le-mag\/le-mag-bravo-les-pros\/laccueil-velo-cest-quoi-cest-ou<\/a><\/p>\n\n\n\n<p><\/p>\n","protected":false},"excerpt":{"rendered":"<p>CANOTIKA-TOURISME a dans ses missions le d\u00e9veloppement du tourisme \u00e0 v\u00e9lo en Mayenne. Le label \u00ab\u00a0Accueil V\u00e9lo\u00a0\u00bb permet de mettre en avant les savoir-faire de notre structure en mati\u00e8re de location de v\u00e9los. Les points forts de Canotika-Tourisme sont : Canotika-Tourisme c&rsquo;est aussi : https:\/\/www.mayenne-tourisme.com\/le-mag\/le-mag-bravo-les-pros\/laccueil-velo-cest-quoi-cest-ou<\/p>\n","protected":false},"author":1,"featured_media":876,"parent":0,"menu_order":0,"comment_status":"closed","ping_status":"closed","template":"","meta":{"footnotes":""},"class_list":["post-875","page","type-page","status-publish","has-post-thumbnail","hentry"],"yoast_head":"<!-- This site is optimized with the Yoast SEO plugin v27.3 - https:\/\/yoast.com\/product\/yoast-seo-wordpress\/ -->\n<title>Canotika tourisme est labellis\u00e9 accueil v\u00e9los - Canotika Tourisme Miniboat La Mayenne<\/title>\n<meta name=\"robots\" content=\"index, follow, max-snippet:-1, max-image-preview:large, max-video-preview:-1\" \/>\n<link rel=\"canonical\" href=\"http:\/\/canotika-tourisme.fr\/index.php\/canotika-tourisme-est-labellise-accueil-velos\/\" \/>\n<meta property=\"og:locale\" content=\"fr_FR\" \/>\n<meta property=\"og:type\" content=\"article\" \/>\n<meta property=\"og:title\" content=\"Canotika tourisme est labellis\u00e9 accueil v\u00e9los - Canotika Tourisme Miniboat La Mayenne\" \/>\n<meta property=\"og:description\" content=\"CANOTIKA-TOURISME a dans ses missions le d\u00e9veloppement du tourisme \u00e0 v\u00e9lo en Mayenne. Le label \u00ab\u00a0Accueil V\u00e9lo\u00a0\u00bb permet de mettre en avant les savoir-faire de notre structure en mati\u00e8re de location de v\u00e9los. Les points forts de Canotika-Tourisme sont : Canotika-Tourisme c&rsquo;est aussi : https:\/\/www.mayenne-tourisme.com\/le-mag\/le-mag-bravo-les-pros\/laccueil-velo-cest-quoi-cest-ou\" \/>\n<meta property=\"og:url\" content=\"http:\/\/canotika-tourisme.fr\/index.php\/canotika-tourisme-est-labellise-accueil-velos\/\" \/>\n<meta property=\"og:site_name\" content=\"Canotika Tourisme Miniboat La Mayenne\" \/>\n<meta property=\"article:publisher\" content=\"https:\/\/www.facebook.com\/canotika\/\" \/>\n<meta property=\"article:modified_time\" content=\"2025-06-26T00:27:06+00:00\" \/>\n<meta property=\"og:image\" content=\"http:\/\/canotika-tourisme.fr\/wp-content\/uploads\/2025\/06\/logo-accueil-velo.jpg\" \/>\n\t<meta property=\"og:image:width\" content=\"160\" \/>\n\t<meta property=\"og:image:height\" content=\"202\" \/>\n\t<meta property=\"og:image:type\" content=\"image\/jpeg\" \/>\n<meta name=\"twitter:card\" content=\"summary_large_image\" \/>\n<meta name=\"twitter:site\" content=\"@canotika\" \/>\n<meta name=\"twitter:label1\" content=\"Dur\u00e9e de lecture estim\u00e9e\" \/>\n\t<meta name=\"twitter:data1\" content=\"2 minutes\" \/>\n<script type=\"application\/ld+json\" class=\"yoast-schema-graph\">{\"@context\":\"https:\\\/\\\/schema.org\",\"@graph\":[{\"@type\":\"WebPage\",\"@id\":\"http:\\\/\\\/canotika-tourisme.fr\\\/index.php\\\/canotika-tourisme-est-labellise-accueil-velos\\\/\",\"url\":\"http:\\\/\\\/canotika-tourisme.fr\\\/index.php\\\/canotika-tourisme-est-labellise-accueil-velos\\\/\",\"name\":\"Canotika tourisme est labellis\u00e9 accueil v\u00e9los - Canotika Tourisme Miniboat La Mayenne\",\"isPartOf\":{\"@id\":\"http:\\\/\\\/canotika-tourisme.fr\\\/#website\"},\"primaryImageOfPage\":{\"@id\":\"http:\\\/\\\/canotika-tourisme.fr\\\/index.php\\\/canotika-tourisme-est-labellise-accueil-velos\\\/#primaryimage\"},\"image\":{\"@id\":\"http:\\\/\\\/canotika-tourisme.fr\\\/index.php\\\/canotika-tourisme-est-labellise-accueil-velos\\\/#primaryimage\"},\"thumbnailUrl\":\"https:\\\/\\\/canotika-tourisme.fr\\\/wp-content\\\/uploads\\\/2025\\\/06\\\/logo-accueil-velo.jpg\",\"datePublished\":\"2025-06-26T00:24:22+00:00\",\"dateModified\":\"2025-06-26T00:27:06+00:00\",\"breadcrumb\":{\"@id\":\"http:\\\/\\\/canotika-tourisme.fr\\\/index.php\\\/canotika-tourisme-est-labellise-accueil-velos\\\/#breadcrumb\"},\"inLanguage\":\"fr-FR\",\"potentialAction\":[{\"@type\":\"ReadAction\",\"target\":[\"http:\\\/\\\/canotika-tourisme.fr\\\/index.php\\\/canotika-tourisme-est-labellise-accueil-velos\\\/\"]}]},{\"@type\":\"ImageObject\",\"inLanguage\":\"fr-FR\",\"@id\":\"http:\\\/\\\/canotika-tourisme.fr\\\/index.php\\\/canotika-tourisme-est-labellise-accueil-velos\\\/#primaryimage\",\"url\":\"https:\\\/\\\/canotika-tourisme.fr\\\/wp-content\\\/uploads\\\/2025\\\/06\\\/logo-accueil-velo.jpg\",\"contentUrl\":\"https:\\\/\\\/canotika-tourisme.fr\\\/wp-content\\\/uploads\\\/2025\\\/06\\\/logo-accueil-velo.jpg\",\"width\":160,\"height\":202,\"caption\":\"logo du label accueil v\u00e9lo\"},{\"@type\":\"BreadcrumbList\",\"@id\":\"http:\\\/\\\/canotika-tourisme.fr\\\/index.php\\\/canotika-tourisme-est-labellise-accueil-velos\\\/#breadcrumb\",\"itemListElement\":[{\"@type\":\"ListItem\",\"position\":1,\"name\":\"Accueil\",\"item\":\"http:\\\/\\\/canotika-tourisme.fr\\\/\"},{\"@type\":\"ListItem\",\"position\":2,\"name\":\"Canotika tourisme est labellis\u00e9 accueil v\u00e9los\"}]},{\"@type\":\"WebSite\",\"@id\":\"http:\\\/\\\/canotika-tourisme.fr\\\/#website\",\"url\":\"http:\\\/\\\/canotika-tourisme.fr\\\/\",\"name\":\"Canotika Tourisme Miniboat La Mayenne\",\"description\":\"Le plaisir de naviguer en Mayenne - Location  de v\u00e9los \u00e0 Ch\u00e2teau-Gontier, Laval et Mayenne\",\"publisher\":{\"@id\":\"http:\\\/\\\/canotika-tourisme.fr\\\/#organization\"},\"potentialAction\":[{\"@type\":\"SearchAction\",\"target\":{\"@type\":\"EntryPoint\",\"urlTemplate\":\"http:\\\/\\\/canotika-tourisme.fr\\\/?s={search_term_string}\"},\"query-input\":{\"@type\":\"PropertyValueSpecification\",\"valueRequired\":true,\"valueName\":\"search_term_string\"}}],\"inLanguage\":\"fr-FR\"},{\"@type\":\"Organization\",\"@id\":\"http:\\\/\\\/canotika-tourisme.fr\\\/#organization\",\"name\":\"Canotika Tourisme Miniboat La Mayenne\",\"url\":\"http:\\\/\\\/canotika-tourisme.fr\\\/\",\"logo\":{\"@type\":\"ImageObject\",\"inLanguage\":\"fr-FR\",\"@id\":\"http:\\\/\\\/canotika-tourisme.fr\\\/#\\\/schema\\\/logo\\\/image\\\/\",\"url\":\"https:\\\/\\\/canotika-tourisme.fr\\\/wp-content\\\/uploads\\\/2018\\\/12\\\/cropped-CNK-Logo-canotika-2014.jpg\",\"contentUrl\":\"https:\\\/\\\/canotika-tourisme.fr\\\/wp-content\\\/uploads\\\/2018\\\/12\\\/cropped-CNK-Logo-canotika-2014.jpg\",\"width\":299,\"height\":250,\"caption\":\"Canotika Tourisme  Miniboat La Mayenne\"},\"image\":{\"@id\":\"http:\\\/\\\/canotika-tourisme.fr\\\/#\\\/schema\\\/logo\\\/image\\\/\"},\"sameAs\":[\"https:\\\/\\\/www.facebook.com\\\/canotika\\\/\",\"https:\\\/\\\/x.com\\\/canotika\",\"http:\\\/\\\/@canotika\"]}]}<\/script>\n<!-- \/ Yoast SEO plugin. -->","yoast_head_json":{"title":"Canotika tourisme est labellis\u00e9 accueil v\u00e9los - Canotika Tourisme Miniboat La Mayenne","robots":{"index":"index","follow":"follow","max-snippet":"max-snippet:-1","max-image-preview":"max-image-preview:large","max-video-preview":"max-video-preview:-1"},"canonical":"http:\/\/canotika-tourisme.fr\/index.php\/canotika-tourisme-est-labellise-accueil-velos\/","og_locale":"fr_FR","og_type":"article","og_title":"Canotika tourisme est labellis\u00e9 accueil v\u00e9los - Canotika Tourisme Miniboat La Mayenne","og_description":"CANOTIKA-TOURISME a dans ses missions le d\u00e9veloppement du tourisme \u00e0 v\u00e9lo en Mayenne. Le label \u00ab\u00a0Accueil V\u00e9lo\u00a0\u00bb permet de mettre en avant les savoir-faire de notre structure en mati\u00e8re de location de v\u00e9los. Les points forts de Canotika-Tourisme sont : Canotika-Tourisme c&rsquo;est aussi : https:\/\/www.mayenne-tourisme.com\/le-mag\/le-mag-bravo-les-pros\/laccueil-velo-cest-quoi-cest-ou","og_url":"http:\/\/canotika-tourisme.fr\/index.php\/canotika-tourisme-est-labellise-accueil-velos\/","og_site_name":"Canotika Tourisme Miniboat La Mayenne","article_publisher":"https:\/\/www.facebook.com\/canotika\/","article_modified_time":"2025-06-26T00:27:06+00:00","og_image":[{"width":160,"height":202,"url":"http:\/\/canotika-tourisme.fr\/wp-content\/uploads\/2025\/06\/logo-accueil-velo.jpg","type":"image\/jpeg"}],"twitter_card":"summary_large_image","twitter_site":"@canotika","twitter_misc":{"Dur\u00e9e de lecture estim\u00e9e":"2 minutes"},"schema":{"@context":"https:\/\/schema.org","@graph":[{"@type":"WebPage","@id":"http:\/\/canotika-tourisme.fr\/index.php\/canotika-tourisme-est-labellise-accueil-velos\/","url":"http:\/\/canotika-tourisme.fr\/index.php\/canotika-tourisme-est-labellise-accueil-velos\/","name":"Canotika tourisme est labellis\u00e9 accueil v\u00e9los - Canotika Tourisme Miniboat La Mayenne","isPartOf":{"@id":"http:\/\/canotika-tourisme.fr\/#website"},"primaryImageOfPage":{"@id":"http:\/\/canotika-tourisme.fr\/index.php\/canotika-tourisme-est-labellise-accueil-velos\/#primaryimage"},"image":{"@id":"http:\/\/canotika-tourisme.fr\/index.php\/canotika-tourisme-est-labellise-accueil-velos\/#primaryimage"},"thumbnailUrl":"https:\/\/canotika-tourisme.fr\/wp-content\/uploads\/2025\/06\/logo-accueil-velo.jpg","datePublished":"2025-06-26T00:24:22+00:00","dateModified":"2025-06-26T00:27:06+00:00","breadcrumb":{"@id":"http:\/\/canotika-tourisme.fr\/index.php\/canotika-tourisme-est-labellise-accueil-velos\/#breadcrumb"},"inLanguage":"fr-FR","potentialAction":[{"@type":"ReadAction","target":["http:\/\/canotika-tourisme.fr\/index.php\/canotika-tourisme-est-labellise-accueil-velos\/"]}]},{"@type":"ImageObject","inLanguage":"fr-FR","@id":"http:\/\/canotika-tourisme.fr\/index.php\/canotika-tourisme-est-labellise-accueil-velos\/#primaryimage","url":"https:\/\/canotika-tourisme.fr\/wp-content\/uploads\/2025\/06\/logo-accueil-velo.jpg","contentUrl":"https:\/\/canotika-tourisme.fr\/wp-content\/uploads\/2025\/06\/logo-accueil-velo.jpg","width":160,"height":202,"caption":"logo du label accueil v\u00e9lo"},{"@type":"BreadcrumbList","@id":"http:\/\/canotika-tourisme.fr\/index.php\/canotika-tourisme-est-labellise-accueil-velos\/#breadcrumb","itemListElement":[{"@type":"ListItem","position":1,"name":"Accueil","item":"http:\/\/canotika-tourisme.fr\/"},{"@type":"ListItem","position":2,"name":"Canotika tourisme est labellis\u00e9 accueil v\u00e9los"}]},{"@type":"WebSite","@id":"http:\/\/canotika-tourisme.fr\/#website","url":"http:\/\/canotika-tourisme.fr\/","name":"Canotika Tourisme Miniboat La Mayenne","description":"Le plaisir de naviguer en Mayenne - Location  de v\u00e9los \u00e0 Ch\u00e2teau-Gontier, Laval et Mayenne","publisher":{"@id":"http:\/\/canotika-tourisme.fr\/#organization"},"potentialAction":[{"@type":"SearchAction","target":{"@type":"EntryPoint","urlTemplate":"http:\/\/canotika-tourisme.fr\/?s={search_term_string}"},"query-input":{"@type":"PropertyValueSpecification","valueRequired":true,"valueName":"search_term_string"}}],"inLanguage":"fr-FR"},{"@type":"Organization","@id":"http:\/\/canotika-tourisme.fr\/#organization","name":"Canotika Tourisme Miniboat La Mayenne","url":"http:\/\/canotika-tourisme.fr\/","logo":{"@type":"ImageObject","inLanguage":"fr-FR","@id":"http:\/\/canotika-tourisme.fr\/#\/schema\/logo\/image\/","url":"https:\/\/canotika-tourisme.fr\/wp-content\/uploads\/2018\/12\/cropped-CNK-Logo-canotika-2014.jpg","contentUrl":"https:\/\/canotika-tourisme.fr\/wp-content\/uploads\/2018\/12\/cropped-CNK-Logo-canotika-2014.jpg","width":299,"height":250,"caption":"Canotika Tourisme  Miniboat La Mayenne"},"image":{"@id":"http:\/\/canotika-tourisme.fr\/#\/schema\/logo\/image\/"},"sameAs":["https:\/\/www.facebook.com\/canotika\/","https:\/\/x.com\/canotika","http:\/\/@canotika"]}]}},"_links":{"self":[{"href":"https:\/\/canotika-tourisme.fr\/index.php\/wp-json\/wp\/v2\/pages\/875","targetHints":{"allow":["GET"]}}],"collection":[{"href":"https:\/\/canotika-tourisme.fr\/index.php\/wp-json\/wp\/v2\/pages"}],"about":[{"href":"https:\/\/canotika-tourisme.fr\/index.php\/wp-json\/wp\/v2\/types\/page"}],"author":[{"embeddable":true,"href":"https:\/\/canotika-tourisme.fr\/index.php\/wp-json\/wp\/v2\/users\/1"}],"replies":[{"embeddable":true,"href":"https:\/\/canotika-tourisme.fr\/index.php\/wp-json\/wp\/v2\/comments?post=875"}],"version-history":[{"count":2,"href":"https:\/\/canotika-tourisme.fr\/index.php\/wp-json\/wp\/v2\/pages\/875\/revisions"}],"predecessor-version":[{"id":881,"href":"https:\/\/canotika-tourisme.fr\/index.php\/wp-json\/wp\/v2\/pages\/875\/revisions\/881"}],"wp:featuredmedia":[{"embeddable":true,"href":"https:\/\/canotika-tourisme.fr\/index.php\/wp-json\/wp\/v2\/media\/876"}],"wp:attachment":[{"href":"https:\/\/canotika-tourisme.fr\/index.php\/wp-json\/wp\/v2\/media?parent=875"}],"curies":[{"name":"wp","href":"https:\/\/api.w.org\/{rel}","templated":true}]}}