{"id":77,"date":"2023-02-10T11:01:00","date_gmt":"2023-02-10T10:01:00","guid":{"rendered":"http:\/\/canotika-tourisme.fr\/?page_id=77"},"modified":"2026-03-12T17:42:08","modified_gmt":"2026-03-12T16:42:08","slug":"louer-des-kayaks-canoes-paddles","status":"publish","type":"page","link":"https:\/\/canotika-tourisme.fr\/index.php\/louer-des-kayaks-canoes-paddles\/","title":{"rendered":"Pagayer avec Canotika Club cano\u00eb-kayak FFCK"},"content":{"rendered":"\n<div class=\"wp-block-group\"><div class=\"wp-block-group__inner-container is-layout-flow wp-block-group-is-layout-flow\">\n<p>A partir du samedi 28\u00a0 mars 2026 et jusqu&rsquo;au 30 septembre 2026, avec <strong>Canotika cano\u00eb-kayak club FFCK*<\/strong> partez \u00e0 la d\u00e9couverte de la rivi\u00e8re la Mayenne en cano\u00eb-kayak ou sur un stand-up paddle.<\/p>\n<p>Louez un kayak ou un cano\u00eb pour une heure, pour un jour ou plus. Partez en randonn\u00e9e avec votre mat\u00e9riel de camping ou avec celui que nous pouvons mettre \u00e0 votre disposition.<\/p>\n<p>Unique en France :\u00a0 naviguez dans un v\u00e9ritable kayak pliant et d\u00e9montable NAUTIRAID en toile tendue.<\/p>\n<p><b>Les prix ci-dessous sont avec l\u2019assurance Carte un jour FFCK de 1\u20ac par personne et par jour pour l\u2019assurance obligatoire pour le cano\u00eb-kayak et le paddle.<\/b><\/p>\n<div class=\"easyloisirs_module\" data-hash=\"a1ff7e645ba841fac14a7ba727dd38a1befe8ac2\">\u00a0<\/div>\n<table border=\"1\">\n<tbody>\n<tr>\n<td style=\"background: #F9F6A4; text-align: center;\">Type d&#8217;embarcation<\/td>\n<td style=\"background: #F9F6A4; text-align: center;\">1 heure<\/td>\n<td style=\"background: #F9F6A4; text-align: center;\">2 heures<\/td>\n<td style=\"background: #F9F6A4; text-align: center;\">1\/2 journ\u00e9e<\/td>\n<td style=\"background: #F9F6A4; text-align: center;\">Journ\u00e9e<\/td>\n<td style=\"background: #F9F6A4; text-align: center;\">journ\u00e9e<br \/>2 adultes<br \/>+ 1 enfant<\/td>\n<td style=\"background: #F9F6A4; text-align: center;\">journ\u00e9e<br \/>3 pers.<\/td>\n<td style=\"background: #F9F6A4; text-align: center;\">1 bateau<br \/>2 jours<br \/>ou WE<\/td>\n<td style=\"background: #F9F6A4; text-align: center;\">5 jours<\/td>\n<\/tr>\n<tr>\n<td style=\"background: #F6D0C4; text-align: center;\">Kayak ou Stand Up Paddle 1 pers.<\/td>\n<td style=\"background: #EDFAFD; text-align: center;\">9.5<\/td>\n<td style=\"background: #EDFAFD; text-align: center;\">14<\/td>\n<td style=\"background: #EDFAFD; text-align: center;\">19<\/td>\n<td style=\"background: #EDFAFD; text-align: center;\">26<\/td>\n<td style=\"background: #EDFAFD; text-align: center;\">&#8212;<\/td>\n<td style=\"background: #EDFAFD; text-align: center;\">&#8212;<\/td>\n<td style=\"background: #EDFAFD; text-align: center;\">41<\/td>\n<td style=\"background: #EDFAFD; text-align: center;\">74<\/td>\n<\/tr>\n<tr>\n<td style=\"background: #F6D0C4; text-align: center;\">Kayak pliants Nautiraid 1 pers.<\/td>\n<td style=\"background: #EDFAFD; text-align: center;\">13<\/td>\n<td style=\"background: #EDFAFD; text-align: center;\">19<\/td>\n<td style=\"background: #EDFAFD; text-align: center;\">24<\/td>\n<td style=\"background: #EDFAFD; text-align: center;\">31<\/td>\n<td style=\"background: #EDFAFD; text-align: center;\">&#8212;<\/td>\n<td style=\"background: #EDFAFD; text-align: center;\">&#8212;<\/td>\n<td style=\"background: #EDFAFD; text-align: center;\">47<\/td>\n<td style=\"background: #EDFAFD; text-align: center;\">94<\/td>\n<\/tr>\n<tr>\n<td style=\"background: #F6D0C4; text-align: center;\">Kayak pliants Nautiraid 2 places<\/td>\n<td style=\"background: #EDFAFD; text-align: center;\">21<\/td>\n<td style=\"background: #EDFAFD; text-align: center;\">27<\/td>\n<td style=\"background: #EDFAFD; text-align: center;\">38<\/td>\n<td style=\"background: #EDFAFD; text-align: center;\">51<\/td>\n<td style=\"background: #EDFAFD; text-align: center;\">&#8212;<\/td>\n<td style=\"background: #EDFAFD; text-align: center;\">&#8212;<\/td>\n<td style=\"background: #EDFAFD; text-align: center;\">69<\/td>\n<td style=\"background: #EDFAFD; text-align: center;\">175<\/td>\n<\/tr>\n<tr>\n<td style=\"background: #F6D0C4; text-align: center;\">Cano\u00eb ou Kayak<br \/>2 &#8211; 3 places<\/td>\n<td style=\"background: #EDFAFD; text-align: center;\">18<\/td>\n<td style=\"background: #EDFAFD; text-align: center;\">26<\/td>\n<td style=\"background: #EDFAFD; text-align: center;\">34<\/td>\n<td style=\"background: #EDFAFD; text-align: center;\">42<\/td>\n<td style=\"background: #EDFAFD; text-align: center;\">48<\/td>\n<td style=\"background: #EDFAFD; text-align: center;\">52<\/td>\n<td style=\"background: #EDFAFD; text-align: center;\">69<\/td>\n<td style=\"background: #EDFAFD; text-align: center;\">160<\/td>\n<\/tr>\n<tr>\n<td style=\"background: #F6D0C4; text-align: center;\">Grand Cano\u00eb<br \/>2 adultes + 2 enfants<\/td>\n<td style=\"background: #EDFAFD; text-align: center;\">22<\/td>\n<td style=\"background: #EDFAFD; text-align: center;\">32<\/td>\n<td style=\"background: #EDFAFD; text-align: center;\">47<\/td>\n<td style=\"background: #EDFAFD; text-align: center;\">59<\/td>\n<td style=\"background: #EDFAFD; text-align: center;\">&#8212;<\/td>\n<td style=\"background: #EDFAFD; text-align: center;\">&#8212;<\/td>\n<td style=\"background: #EDFAFD; text-align: center;\">92<\/td>\n<td style=\"background: #EDFAFD; text-align: center;\">179<\/td>\n<\/tr>\n<tr>\n<td style=\"background: #F6D0C4;\">Groupe + de 6 pers. par pers. 10%<\/td>\n<td style=\"background: #EDFAFD; text-align: center;\">8,20<\/td>\n<td style=\"background: #EDFAFD; text-align: center;\">12.20<\/td>\n<td style=\"background: #EDFAFD; text-align: center;\">17,20<\/td>\n<td style=\"background: #EDFAFD; text-align: center;\">23,50<\/td>\n<td style=\"background: #EDFAFD; text-align: center;\">&#8212;<\/td>\n<td style=\"background: #EDFAFD; text-align: center;\">&#8212;<\/td>\n<td style=\"background: #EDFAFD; text-align: center;\">37,10<\/td>\n<td style=\"background: #EDFAFD; text-align: center;\">67,10<\/td>\n<\/tr>\n<tr>\n<td style=\"background: #F6D0C4; text-align: center;\">Paddle XXL 6 \u00e0 8 pers.<\/td>\n<td style=\"background: #EDFAFD; text-align: center;\">36<\/td>\n<td style=\"background: #EDFAFD; text-align: center;\">51<\/td>\n<td style=\"background: #EDFAFD; text-align: center;\">66<\/td>\n<td style=\"background: #EDFAFD; text-align: center;\">96<\/td>\n<td style=\"background: #EDFAFD; text-align: center;\">&#8212;<\/td>\n<td style=\"background: #EDFAFD; text-align: center;\">&#8212;<\/td>\n<td style=\"background: #EDFAFD; text-align: center;\">&#8212;<\/td>\n<td style=\"background: #EDFAFD; text-align: center;\">&#8212;<\/td>\n<\/tr>\n<\/tbody>\n<\/table>\n<p>Location plus longue dur\u00e9e :<\/p>\n<p>Premier jour plein tarif puis demi-tarif pour les jours suivants<\/p>\n<p>R\u00e9servations au : 06 15 49 28 73 ou sur infos@canotika.fr<\/p>\n<p>Le tarif de location comprend : une embarcation, une ou des pagaies, r\u00e9cipient(s) ou sac(s) \u00e9tanches, gilet(s) de flottabilit\u00e9<br \/>assurance(s).<\/p>\n<p>Caution demand\u00e9e de 20 \u20ac par embarcation et de 150 \u20ac pour plus d&rsquo;un jour.<br \/>Nautiraid ; caution de 600 \u20ac par embarcation.<\/p>\n<p>*Association loi 1901 club agr\u00e9\u00e9 FFCK, TVA non applicable, art 293 B du CGI<\/p>\n<\/div><\/div>\n\n\n","protected":false},"excerpt":{"rendered":"<p>A partir du samedi 28\u00a0 mars 2026 et jusqu&rsquo;au 30 septembre 2026, avec Canotika cano\u00eb-kayak club FFCK* partez \u00e0 la d\u00e9couverte de la rivi\u00e8re la Mayenne en cano\u00eb-kayak ou sur un stand-up paddle. Louez un kayak ou un cano\u00eb pour une heure, pour un jour ou plus. Partez en randonn\u00e9e avec votre mat\u00e9riel de camping &hellip; <\/p>\n<p class=\"link-more\"><a href=\"https:\/\/canotika-tourisme.fr\/index.php\/louer-des-kayaks-canoes-paddles\/\" class=\"more-link\">Continuer la lecture<span class=\"screen-reader-text\"> de &laquo;&nbsp;Pagayer avec Canotika Club cano\u00eb-kayak FFCK&nbsp;&raquo;<\/span><\/a><\/p>\n","protected":false},"author":1,"featured_media":35,"parent":0,"menu_order":0,"comment_status":"closed","ping_status":"closed","template":"","meta":{"footnotes":""},"class_list":["post-77","page","type-page","status-publish","has-post-thumbnail","hentry"],"yoast_head":"<!-- This site is optimized with the Yoast SEO plugin v27.3 - https:\/\/yoast.com\/product\/yoast-seo-wordpress\/ -->\n<title>Pagayer avec Canotika Club cano\u00eb-kayak FFCK - Canotika Tourisme Miniboat La Mayenne<\/title>\n<meta name=\"description\" content=\"Location de kayaks, de cano\u00ebs et de stand-up paddles sur la rivi\u00e8re la Mayenne \u00e0 Ch\u00e2teau-Gontier avec Canotika-Tourisme\" \/>\n<meta name=\"robots\" content=\"index, follow, max-snippet:-1, max-image-preview:large, max-video-preview:-1\" \/>\n<link rel=\"canonical\" href=\"https:\/\/canotika-tourisme.fr\/index.php\/louer-des-kayaks-canoes-paddles\/\" \/>\n<meta property=\"og:locale\" content=\"fr_FR\" \/>\n<meta property=\"og:type\" content=\"article\" \/>\n<meta property=\"og:title\" content=\"Pagayer avec Canotika Club cano\u00eb-kayak FFCK - Canotika Tourisme Miniboat La Mayenne\" \/>\n<meta property=\"og:description\" content=\"Location de kayaks, de cano\u00ebs et de stand-up paddles sur la rivi\u00e8re la Mayenne \u00e0 Ch\u00e2teau-Gontier avec Canotika-Tourisme\" \/>\n<meta property=\"og:url\" content=\"https:\/\/canotika-tourisme.fr\/index.php\/louer-des-kayaks-canoes-paddles\/\" \/>\n<meta property=\"og:site_name\" content=\"Canotika Tourisme Miniboat La Mayenne\" \/>\n<meta property=\"article:publisher\" content=\"https:\/\/www.facebook.com\/canotika\/\" \/>\n<meta property=\"article:modified_time\" content=\"2026-03-12T16:42:08+00:00\" \/>\n<meta property=\"og:image\" content=\"http:\/\/canotika-tourisme.fr\/wp-content\/uploads\/2018\/12\/D3S8792_00022-1024x681.jpg\" \/>\n\t<meta property=\"og:image:width\" content=\"1024\" \/>\n\t<meta property=\"og:image:height\" content=\"681\" \/>\n\t<meta property=\"og:image:type\" content=\"image\/jpeg\" \/>\n<meta name=\"twitter:card\" content=\"summary_large_image\" \/>\n<meta name=\"twitter:site\" content=\"@canotika\" \/>\n<meta name=\"twitter:label1\" content=\"Dur\u00e9e de lecture estim\u00e9e\" \/>\n\t<meta name=\"twitter:data1\" content=\"2 minutes\" \/>\n<script type=\"application\/ld+json\" class=\"yoast-schema-graph\">{\"@context\":\"https:\\\/\\\/schema.org\",\"@graph\":[{\"@type\":\"WebPage\",\"@id\":\"https:\\\/\\\/canotika-tourisme.fr\\\/index.php\\\/louer-des-kayaks-canoes-paddles\\\/\",\"url\":\"https:\\\/\\\/canotika-tourisme.fr\\\/index.php\\\/louer-des-kayaks-canoes-paddles\\\/\",\"name\":\"Pagayer avec Canotika Club cano\u00eb-kayak FFCK - Canotika Tourisme Miniboat La Mayenne\",\"isPartOf\":{\"@id\":\"http:\\\/\\\/canotika-tourisme.fr\\\/#website\"},\"primaryImageOfPage\":{\"@id\":\"https:\\\/\\\/canotika-tourisme.fr\\\/index.php\\\/louer-des-kayaks-canoes-paddles\\\/#primaryimage\"},\"image\":{\"@id\":\"https:\\\/\\\/canotika-tourisme.fr\\\/index.php\\\/louer-des-kayaks-canoes-paddles\\\/#primaryimage\"},\"thumbnailUrl\":\"https:\\\/\\\/canotika-tourisme.fr\\\/wp-content\\\/uploads\\\/2018\\\/12\\\/D3S8792_00022.jpg\",\"datePublished\":\"2023-02-10T10:01:00+00:00\",\"dateModified\":\"2026-03-12T16:42:08+00:00\",\"description\":\"Location de kayaks, de cano\u00ebs et de stand-up paddles sur la rivi\u00e8re la Mayenne \u00e0 Ch\u00e2teau-Gontier avec Canotika-Tourisme\",\"breadcrumb\":{\"@id\":\"https:\\\/\\\/canotika-tourisme.fr\\\/index.php\\\/louer-des-kayaks-canoes-paddles\\\/#breadcrumb\"},\"inLanguage\":\"fr-FR\",\"potentialAction\":[{\"@type\":\"ReadAction\",\"target\":[\"https:\\\/\\\/canotika-tourisme.fr\\\/index.php\\\/louer-des-kayaks-canoes-paddles\\\/\"]}]},{\"@type\":\"ImageObject\",\"inLanguage\":\"fr-FR\",\"@id\":\"https:\\\/\\\/canotika-tourisme.fr\\\/index.php\\\/louer-des-kayaks-canoes-paddles\\\/#primaryimage\",\"url\":\"https:\\\/\\\/canotika-tourisme.fr\\\/wp-content\\\/uploads\\\/2018\\\/12\\\/D3S8792_00022.jpg\",\"contentUrl\":\"https:\\\/\\\/canotika-tourisme.fr\\\/wp-content\\\/uploads\\\/2018\\\/12\\\/D3S8792_00022.jpg\",\"width\":4256,\"height\":2832,\"caption\":\"une maman avec ces enfants en famille en kayak pliants\"},{\"@type\":\"BreadcrumbList\",\"@id\":\"https:\\\/\\\/canotika-tourisme.fr\\\/index.php\\\/louer-des-kayaks-canoes-paddles\\\/#breadcrumb\",\"itemListElement\":[{\"@type\":\"ListItem\",\"position\":1,\"name\":\"Accueil\",\"item\":\"http:\\\/\\\/canotika-tourisme.fr\\\/\"},{\"@type\":\"ListItem\",\"position\":2,\"name\":\"Pagayer avec Canotika Club cano\u00eb-kayak FFCK\"}]},{\"@type\":\"WebSite\",\"@id\":\"http:\\\/\\\/canotika-tourisme.fr\\\/#website\",\"url\":\"http:\\\/\\\/canotika-tourisme.fr\\\/\",\"name\":\"Canotika Tourisme Miniboat La Mayenne\",\"description\":\"Le plaisir de naviguer en Mayenne - Location  de v\u00e9los \u00e0 Ch\u00e2teau-Gontier, Laval et Mayenne\",\"publisher\":{\"@id\":\"http:\\\/\\\/canotika-tourisme.fr\\\/#organization\"},\"potentialAction\":[{\"@type\":\"SearchAction\",\"target\":{\"@type\":\"EntryPoint\",\"urlTemplate\":\"http:\\\/\\\/canotika-tourisme.fr\\\/?s={search_term_string}\"},\"query-input\":{\"@type\":\"PropertyValueSpecification\",\"valueRequired\":true,\"valueName\":\"search_term_string\"}}],\"inLanguage\":\"fr-FR\"},{\"@type\":\"Organization\",\"@id\":\"http:\\\/\\\/canotika-tourisme.fr\\\/#organization\",\"name\":\"Canotika Tourisme Miniboat La Mayenne\",\"url\":\"http:\\\/\\\/canotika-tourisme.fr\\\/\",\"logo\":{\"@type\":\"ImageObject\",\"inLanguage\":\"fr-FR\",\"@id\":\"http:\\\/\\\/canotika-tourisme.fr\\\/#\\\/schema\\\/logo\\\/image\\\/\",\"url\":\"https:\\\/\\\/canotika-tourisme.fr\\\/wp-content\\\/uploads\\\/2018\\\/12\\\/cropped-CNK-Logo-canotika-2014.jpg\",\"contentUrl\":\"https:\\\/\\\/canotika-tourisme.fr\\\/wp-content\\\/uploads\\\/2018\\\/12\\\/cropped-CNK-Logo-canotika-2014.jpg\",\"width\":299,\"height\":250,\"caption\":\"Canotika Tourisme  Miniboat La Mayenne\"},\"image\":{\"@id\":\"http:\\\/\\\/canotika-tourisme.fr\\\/#\\\/schema\\\/logo\\\/image\\\/\"},\"sameAs\":[\"https:\\\/\\\/www.facebook.com\\\/canotika\\\/\",\"https:\\\/\\\/x.com\\\/canotika\",\"http:\\\/\\\/@canotika\"]}]}<\/script>\n<!-- \/ Yoast SEO plugin. -->","yoast_head_json":{"title":"Pagayer avec Canotika Club cano\u00eb-kayak FFCK - Canotika Tourisme Miniboat La Mayenne","description":"Location de kayaks, de cano\u00ebs et de stand-up paddles sur la rivi\u00e8re la Mayenne \u00e0 Ch\u00e2teau-Gontier avec Canotika-Tourisme","robots":{"index":"index","follow":"follow","max-snippet":"max-snippet:-1","max-image-preview":"max-image-preview:large","max-video-preview":"max-video-preview:-1"},"canonical":"https:\/\/canotika-tourisme.fr\/index.php\/louer-des-kayaks-canoes-paddles\/","og_locale":"fr_FR","og_type":"article","og_title":"Pagayer avec Canotika Club cano\u00eb-kayak FFCK - Canotika Tourisme Miniboat La Mayenne","og_description":"Location de kayaks, de cano\u00ebs et de stand-up paddles sur la rivi\u00e8re la Mayenne \u00e0 Ch\u00e2teau-Gontier avec Canotika-Tourisme","og_url":"https:\/\/canotika-tourisme.fr\/index.php\/louer-des-kayaks-canoes-paddles\/","og_site_name":"Canotika Tourisme Miniboat La Mayenne","article_publisher":"https:\/\/www.facebook.com\/canotika\/","article_modified_time":"2026-03-12T16:42:08+00:00","og_image":[{"width":1024,"height":681,"url":"http:\/\/canotika-tourisme.fr\/wp-content\/uploads\/2018\/12\/D3S8792_00022-1024x681.jpg","type":"image\/jpeg"}],"twitter_card":"summary_large_image","twitter_site":"@canotika","twitter_misc":{"Dur\u00e9e de lecture estim\u00e9e":"2 minutes"},"schema":{"@context":"https:\/\/schema.org","@graph":[{"@type":"WebPage","@id":"https:\/\/canotika-tourisme.fr\/index.php\/louer-des-kayaks-canoes-paddles\/","url":"https:\/\/canotika-tourisme.fr\/index.php\/louer-des-kayaks-canoes-paddles\/","name":"Pagayer avec Canotika Club cano\u00eb-kayak FFCK - Canotika Tourisme Miniboat La Mayenne","isPartOf":{"@id":"http:\/\/canotika-tourisme.fr\/#website"},"primaryImageOfPage":{"@id":"https:\/\/canotika-tourisme.fr\/index.php\/louer-des-kayaks-canoes-paddles\/#primaryimage"},"image":{"@id":"https:\/\/canotika-tourisme.fr\/index.php\/louer-des-kayaks-canoes-paddles\/#primaryimage"},"thumbnailUrl":"https:\/\/canotika-tourisme.fr\/wp-content\/uploads\/2018\/12\/D3S8792_00022.jpg","datePublished":"2023-02-10T10:01:00+00:00","dateModified":"2026-03-12T16:42:08+00:00","description":"Location de kayaks, de cano\u00ebs et de stand-up paddles sur la rivi\u00e8re la Mayenne \u00e0 Ch\u00e2teau-Gontier avec Canotika-Tourisme","breadcrumb":{"@id":"https:\/\/canotika-tourisme.fr\/index.php\/louer-des-kayaks-canoes-paddles\/#breadcrumb"},"inLanguage":"fr-FR","potentialAction":[{"@type":"ReadAction","target":["https:\/\/canotika-tourisme.fr\/index.php\/louer-des-kayaks-canoes-paddles\/"]}]},{"@type":"ImageObject","inLanguage":"fr-FR","@id":"https:\/\/canotika-tourisme.fr\/index.php\/louer-des-kayaks-canoes-paddles\/#primaryimage","url":"https:\/\/canotika-tourisme.fr\/wp-content\/uploads\/2018\/12\/D3S8792_00022.jpg","contentUrl":"https:\/\/canotika-tourisme.fr\/wp-content\/uploads\/2018\/12\/D3S8792_00022.jpg","width":4256,"height":2832,"caption":"une maman avec ces enfants en famille en kayak pliants"},{"@type":"BreadcrumbList","@id":"https:\/\/canotika-tourisme.fr\/index.php\/louer-des-kayaks-canoes-paddles\/#breadcrumb","itemListElement":[{"@type":"ListItem","position":1,"name":"Accueil","item":"http:\/\/canotika-tourisme.fr\/"},{"@type":"ListItem","position":2,"name":"Pagayer avec Canotika Club cano\u00eb-kayak FFCK"}]},{"@type":"WebSite","@id":"http:\/\/canotika-tourisme.fr\/#website","url":"http:\/\/canotika-tourisme.fr\/","name":"Canotika Tourisme Miniboat La Mayenne","description":"Le plaisir de naviguer en Mayenne - Location  de v\u00e9los \u00e0 Ch\u00e2teau-Gontier, Laval et Mayenne","publisher":{"@id":"http:\/\/canotika-tourisme.fr\/#organization"},"potentialAction":[{"@type":"SearchAction","target":{"@type":"EntryPoint","urlTemplate":"http:\/\/canotika-tourisme.fr\/?s={search_term_string}"},"query-input":{"@type":"PropertyValueSpecification","valueRequired":true,"valueName":"search_term_string"}}],"inLanguage":"fr-FR"},{"@type":"Organization","@id":"http:\/\/canotika-tourisme.fr\/#organization","name":"Canotika Tourisme Miniboat La Mayenne","url":"http:\/\/canotika-tourisme.fr\/","logo":{"@type":"ImageObject","inLanguage":"fr-FR","@id":"http:\/\/canotika-tourisme.fr\/#\/schema\/logo\/image\/","url":"https:\/\/canotika-tourisme.fr\/wp-content\/uploads\/2018\/12\/cropped-CNK-Logo-canotika-2014.jpg","contentUrl":"https:\/\/canotika-tourisme.fr\/wp-content\/uploads\/2018\/12\/cropped-CNK-Logo-canotika-2014.jpg","width":299,"height":250,"caption":"Canotika Tourisme  Miniboat La Mayenne"},"image":{"@id":"http:\/\/canotika-tourisme.fr\/#\/schema\/logo\/image\/"},"sameAs":["https:\/\/www.facebook.com\/canotika\/","https:\/\/x.com\/canotika","http:\/\/@canotika"]}]}},"_links":{"self":[{"href":"https:\/\/canotika-tourisme.fr\/index.php\/wp-json\/wp\/v2\/pages\/77","targetHints":{"allow":["GET"]}}],"collection":[{"href":"https:\/\/canotika-tourisme.fr\/index.php\/wp-json\/wp\/v2\/pages"}],"about":[{"href":"https:\/\/canotika-tourisme.fr\/index.php\/wp-json\/wp\/v2\/types\/page"}],"author":[{"embeddable":true,"href":"https:\/\/canotika-tourisme.fr\/index.php\/wp-json\/wp\/v2\/users\/1"}],"replies":[{"embeddable":true,"href":"https:\/\/canotika-tourisme.fr\/index.php\/wp-json\/wp\/v2\/comments?post=77"}],"version-history":[{"count":33,"href":"https:\/\/canotika-tourisme.fr\/index.php\/wp-json\/wp\/v2\/pages\/77\/revisions"}],"predecessor-version":[{"id":980,"href":"https:\/\/canotika-tourisme.fr\/index.php\/wp-json\/wp\/v2\/pages\/77\/revisions\/980"}],"wp:featuredmedia":[{"embeddable":true,"href":"https:\/\/canotika-tourisme.fr\/index.php\/wp-json\/wp\/v2\/media\/35"}],"wp:attachment":[{"href":"https:\/\/canotika-tourisme.fr\/index.php\/wp-json\/wp\/v2\/media?parent=77"}],"curies":[{"name":"wp","href":"https:\/\/api.w.org\/{rel}","templated":true}]}}