{"id":72,"date":"2018-12-28T10:55:08","date_gmt":"2018-12-28T09:55:08","guid":{"rendered":"http:\/\/canotika-tourisme.fr\/?page_id=72"},"modified":"2026-04-03T15:40:21","modified_gmt":"2026-04-03T13:40:21","slug":"louer-des-velos-mayenne","status":"publish","type":"page","link":"https:\/\/canotika-tourisme.fr\/index.php\/louer-des-velos-mayenne\/","title":{"rendered":"Tarif de location de v\u00e9los avec Canotika Tourisme en Mayenne"},"content":{"rendered":"<div class=\"wp-block-image\">\n<figure class=\"alignright\"><img decoding=\"async\" src=\"http:\/\/www.pagayons.fr\/canotika\/wp-content\/uploads\/2017\/03\/logo-accueil-v\u00e9lo.jpg\" alt=\"logo accueil v\u00e9lo\" class=\"wp-image-1936\"\/><\/figure>\n<\/div>\n\n\n<p class=\"has-vivid-red-color has-pale-cyan-blue-background-color has-text-color has-background has-link-color wp-elements-beb38a57641faf8ef6a62ad5fc72288c\"><b>Pour la location de v\u00e9los en Mayenne et sur la V\u00e9lo Francette Canotika vous accueille et vous permet \u00e0 partir de 9.50 \u20ac,<\/b> de parcourir le chemin de halage et une grande partie de l&rsquo;itin\u00e9raire de la \u00ab\u00a0V\u00e9lo Francette\u00a0\u00bb. <\/p>\n\n\n\n<p class=\"has-electric-grass-gradient-background has-background\"><b>A Ch\u00e2teau-Gontier sur Mayenne et \u00e0 partir de Laval*,<\/b> un parc de plus de <b>40 v\u00e9los tous chemins VTC<\/b> (randonn\u00e9e et ville, homme ou dame) est disponible pour la location \u00e0 l&rsquo;heure, \u00e0 la demi-journ\u00e9e, \u00e0 la journ\u00e9e ou plus longtemps.<\/p>\n\n\n\n<p class=\"has-pale-cyan-blue-background-color has-background\"><b>Canotika<\/b> propose aussi <strong>15 v\u00e9los \u00e0 <\/strong><b>assistance \u00e9lectrique<\/b> pour p\u00e9daler sans trop d\u2019efforts.<br><br>Possibilit\u00e9 de louer des v\u00e9los adapt\u00e9s <strong>PMR <\/strong>(Personnes \u00e0 Mobilit\u00e9 R\u00e9duite) avec notre partenaire mayennais distributeur \u00ab\u00a0<strong>vanraam<\/strong>\u00a0\u00bb  <a href=\"https:\/\/www.afac-cycles-location.com\/\" type=\"link\" id=\"https:\/\/www.afac-cycles-location.com\/\">https:\/\/www.afac-cycles-location.com\/<\/a><\/p>\n\n\n\n<h2 class=\"wp-block-heading has-vivid-red-color has-light-green-cyan-background-color has-text-color has-background has-link-color wp-elements-0ce57fe9c1dc29b6e3601c3423505504\"><b>Location de v\u00e9los en Mayenne tarifs 2026<\/b><\/h2>\n\n\n\n<figure class=\"wp-block-table is-style-regular has-small-font-size\"><table class=\"has-luminous-vivid-amber-background-color has-text-color has-background\" style=\"color:#1b07e3\"><tbody><tr><td><\/td><td>1 heure<br>\u00e0 2 h<\/td><td>1\/2 journ\u00e9e<\/td><td>1 <br>jour<\/td><td>24 heures<\/td><td>2 jours<\/td><td>3 jours<\/td><td>4 jours<\/td><td>5 jours<\/td><td>6 jours<\/td><td>Semaine<\/td><\/tr><tr><td>VTT VTC<br>V\u00e9lo de ville<\/td><td>9.50<\/td><td><center>12<\/center><\/td><td>  18<\/td><td><center>22<\/center><\/td><td><center>32<\/center><\/td><td><center>44<\/center><\/td><td><center>56<\/center><\/td><td><center>64<\/center><\/td><td><center>75<\/center><\/td><td><center>79<\/center><\/td><\/tr><tr><td>V\u00e9lo \u00e0<br>assistance \u00e9lectrique<\/td><td><center>19<\/center><\/td><td><center>22<\/center><\/td><td><center>29<\/center><\/td><td><center>36<\/center><\/td><td><center>49<\/center><\/td><td><center>65<\/center><\/td><td><center>80<\/center><\/td><td>    95<\/td><td><center>109<\/center><\/td><td>   124<\/td><\/tr><tr><td>V\u00e9lo jeune* <br>ou enfant *<\/td><td>  6.5<\/td><td><center>9<\/center><\/td><td>   15<\/td><td><center>20<\/center><\/td><td><center>33<\/center><\/td><td><center>42<\/center><\/td><td><center>50<\/center><\/td><td>58<\/td><td><center>66<\/center><\/td><td>     72<\/td><\/tr><tr><td><\/td><td><\/td><td><\/td><td><\/td><td><\/td><td><\/td><td><\/td><td><\/td><td><\/td><td><\/td><td><\/td><\/tr><tr><td>Remorque <br>enfants ou animaux<\/td><td>9.50<\/td><td><center>12<\/center><\/td><td>18<\/td><td><center>22<\/center><\/td><td><center>32<\/center><\/td><td><center>44<\/center><\/td><td>56<\/td><td>64<\/td><td><center>75<\/center><\/td><td><center>79<\/center><\/td><\/tr><tr><td>Remorque mono <br>porte b\u00e9b\u00e9<\/td><td><center>12<\/center><\/td><td>         15<\/td><td><center>22<\/center><\/td><td><center>28<\/center><\/td><td>38<\/td><td><center>50<\/center><\/td><td><center>62<\/center><\/td><td><center>71<\/center><\/td><td><center>83<\/center><\/td><td>      89<\/td><\/tr><tr><td>Casque<\/td><td><center>2,50<\/center><\/td><td><center>2,50<\/center><\/td><td><center>2,50<\/center><\/td><td><center>2,50<\/center><\/td><td><center>5<\/center><\/td><td><center>7.5<\/center><\/td><td><center>9<\/center><\/td><td><center>10,50<\/center><\/td><td><center>12<\/center><\/td><td><center>13.50<\/center><\/td><\/tr><tr><td>Paire de sacoches<\/td><td><center>6<\/center><\/td><td><center>6<\/center><\/td><td><center>6<\/center><\/td><td><center>6<\/center><\/td><td><center>9<\/center><\/td><td><center>12<\/center><\/td><td><center>15<\/center><\/td><td><center>18<\/center><\/td><td><center>21<\/center><\/td><td><center>24<\/center><\/td><\/tr><tr><td>Panier guidon<\/td><td><center>3,60<\/center><\/td><td><center>3,60<\/center><\/td><td><center>3,60<\/center><\/td><td><center>3,60<\/center><\/td><td><center>6<\/center><\/td><td><center>8<\/center><\/td><td><center>10<\/center><\/td><td><center>12<\/center><\/td><td><center>14<\/center><\/td><td><center>16<\/center><\/td><\/tr><tr><td>Si\u00e8ge enfant<\/td><td><center>7<\/center><\/td><td><center>7<\/center><\/td><td><center>7<\/center><\/td><td><center>7<\/center><\/td><td><center>12<\/center><\/td><td><center>17<\/center><\/td><td><center>20<\/center><\/td><td><center>23<\/center><\/td><td><center>26<\/center><\/td><td><center>29<\/center><\/td><\/tr><\/tbody><\/table><\/figure>\n\n\n\n<p class=\"has-pale-ocean-gradient-background has-background\">Livraison possible sur votre lieu de s\u00e9jour ou dans votre gare ou ville de d\u00e9part et reprise \u00e0 votre lieu d&rsquo;arriv\u00e9e (Laval, Angers, Mayenne ou autre dans notre zone de 70km et plus sur devis).<\/p>\n\n\n\n<p><b>* \u00c0 Laval prise en charge \u00e0 notre d\u00e9p\u00f4t 7 Avenue Bonaparte : Gratuit <\/b><br>* <b>\u00c0 Laval gare ou halte fluviale <b>forfait livraison <\/b> : 25 \u20ac <\/b> <br><strong>* \u00c0 Mayenne et Angers Gare St Laud <b>forfait livraison <\/b>: 95 \u20ac \u00e0 partir de 2 v\u00e9los \u00e0 8 v\u00e9los<\/strong><br><strong>* Forfait 30 kilom\u00e8tres \u00e0 partir de Ch\u00e2teau-Gontier : 55 \u20ac<\/strong> <strong>\u00e0 partir de 2 v\u00e9los \u00e0 8 v\u00e9los<\/strong><br>* <strong>Une adresse partout dans le d\u00e9partement de la Mayenne (hors Laval) et dans le nord Maine et Loire : 135 \u20ac (hors Angers gare)<\/strong> <strong>\u00e0 partir de 2 v\u00e9los \u00e0 8 v\u00e9los<\/strong><\/p>\n\n\n\n<p>Locations de moins d&rsquo;une journ\u00e9e uniquement sur place ou facturation 1 jour minimum en livraison<\/p>\n\n\n\n<p class=\"has-white-color has-cool-to-warm-spectrum-gradient-background has-text-color has-background has-link-color wp-elements-8f1c3a1263cf50e9a42b0ecb583f3326\"><b> Nouveau<\/b> plus besoin de caution &#8230; juste une assurance \u00e0 valider dont le montant de 1.50 \u20ac par jour et par v\u00e9lo est incluse dans le prix de location.\n<\/p>\n\n\n\n<p>* Casque enfant &#8211; 12 ans inclus<\/p>\n\n\n<div class=\"easyloisirs_module\" data-hash=\"e07226e2967cbdf0e0f911180f7c6d0ce026c8ac\"><\/div>\n<div class=\"easyloisirs_module\" data-hash=\"28432cb5bb7d735f2709f1e38e88e9d120289fa7\"><\/div>\n\n\n<p><a href=\"http:\/\/canotika-tourisme.fr\/index.php\/en-video\/\">Regardez les vid\u00e9os pour bien se pr\u00e9parer<\/a><\/p>\n\n\n\n<p class=\"has-white-color has-cool-to-warm-spectrum-gradient-background has-text-color has-background has-link-color wp-elements-26644caa4a6e177943430f302a9f6aa0\">Nous assurons l&rsquo;entretien courant ainsi que les r\u00e9parations.<\/p>\n\n\n\n<p><\/p>\n","protected":false},"excerpt":{"rendered":"<p>Pour la location de v\u00e9los en Mayenne et sur la V\u00e9lo Francette Canotika vous accueille et vous permet \u00e0 partir de 9.50 \u20ac, de parcourir le chemin de halage et une grande partie de l&rsquo;itin\u00e9raire de la \u00ab\u00a0V\u00e9lo Francette\u00a0\u00bb. A Ch\u00e2teau-Gontier sur Mayenne et \u00e0 partir de Laval*, un parc de plus de 40 v\u00e9los &hellip; <\/p>\n<p class=\"link-more\"><a href=\"https:\/\/canotika-tourisme.fr\/index.php\/louer-des-velos-mayenne\/\" class=\"more-link\">Continuer la lecture<span class=\"screen-reader-text\"> de &laquo;&nbsp;Tarif de location de v\u00e9los avec Canotika Tourisme en Mayenne&nbsp;&raquo;<\/span><\/a><\/p>\n","protected":false},"author":1,"featured_media":0,"parent":0,"menu_order":0,"comment_status":"closed","ping_status":"closed","template":"","meta":{"footnotes":""},"class_list":["post-72","page","type-page","status-publish","hentry"],"yoast_head":"<!-- This site is optimized with the Yoast SEO plugin v27.3 - https:\/\/yoast.com\/product\/yoast-seo-wordpress\/ -->\n<title>location de v\u00e9los en Mayenne r\u00e9servez - canotika tourisme<\/title>\n<meta name=\"description\" content=\"Canotika propose la location de v\u00e9lo en Mayenne sur la V\u00e9lo Francette. Un parc de 40 v\u00e9los VTC VTT jeune v\u00e9lo enfant des remorques charettes v\u00e9lo \u00e9lectrique\" \/>\n<meta name=\"robots\" content=\"index, follow, max-snippet:-1, max-image-preview:large, max-video-preview:-1\" \/>\n<link rel=\"canonical\" href=\"https:\/\/canotika-tourisme.fr\/index.php\/louer-des-velos-mayenne\/\" \/>\n<meta property=\"og:locale\" content=\"fr_FR\" \/>\n<meta property=\"og:type\" content=\"article\" \/>\n<meta property=\"og:title\" content=\"location de v\u00e9los en Mayenne r\u00e9servez - canotika tourisme\" \/>\n<meta property=\"og:description\" content=\"Canotika propose la location de v\u00e9lo en Mayenne sur la V\u00e9lo Francette. Un parc de 40 v\u00e9los VTC VTT jeune v\u00e9lo enfant des remorques charettes v\u00e9lo \u00e9lectrique\" \/>\n<meta property=\"og:url\" content=\"https:\/\/canotika-tourisme.fr\/index.php\/louer-des-velos-mayenne\/\" \/>\n<meta property=\"og:site_name\" content=\"Canotika Tourisme Miniboat La Mayenne\" \/>\n<meta property=\"article:publisher\" content=\"https:\/\/www.facebook.com\/canotika\/\" \/>\n<meta property=\"article:modified_time\" content=\"2026-04-03T13:40:21+00:00\" \/>\n<meta name=\"twitter:card\" content=\"summary_large_image\" \/>\n<meta name=\"twitter:site\" content=\"@canotika\" \/>\n<meta name=\"twitter:label1\" content=\"Dur\u00e9e de lecture estim\u00e9e\" \/>\n\t<meta name=\"twitter:data1\" content=\"3 minutes\" \/>\n<script type=\"application\/ld+json\" class=\"yoast-schema-graph\">{\"@context\":\"https:\\\/\\\/schema.org\",\"@graph\":[{\"@type\":\"WebPage\",\"@id\":\"https:\\\/\\\/canotika-tourisme.fr\\\/index.php\\\/louer-des-velos-mayenne\\\/\",\"url\":\"https:\\\/\\\/canotika-tourisme.fr\\\/index.php\\\/louer-des-velos-mayenne\\\/\",\"name\":\"location de v\u00e9los en Mayenne r\u00e9servez - canotika tourisme\",\"isPartOf\":{\"@id\":\"http:\\\/\\\/canotika-tourisme.fr\\\/#website\"},\"datePublished\":\"2018-12-28T09:55:08+00:00\",\"dateModified\":\"2026-04-03T13:40:21+00:00\",\"description\":\"Canotika propose la location de v\u00e9lo en Mayenne sur la V\u00e9lo Francette. Un parc de 40 v\u00e9los VTC VTT jeune v\u00e9lo enfant des remorques charettes v\u00e9lo \u00e9lectrique\",\"breadcrumb\":{\"@id\":\"https:\\\/\\\/canotika-tourisme.fr\\\/index.php\\\/louer-des-velos-mayenne\\\/#breadcrumb\"},\"inLanguage\":\"fr-FR\",\"potentialAction\":[{\"@type\":\"ReadAction\",\"target\":[\"https:\\\/\\\/canotika-tourisme.fr\\\/index.php\\\/louer-des-velos-mayenne\\\/\"]}]},{\"@type\":\"BreadcrumbList\",\"@id\":\"https:\\\/\\\/canotika-tourisme.fr\\\/index.php\\\/louer-des-velos-mayenne\\\/#breadcrumb\",\"itemListElement\":[{\"@type\":\"ListItem\",\"position\":1,\"name\":\"Accueil\",\"item\":\"http:\\\/\\\/canotika-tourisme.fr\\\/\"},{\"@type\":\"ListItem\",\"position\":2,\"name\":\"Tarif de location de v\u00e9los avec Canotika Tourisme en Mayenne\"}]},{\"@type\":\"WebSite\",\"@id\":\"http:\\\/\\\/canotika-tourisme.fr\\\/#website\",\"url\":\"http:\\\/\\\/canotika-tourisme.fr\\\/\",\"name\":\"Canotika Tourisme Miniboat La Mayenne\",\"description\":\"Le plaisir de naviguer en Mayenne - Location  de v\u00e9los \u00e0 Ch\u00e2teau-Gontier, Laval et Mayenne\",\"publisher\":{\"@id\":\"http:\\\/\\\/canotika-tourisme.fr\\\/#organization\"},\"potentialAction\":[{\"@type\":\"SearchAction\",\"target\":{\"@type\":\"EntryPoint\",\"urlTemplate\":\"http:\\\/\\\/canotika-tourisme.fr\\\/?s={search_term_string}\"},\"query-input\":{\"@type\":\"PropertyValueSpecification\",\"valueRequired\":true,\"valueName\":\"search_term_string\"}}],\"inLanguage\":\"fr-FR\"},{\"@type\":\"Organization\",\"@id\":\"http:\\\/\\\/canotika-tourisme.fr\\\/#organization\",\"name\":\"Canotika Tourisme Miniboat La Mayenne\",\"url\":\"http:\\\/\\\/canotika-tourisme.fr\\\/\",\"logo\":{\"@type\":\"ImageObject\",\"inLanguage\":\"fr-FR\",\"@id\":\"http:\\\/\\\/canotika-tourisme.fr\\\/#\\\/schema\\\/logo\\\/image\\\/\",\"url\":\"https:\\\/\\\/canotika-tourisme.fr\\\/wp-content\\\/uploads\\\/2018\\\/12\\\/cropped-CNK-Logo-canotika-2014.jpg\",\"contentUrl\":\"https:\\\/\\\/canotika-tourisme.fr\\\/wp-content\\\/uploads\\\/2018\\\/12\\\/cropped-CNK-Logo-canotika-2014.jpg\",\"width\":299,\"height\":250,\"caption\":\"Canotika Tourisme  Miniboat La Mayenne\"},\"image\":{\"@id\":\"http:\\\/\\\/canotika-tourisme.fr\\\/#\\\/schema\\\/logo\\\/image\\\/\"},\"sameAs\":[\"https:\\\/\\\/www.facebook.com\\\/canotika\\\/\",\"https:\\\/\\\/x.com\\\/canotika\",\"http:\\\/\\\/@canotika\"]}]}<\/script>\n<!-- \/ Yoast SEO plugin. -->","yoast_head_json":{"title":"location de v\u00e9los en Mayenne r\u00e9servez - canotika tourisme","description":"Canotika propose la location de v\u00e9lo en Mayenne sur la V\u00e9lo Francette. Un parc de 40 v\u00e9los VTC VTT jeune v\u00e9lo enfant des remorques charettes v\u00e9lo \u00e9lectrique","robots":{"index":"index","follow":"follow","max-snippet":"max-snippet:-1","max-image-preview":"max-image-preview:large","max-video-preview":"max-video-preview:-1"},"canonical":"https:\/\/canotika-tourisme.fr\/index.php\/louer-des-velos-mayenne\/","og_locale":"fr_FR","og_type":"article","og_title":"location de v\u00e9los en Mayenne r\u00e9servez - canotika tourisme","og_description":"Canotika propose la location de v\u00e9lo en Mayenne sur la V\u00e9lo Francette. Un parc de 40 v\u00e9los VTC VTT jeune v\u00e9lo enfant des remorques charettes v\u00e9lo \u00e9lectrique","og_url":"https:\/\/canotika-tourisme.fr\/index.php\/louer-des-velos-mayenne\/","og_site_name":"Canotika Tourisme Miniboat La Mayenne","article_publisher":"https:\/\/www.facebook.com\/canotika\/","article_modified_time":"2026-04-03T13:40:21+00:00","twitter_card":"summary_large_image","twitter_site":"@canotika","twitter_misc":{"Dur\u00e9e de lecture estim\u00e9e":"3 minutes"},"schema":{"@context":"https:\/\/schema.org","@graph":[{"@type":"WebPage","@id":"https:\/\/canotika-tourisme.fr\/index.php\/louer-des-velos-mayenne\/","url":"https:\/\/canotika-tourisme.fr\/index.php\/louer-des-velos-mayenne\/","name":"location de v\u00e9los en Mayenne r\u00e9servez - canotika tourisme","isPartOf":{"@id":"http:\/\/canotika-tourisme.fr\/#website"},"datePublished":"2018-12-28T09:55:08+00:00","dateModified":"2026-04-03T13:40:21+00:00","description":"Canotika propose la location de v\u00e9lo en Mayenne sur la V\u00e9lo Francette. Un parc de 40 v\u00e9los VTC VTT jeune v\u00e9lo enfant des remorques charettes v\u00e9lo \u00e9lectrique","breadcrumb":{"@id":"https:\/\/canotika-tourisme.fr\/index.php\/louer-des-velos-mayenne\/#breadcrumb"},"inLanguage":"fr-FR","potentialAction":[{"@type":"ReadAction","target":["https:\/\/canotika-tourisme.fr\/index.php\/louer-des-velos-mayenne\/"]}]},{"@type":"BreadcrumbList","@id":"https:\/\/canotika-tourisme.fr\/index.php\/louer-des-velos-mayenne\/#breadcrumb","itemListElement":[{"@type":"ListItem","position":1,"name":"Accueil","item":"http:\/\/canotika-tourisme.fr\/"},{"@type":"ListItem","position":2,"name":"Tarif de location de v\u00e9los avec Canotika Tourisme en Mayenne"}]},{"@type":"WebSite","@id":"http:\/\/canotika-tourisme.fr\/#website","url":"http:\/\/canotika-tourisme.fr\/","name":"Canotika Tourisme Miniboat La Mayenne","description":"Le plaisir de naviguer en Mayenne - Location  de v\u00e9los \u00e0 Ch\u00e2teau-Gontier, Laval et Mayenne","publisher":{"@id":"http:\/\/canotika-tourisme.fr\/#organization"},"potentialAction":[{"@type":"SearchAction","target":{"@type":"EntryPoint","urlTemplate":"http:\/\/canotika-tourisme.fr\/?s={search_term_string}"},"query-input":{"@type":"PropertyValueSpecification","valueRequired":true,"valueName":"search_term_string"}}],"inLanguage":"fr-FR"},{"@type":"Organization","@id":"http:\/\/canotika-tourisme.fr\/#organization","name":"Canotika Tourisme Miniboat La Mayenne","url":"http:\/\/canotika-tourisme.fr\/","logo":{"@type":"ImageObject","inLanguage":"fr-FR","@id":"http:\/\/canotika-tourisme.fr\/#\/schema\/logo\/image\/","url":"https:\/\/canotika-tourisme.fr\/wp-content\/uploads\/2018\/12\/cropped-CNK-Logo-canotika-2014.jpg","contentUrl":"https:\/\/canotika-tourisme.fr\/wp-content\/uploads\/2018\/12\/cropped-CNK-Logo-canotika-2014.jpg","width":299,"height":250,"caption":"Canotika Tourisme  Miniboat La Mayenne"},"image":{"@id":"http:\/\/canotika-tourisme.fr\/#\/schema\/logo\/image\/"},"sameAs":["https:\/\/www.facebook.com\/canotika\/","https:\/\/x.com\/canotika","http:\/\/@canotika"]}]}},"_links":{"self":[{"href":"https:\/\/canotika-tourisme.fr\/index.php\/wp-json\/wp\/v2\/pages\/72","targetHints":{"allow":["GET"]}}],"collection":[{"href":"https:\/\/canotika-tourisme.fr\/index.php\/wp-json\/wp\/v2\/pages"}],"about":[{"href":"https:\/\/canotika-tourisme.fr\/index.php\/wp-json\/wp\/v2\/types\/page"}],"author":[{"embeddable":true,"href":"https:\/\/canotika-tourisme.fr\/index.php\/wp-json\/wp\/v2\/users\/1"}],"replies":[{"embeddable":true,"href":"https:\/\/canotika-tourisme.fr\/index.php\/wp-json\/wp\/v2\/comments?post=72"}],"version-history":[{"count":185,"href":"https:\/\/canotika-tourisme.fr\/index.php\/wp-json\/wp\/v2\/pages\/72\/revisions"}],"predecessor-version":[{"id":997,"href":"https:\/\/canotika-tourisme.fr\/index.php\/wp-json\/wp\/v2\/pages\/72\/revisions\/997"}],"wp:attachment":[{"href":"https:\/\/canotika-tourisme.fr\/index.php\/wp-json\/wp\/v2\/media?parent=72"}],"curies":[{"name":"wp","href":"https:\/\/api.w.org\/{rel}","templated":true}]}}