{"id":63,"date":"2021-04-21T16:39:00","date_gmt":"2021-04-21T14:39:00","guid":{"rendered":"http:\/\/canotika-tourisme.fr\/?page_id=63"},"modified":"2026-03-12T17:03:03","modified_gmt":"2026-03-12T16:03:03","slug":"location-bateaux-a-pedaliers","status":"publish","type":"page","link":"https:\/\/canotika-tourisme.fr\/index.php\/location-bateaux-a-pedaliers\/","title":{"rendered":"Avec Canotika vous allez p\u00e9daler et dormir sur l&rsquo;eau"},"content":{"rendered":"<p>Vous souhaitez naviguer en toute s\u00e9r\u00e9nit\u00e9 sans bruit \u00e0 votre propre rythme\u00a0 et de fa\u00e7on \u00e9cologique. Canotika d\u00e9veloppe un type d&#8217;embarcation tr\u00e8s particulier : des bateaux \u00e0 p\u00e9daliers avec couchettes.<\/p>\n<p>Ils sont uniques en France \u00e0 la location. Nous utilisons le syst\u00e8me de p\u00e9dalier amovibles qui ont fait leur preuve sur les kayaks de p\u00eache \u00e0 la ligne.<\/p>\n<p>C&rsquo;est facile et ludique, tout le monde peut faire avancer le bateau. Vous pouvez m\u00eame dormir dedans le temps d&rsquo;une ou de plusieurs nuits.<\/p>\n<p>Location \u00e0 partir du d\u00e9but avril, d\u00e8s les premiers beaux jours en fonction de la m\u00e9t\u00e9o et de la hauteur d&rsquo;eau de la rivi\u00e8re.<\/p>\n<p>Accessible \u00e0 partir de 13 \u20ac, le bateau \u00e0 p\u00e9dalier, est un loisir ouvert \u00e0 tous, grands matelots ou petits mousses.<\/p>\n<p>Pour les sportifs mais aussi les fl\u00e2neurs, Canotika propose \u00e0 la location le v\u00e9ritable v\u00e9lo des mers : le SEACYCLE<\/p>\n<p><iframe loading=\"lazy\" title=\"Bateaux \u00e0 p\u00e9daliers de Canotika\" width=\"525\" height=\"295\" src=\"https:\/\/www.youtube.com\/embed\/KuaSfmPYvkE?feature=oembed\" frameborder=\"0\" allow=\"accelerometer; autoplay; clipboard-write; encrypted-media; gyroscope; picture-in-picture; web-share\" referrerpolicy=\"strict-origin-when-cross-origin\" allowfullscreen><\/iframe><\/p>\n<p>R\u00e9servez votre balade \u00e0 bord de nos anciens voiliers reconvertis en bateaux \u00e0 p\u00e9daliers (2 p\u00e9daliers par bateaux).<\/p>\n<p><b>Le Blue-Note<\/b>, bateau \u00e0 p\u00e9daliers accueille jusqu&rsquo;\u00e0 6 personnes adultes \u00e0 bord en balade et 4 en couchage dans sa cabine.<br \/>\n<b>L&rsquo;Appollo Theater<\/b>, bateau \u00e0 p\u00e9daliers accueille lui jusqu&rsquo;\u00e0 4 personnesadultes en balade et 2 en couchage dans sa cabine.<\/p>\n<p>Le Jazz, le Blue-Note et l&rsquo;Apollo Theater passent les \u00e9cluses sans probl\u00e8me, ainsi vous pouvez faire un bon bout de chemin sur la rivi\u00e8re la Mayenne.<\/p>\n<h1>R\u00e9servez d\u00e8s maintenant le bateau \u00e0 p\u00e9daliers de votre choix jusqu&rsquo;\u00e0 6 personnes ou 4 personnes en couchage par bateau<\/h1>\n<div class=\"easyloisirs_module\" data-hash=\"37e6122a5fb324d312fb05e2da396ef242222811\"><\/div>\n<h1>Tarifs 2026<\/h1>\n<table border=\"1\">\n<tbody>\n<tr>\n<td style=\"background: #F9F6A4;\">Type d&#8217;embarcation<\/td>\n<td style=\"background: #F9F6A4;\">Essai 1\/2 heure<\/td>\n<td style=\"background: #F9F6A4;\">1 heure<\/td>\n<td style=\"background: #F9F6A4;\">2 heures<\/td>\n<td style=\"background: #F9F6A4;\">1\/2 journ\u00e9e<\/td>\n<td style=\"background: #F9F6A4;\">Journ\u00e9e<\/td>\n<td style=\"background: #F9F6A4;\">24 heures<\/td>\n<td style=\"background: #F9F6A4;\">Week-end<br \/>\n48 heures<\/td>\n<td style=\"background: #F9F6A4;\">Nuit\u00e9e<br \/>\npar pers.*<\/td>\n<\/tr>\n<tr>\n<td style=\"background: #F6D0C4;\">Jazz<br \/>\n2 places<\/td>\n<td style=\"background: #EDFAFD;\">13 \u20ac<\/td>\n<td style=\"background: #EDFAFD;\">20 \u20ac<\/td>\n<td style=\"background: #EDFAFD;\">32 \u20ac<\/td>\n<td style=\"background: #EDFAFD;\">44 \u20ac<\/td>\n<td style=\"background: #EDFAFD;\">64 \u20ac<\/td>\n<td style=\"background: #EDFAFD;\">&#8212;<\/td>\n<td style=\"background: #EDFAFD;\">&#8212;<\/td>\n<td style=\"background: #EDFAFD;\">&#8212;<\/td>\n<\/tr>\n<tr>\n<td style=\"background: #F6D0C4;\">Apollo Theater<br \/>\n2 \/4 places<br \/>\ncabine couchettes 2\/3 places<\/td>\n<td style=\"background: #EDFAFD;\">13 \u20ac<\/td>\n<td style=\"background: #EDFAFD;\">20 \u20ac<\/td>\n<td style=\"background: #EDFAFD;\">29 \u20ac<\/td>\n<td style=\"background: #EDFAFD;\">49 \u20ac<\/td>\n<td style=\"background: #EDFAFD;\">79 \u20ac<\/td>\n<td style=\"background: #EDFAFD;\">119 \u20ac<\/td>\n<td style=\"background: #EDFAFD;\">179 \u20ac<\/td>\n<td style=\"background: #EDFAFD;\">18 \u20ac<\/td>\n<\/tr>\n<tr>\n<td style=\"background: #F6D0C4;\">Blue-Note<br \/>\n2\/6 places<br \/>\ncabine couchette 2\/4 places<\/td>\n<td style=\"background: #EDFAFD;\">20 \u20ac<\/td>\n<td style=\"background: #EDFAFD;\">28 \u20ac<\/td>\n<td style=\"background: #EDFAFD;\">38 \u20ac<\/td>\n<td style=\"background: #EDFAFD;\">59 \u20ac<\/td>\n<td style=\"background: #EDFAFD;\">89 \u20ac<\/td>\n<td style=\"background: #EDFAFD;\">149 \u20ac<\/td>\n<td style=\"background: #EDFAFD;\">199 \u20ac<\/td>\n<td style=\"background: #EDFAFD;\">18 \u20ac<\/td>\n<\/tr>\n<\/tbody>\n<\/table>\n<p>* Hors balade, nuit\u00e9e au ponton par personne avec inclus petit d\u00e9jeuner et acc\u00e8s aux sanitaires de la capitainerie.<br \/>\nAvec balade voir tarif 1\/2 h, 1 heure ou plus en suppl\u00e9ment.<\/p>\n<h1><strong>Jazz &#8211; 2 places adultes<br \/>\n<\/strong><\/h1>\n<blockquote><p>Le Jazz est un super \u00ab\u00a0p\u00e9dalo\u00a0\u00bb ultra rapide, ses deux p\u00e9daliers \u00ab\u00a0Sea-Cycle\u00a0\u00bb le propulsent \u00e0 6 ou 8 km\/h avec des pointes \u00e0 12 km\/h pour les plus costaux !<\/p>\n<p>Id\u00e9al pour une courte balade et la p\u00eache sur la rivi\u00e8re \u00e0 deux. il permet d&#8217;emporter le mat\u00e9riel de camping et de p\u00eache.<\/p>\n<figure id=\"attachment_2156\" aria-describedby=\"caption-attachment-2156\" style=\"width: 300px\" class=\"wp-caption aligncenter\"><img loading=\"lazy\" decoding=\"async\" class=\"size-medium wp-image-2156\" src=\"http:\/\/www.pagayons.fr\/canotika\/wp-content\/uploads\/2017\/12\/DSC_0797-300x200.jpg\" alt=\"Le Jazz, bateau \u00e0 p\u00e9daliers de Canotika\" width=\"300\" height=\"200\" \/><figcaption id=\"caption-attachment-2156\" class=\"wp-caption-text\">Bateau \u00e0 p\u00e9dalier, le Jazz de Canotika<\/figcaption><\/figure><\/blockquote>\n<h1><strong>Apollo Theater &#8211; jusqu&rsquo;\u00e0 4 personnes adultes <\/strong><\/h1>\n<blockquote><p>L&rsquo;Apollo Theater est un ancien voilier l\u00e9ger qui convient \u00e0 la balade en famille et pour la p\u00eache en rivi\u00e8re.<\/p>\n<p>Rapide et maniable \u00e0 souhait, c&rsquo;est le bateau de la d\u00e9tente sportive. Pour une sortie de 24 heures, sa couchette permet \u00e0 deux adultes de dormir en pleine nature confortablement.<br \/>\nIl est \u00e9quip\u00e9 d&rsquo;un r\u00e9chaud et d&rsquo;un pont solarium.<\/p>\n<figure id=\"attachment_2158\" aria-describedby=\"caption-attachment-2158\" style=\"width: 300px\" class=\"wp-caption aligncenter\"><img loading=\"lazy\" decoding=\"async\" class=\"size-medium wp-image-2158\" src=\"http:\/\/www.pagayons.fr\/canotika\/wp-content\/uploads\/2017\/12\/DSC_1724-300x199.jpg\" alt=\"L'apollo Theater bateau \u00e0 p\u00e9daliers\" width=\"300\" height=\"199\" \/><figcaption id=\"caption-attachment-2158\" class=\"wp-caption-text\">L&rsquo;Apollo Theater, le bateau \u00e0 p\u00e9daliers de Canotika<\/figcaption><\/figure><\/blockquote>\n<div class=\"easyloisirs_module\" data-hash=\"a3fa6db8ea03a6e64d295c38cdc562721f5cda86\"><\/div>\n<h1><strong>Blue Note &#8211; jusqu&rsquo;\u00e0 6 personnes adultes !<\/strong><\/h1>\n<blockquote><p>Le Blue-Note est un bon moyen de d\u00e9couvrir la rivi\u00e8re et la navigation en famille.<\/p>\n<p>Sa cabine avec sa table pivotante et son r\u00e9chaud permet de partir pour 24 heures ou pour un week-end \u00e0 2 ou 4 personnes.<\/p>\n<figure id=\"attachment_2160\" aria-describedby=\"caption-attachment-2160\" style=\"width: 300px\" class=\"wp-caption aligncenter\"><img loading=\"lazy\" decoding=\"async\" class=\"size-medium wp-image-2160\" src=\"http:\/\/www.pagayons.fr\/canotika\/wp-content\/uploads\/2017\/12\/140623-blue-note-photos-test-diana-8-300x199.jpg\" alt=\"bateau )\u00e0 p\u00e9daliers de Canotika avec couchettes le Blue-Note\" width=\"300\" height=\"199\" \/><figcaption id=\"caption-attachment-2160\" class=\"wp-caption-text\">Le Blue-Note bateau \u00e0 p\u00e9daliers de Canotika 4 \u00e0 6 places avec couchettes<\/figcaption><\/figure><\/blockquote>\n<div class=\"easyloisirs_module\" data-hash=\"d9620e62ece7b407cfbf2cfba2eb11a6c07abeda\"><\/div>\n<h1>Le passage d&rsquo;une \u00e9cluse avec les bateaux \u00e0 p\u00e9daliers<\/h1>\n<p><iframe loading=\"lazy\" title=\"Bateau \u00e0 p\u00e9daliers Apollo Theater passage ecluse \u00e0 deux passagers\" width=\"525\" height=\"295\" src=\"https:\/\/www.youtube.com\/embed\/D5oTSw_03F8?feature=oembed\" frameborder=\"0\" allow=\"accelerometer; autoplay; clipboard-write; encrypted-media; gyroscope; picture-in-picture; web-share\" referrerpolicy=\"strict-origin-when-cross-origin\" allowfullscreen><\/iframe><\/p>\n<h1>Reportage WebTVTourisme sur le bateau \u00e0 p\u00e9daliers<\/h1>\n<div style=\"width: 525px;\" class=\"wp-video\"><video class=\"wp-video-shortcode\" id=\"video-63-1\" width=\"525\" height=\"295\" preload=\"metadata\" controls=\"controls\"><source type=\"video\/mp4\" src=\"http:\/\/www.pagayons.fr\/canotika\/wp-content\/uploads\/2018\/01\/La-v\u00e9lofrancette-Home-Page-sur-WebTvTourisme3.mp4?_=1\" \/><a href=\"http:\/\/www.pagayons.fr\/canotika\/wp-content\/uploads\/2018\/01\/La-v\u00e9lofrancette-Home-Page-sur-WebTvTourisme3.mp4\">http:\/\/www.pagayons.fr\/canotika\/wp-content\/uploads\/2018\/01\/La-v\u00e9lofrancette-Home-Page-sur-WebTvTourisme3.mp4<\/a><\/video><\/div>\n<h1>Reportage France 3<\/h1>\n<p><iframe loading=\"lazy\" title=\"Le bateau \u00e0 p\u00e9daliers (p\u00e9dales) de Canotika sur France 3 PDL\" width=\"525\" height=\"295\" src=\"https:\/\/www.youtube.com\/embed\/Ye5rZ7GOdsE?feature=oembed\" frameborder=\"0\" allow=\"accelerometer; autoplay; clipboard-write; encrypted-media; gyroscope; picture-in-picture; web-share\" referrerpolicy=\"strict-origin-when-cross-origin\" allowfullscreen><\/iframe><\/p>\n","protected":false},"excerpt":{"rendered":"<p>Vous souhaitez naviguer en toute s\u00e9r\u00e9nit\u00e9 sans bruit \u00e0 votre propre rythme\u00a0 et de fa\u00e7on \u00e9cologique. Canotika d\u00e9veloppe un type d&#8217;embarcation tr\u00e8s particulier : des bateaux \u00e0 p\u00e9daliers avec couchettes. Ils sont uniques en France \u00e0 la location. Nous utilisons le syst\u00e8me de p\u00e9dalier amovibles qui ont fait leur preuve sur les kayaks de p\u00eache &hellip; <\/p>\n<p class=\"link-more\"><a href=\"https:\/\/canotika-tourisme.fr\/index.php\/location-bateaux-a-pedaliers\/\" class=\"more-link\">Continuer la lecture<span class=\"screen-reader-text\"> de &laquo;&nbsp;Avec Canotika vous allez p\u00e9daler et dormir sur l&rsquo;eau&nbsp;&raquo;<\/span><\/a><\/p>\n","protected":false},"author":1,"featured_media":0,"parent":0,"menu_order":0,"comment_status":"closed","ping_status":"closed","template":"","meta":{"footnotes":""},"class_list":["post-63","page","type-page","status-publish","hentry"],"yoast_head":"<!-- This site is optimized with the Yoast SEO plugin v27.3 - https:\/\/yoast.com\/product\/yoast-seo-wordpress\/ -->\n<title>Avec Canotika vous allez p\u00e9daler et dormir sur l&#039;eau - Canotika Tourisme Miniboat La Mayenne<\/title>\n<meta name=\"description\" content=\"Unique en France \u00e0 la location les petits bateaux \u00e0 p\u00e9daliers Canotika pour p\u00e9daler sur l&#039;eau avec cabine pour y coucher. Nos bateaux \u00e0 p\u00e9dales sont bien diff\u00e9rents des p\u00e9dalos.\" \/>\n<meta name=\"robots\" content=\"index, follow, max-snippet:-1, max-image-preview:large, max-video-preview:-1\" \/>\n<link rel=\"canonical\" href=\"https:\/\/canotika-tourisme.fr\/index.php\/location-bateaux-a-pedaliers\/\" \/>\n<meta property=\"og:locale\" content=\"fr_FR\" \/>\n<meta property=\"og:type\" content=\"article\" \/>\n<meta property=\"og:title\" content=\"Avec Canotika vous allez p\u00e9daler et dormir sur l&#039;eau - Canotika Tourisme Miniboat La Mayenne\" \/>\n<meta property=\"og:description\" content=\"Unique en France \u00e0 la location les petits bateaux \u00e0 p\u00e9daliers Canotika pour p\u00e9daler sur l&#039;eau avec cabine pour y coucher. Nos bateaux \u00e0 p\u00e9dales sont bien diff\u00e9rents des p\u00e9dalos.\" \/>\n<meta property=\"og:url\" content=\"https:\/\/canotika-tourisme.fr\/index.php\/location-bateaux-a-pedaliers\/\" \/>\n<meta property=\"og:site_name\" content=\"Canotika Tourisme Miniboat La Mayenne\" \/>\n<meta property=\"article:publisher\" content=\"https:\/\/www.facebook.com\/canotika\/\" \/>\n<meta property=\"article:modified_time\" content=\"2026-03-12T16:03:03+00:00\" \/>\n<meta name=\"twitter:card\" content=\"summary_large_image\" \/>\n<meta name=\"twitter:site\" content=\"@canotika\" \/>\n<meta name=\"twitter:label1\" content=\"Dur\u00e9e de lecture estim\u00e9e\" \/>\n\t<meta name=\"twitter:data1\" content=\"3 minutes\" \/>\n<script type=\"application\/ld+json\" class=\"yoast-schema-graph\">{\"@context\":\"https:\\\/\\\/schema.org\",\"@graph\":[{\"@type\":\"WebPage\",\"@id\":\"https:\\\/\\\/canotika-tourisme.fr\\\/index.php\\\/location-bateaux-a-pedaliers\\\/\",\"url\":\"https:\\\/\\\/canotika-tourisme.fr\\\/index.php\\\/location-bateaux-a-pedaliers\\\/\",\"name\":\"Avec Canotika vous allez p\u00e9daler et dormir sur l'eau - Canotika Tourisme Miniboat La Mayenne\",\"isPartOf\":{\"@id\":\"http:\\\/\\\/canotika-tourisme.fr\\\/#website\"},\"primaryImageOfPage\":{\"@id\":\"https:\\\/\\\/canotika-tourisme.fr\\\/index.php\\\/location-bateaux-a-pedaliers\\\/#primaryimage\"},\"image\":{\"@id\":\"https:\\\/\\\/canotika-tourisme.fr\\\/index.php\\\/location-bateaux-a-pedaliers\\\/#primaryimage\"},\"thumbnailUrl\":\"http:\\\/\\\/www.pagayons.fr\\\/canotika\\\/wp-content\\\/uploads\\\/2017\\\/12\\\/DSC_0797-300x200.jpg\",\"datePublished\":\"2021-04-21T14:39:00+00:00\",\"dateModified\":\"2026-03-12T16:03:03+00:00\",\"description\":\"Unique en France \u00e0 la location les petits bateaux \u00e0 p\u00e9daliers Canotika pour p\u00e9daler sur l'eau avec cabine pour y coucher. Nos bateaux \u00e0 p\u00e9dales sont bien diff\u00e9rents des p\u00e9dalos.\",\"breadcrumb\":{\"@id\":\"https:\\\/\\\/canotika-tourisme.fr\\\/index.php\\\/location-bateaux-a-pedaliers\\\/#breadcrumb\"},\"inLanguage\":\"fr-FR\",\"potentialAction\":[{\"@type\":\"ReadAction\",\"target\":[\"https:\\\/\\\/canotika-tourisme.fr\\\/index.php\\\/location-bateaux-a-pedaliers\\\/\"]}]},{\"@type\":\"ImageObject\",\"inLanguage\":\"fr-FR\",\"@id\":\"https:\\\/\\\/canotika-tourisme.fr\\\/index.php\\\/location-bateaux-a-pedaliers\\\/#primaryimage\",\"url\":\"http:\\\/\\\/www.pagayons.fr\\\/canotika\\\/wp-content\\\/uploads\\\/2017\\\/12\\\/DSC_0797-300x200.jpg\",\"contentUrl\":\"http:\\\/\\\/www.pagayons.fr\\\/canotika\\\/wp-content\\\/uploads\\\/2017\\\/12\\\/DSC_0797-300x200.jpg\"},{\"@type\":\"BreadcrumbList\",\"@id\":\"https:\\\/\\\/canotika-tourisme.fr\\\/index.php\\\/location-bateaux-a-pedaliers\\\/#breadcrumb\",\"itemListElement\":[{\"@type\":\"ListItem\",\"position\":1,\"name\":\"Accueil\",\"item\":\"http:\\\/\\\/canotika-tourisme.fr\\\/\"},{\"@type\":\"ListItem\",\"position\":2,\"name\":\"Avec Canotika vous allez p\u00e9daler et dormir sur l&rsquo;eau\"}]},{\"@type\":\"WebSite\",\"@id\":\"http:\\\/\\\/canotika-tourisme.fr\\\/#website\",\"url\":\"http:\\\/\\\/canotika-tourisme.fr\\\/\",\"name\":\"Canotika Tourisme Miniboat La Mayenne\",\"description\":\"Le plaisir de naviguer en Mayenne - Location  de v\u00e9los \u00e0 Ch\u00e2teau-Gontier, Laval et Mayenne\",\"publisher\":{\"@id\":\"http:\\\/\\\/canotika-tourisme.fr\\\/#organization\"},\"potentialAction\":[{\"@type\":\"SearchAction\",\"target\":{\"@type\":\"EntryPoint\",\"urlTemplate\":\"http:\\\/\\\/canotika-tourisme.fr\\\/?s={search_term_string}\"},\"query-input\":{\"@type\":\"PropertyValueSpecification\",\"valueRequired\":true,\"valueName\":\"search_term_string\"}}],\"inLanguage\":\"fr-FR\"},{\"@type\":\"Organization\",\"@id\":\"http:\\\/\\\/canotika-tourisme.fr\\\/#organization\",\"name\":\"Canotika Tourisme Miniboat La Mayenne\",\"url\":\"http:\\\/\\\/canotika-tourisme.fr\\\/\",\"logo\":{\"@type\":\"ImageObject\",\"inLanguage\":\"fr-FR\",\"@id\":\"http:\\\/\\\/canotika-tourisme.fr\\\/#\\\/schema\\\/logo\\\/image\\\/\",\"url\":\"https:\\\/\\\/canotika-tourisme.fr\\\/wp-content\\\/uploads\\\/2018\\\/12\\\/cropped-CNK-Logo-canotika-2014.jpg\",\"contentUrl\":\"https:\\\/\\\/canotika-tourisme.fr\\\/wp-content\\\/uploads\\\/2018\\\/12\\\/cropped-CNK-Logo-canotika-2014.jpg\",\"width\":299,\"height\":250,\"caption\":\"Canotika Tourisme  Miniboat La Mayenne\"},\"image\":{\"@id\":\"http:\\\/\\\/canotika-tourisme.fr\\\/#\\\/schema\\\/logo\\\/image\\\/\"},\"sameAs\":[\"https:\\\/\\\/www.facebook.com\\\/canotika\\\/\",\"https:\\\/\\\/x.com\\\/canotika\",\"http:\\\/\\\/@canotika\"]}]}<\/script>\n<!-- \/ Yoast SEO plugin. -->","yoast_head_json":{"title":"Avec Canotika vous allez p\u00e9daler et dormir sur l'eau - Canotika Tourisme Miniboat La Mayenne","description":"Unique en France \u00e0 la location les petits bateaux \u00e0 p\u00e9daliers Canotika pour p\u00e9daler sur l'eau avec cabine pour y coucher. Nos bateaux \u00e0 p\u00e9dales sont bien diff\u00e9rents des p\u00e9dalos.","robots":{"index":"index","follow":"follow","max-snippet":"max-snippet:-1","max-image-preview":"max-image-preview:large","max-video-preview":"max-video-preview:-1"},"canonical":"https:\/\/canotika-tourisme.fr\/index.php\/location-bateaux-a-pedaliers\/","og_locale":"fr_FR","og_type":"article","og_title":"Avec Canotika vous allez p\u00e9daler et dormir sur l'eau - Canotika Tourisme Miniboat La Mayenne","og_description":"Unique en France \u00e0 la location les petits bateaux \u00e0 p\u00e9daliers Canotika pour p\u00e9daler sur l'eau avec cabine pour y coucher. Nos bateaux \u00e0 p\u00e9dales sont bien diff\u00e9rents des p\u00e9dalos.","og_url":"https:\/\/canotika-tourisme.fr\/index.php\/location-bateaux-a-pedaliers\/","og_site_name":"Canotika Tourisme Miniboat La Mayenne","article_publisher":"https:\/\/www.facebook.com\/canotika\/","article_modified_time":"2026-03-12T16:03:03+00:00","twitter_card":"summary_large_image","twitter_site":"@canotika","twitter_misc":{"Dur\u00e9e de lecture estim\u00e9e":"3 minutes"},"schema":{"@context":"https:\/\/schema.org","@graph":[{"@type":"WebPage","@id":"https:\/\/canotika-tourisme.fr\/index.php\/location-bateaux-a-pedaliers\/","url":"https:\/\/canotika-tourisme.fr\/index.php\/location-bateaux-a-pedaliers\/","name":"Avec Canotika vous allez p\u00e9daler et dormir sur l'eau - Canotika Tourisme Miniboat La Mayenne","isPartOf":{"@id":"http:\/\/canotika-tourisme.fr\/#website"},"primaryImageOfPage":{"@id":"https:\/\/canotika-tourisme.fr\/index.php\/location-bateaux-a-pedaliers\/#primaryimage"},"image":{"@id":"https:\/\/canotika-tourisme.fr\/index.php\/location-bateaux-a-pedaliers\/#primaryimage"},"thumbnailUrl":"http:\/\/www.pagayons.fr\/canotika\/wp-content\/uploads\/2017\/12\/DSC_0797-300x200.jpg","datePublished":"2021-04-21T14:39:00+00:00","dateModified":"2026-03-12T16:03:03+00:00","description":"Unique en France \u00e0 la location les petits bateaux \u00e0 p\u00e9daliers Canotika pour p\u00e9daler sur l'eau avec cabine pour y coucher. Nos bateaux \u00e0 p\u00e9dales sont bien diff\u00e9rents des p\u00e9dalos.","breadcrumb":{"@id":"https:\/\/canotika-tourisme.fr\/index.php\/location-bateaux-a-pedaliers\/#breadcrumb"},"inLanguage":"fr-FR","potentialAction":[{"@type":"ReadAction","target":["https:\/\/canotika-tourisme.fr\/index.php\/location-bateaux-a-pedaliers\/"]}]},{"@type":"ImageObject","inLanguage":"fr-FR","@id":"https:\/\/canotika-tourisme.fr\/index.php\/location-bateaux-a-pedaliers\/#primaryimage","url":"http:\/\/www.pagayons.fr\/canotika\/wp-content\/uploads\/2017\/12\/DSC_0797-300x200.jpg","contentUrl":"http:\/\/www.pagayons.fr\/canotika\/wp-content\/uploads\/2017\/12\/DSC_0797-300x200.jpg"},{"@type":"BreadcrumbList","@id":"https:\/\/canotika-tourisme.fr\/index.php\/location-bateaux-a-pedaliers\/#breadcrumb","itemListElement":[{"@type":"ListItem","position":1,"name":"Accueil","item":"http:\/\/canotika-tourisme.fr\/"},{"@type":"ListItem","position":2,"name":"Avec Canotika vous allez p\u00e9daler et dormir sur l&rsquo;eau"}]},{"@type":"WebSite","@id":"http:\/\/canotika-tourisme.fr\/#website","url":"http:\/\/canotika-tourisme.fr\/","name":"Canotika Tourisme Miniboat La Mayenne","description":"Le plaisir de naviguer en Mayenne - Location  de v\u00e9los \u00e0 Ch\u00e2teau-Gontier, Laval et Mayenne","publisher":{"@id":"http:\/\/canotika-tourisme.fr\/#organization"},"potentialAction":[{"@type":"SearchAction","target":{"@type":"EntryPoint","urlTemplate":"http:\/\/canotika-tourisme.fr\/?s={search_term_string}"},"query-input":{"@type":"PropertyValueSpecification","valueRequired":true,"valueName":"search_term_string"}}],"inLanguage":"fr-FR"},{"@type":"Organization","@id":"http:\/\/canotika-tourisme.fr\/#organization","name":"Canotika Tourisme Miniboat La Mayenne","url":"http:\/\/canotika-tourisme.fr\/","logo":{"@type":"ImageObject","inLanguage":"fr-FR","@id":"http:\/\/canotika-tourisme.fr\/#\/schema\/logo\/image\/","url":"https:\/\/canotika-tourisme.fr\/wp-content\/uploads\/2018\/12\/cropped-CNK-Logo-canotika-2014.jpg","contentUrl":"https:\/\/canotika-tourisme.fr\/wp-content\/uploads\/2018\/12\/cropped-CNK-Logo-canotika-2014.jpg","width":299,"height":250,"caption":"Canotika Tourisme  Miniboat La Mayenne"},"image":{"@id":"http:\/\/canotika-tourisme.fr\/#\/schema\/logo\/image\/"},"sameAs":["https:\/\/www.facebook.com\/canotika\/","https:\/\/x.com\/canotika","http:\/\/@canotika"]}]}},"_links":{"self":[{"href":"https:\/\/canotika-tourisme.fr\/index.php\/wp-json\/wp\/v2\/pages\/63","targetHints":{"allow":["GET"]}}],"collection":[{"href":"https:\/\/canotika-tourisme.fr\/index.php\/wp-json\/wp\/v2\/pages"}],"about":[{"href":"https:\/\/canotika-tourisme.fr\/index.php\/wp-json\/wp\/v2\/types\/page"}],"author":[{"embeddable":true,"href":"https:\/\/canotika-tourisme.fr\/index.php\/wp-json\/wp\/v2\/users\/1"}],"replies":[{"embeddable":true,"href":"https:\/\/canotika-tourisme.fr\/index.php\/wp-json\/wp\/v2\/comments?post=63"}],"version-history":[{"count":31,"href":"https:\/\/canotika-tourisme.fr\/index.php\/wp-json\/wp\/v2\/pages\/63\/revisions"}],"predecessor-version":[{"id":979,"href":"https:\/\/canotika-tourisme.fr\/index.php\/wp-json\/wp\/v2\/pages\/63\/revisions\/979"}],"wp:attachment":[{"href":"https:\/\/canotika-tourisme.fr\/index.php\/wp-json\/wp\/v2\/media?parent=63"}],"curies":[{"name":"wp","href":"https:\/\/api.w.org\/{rel}","templated":true}]}}