{"id":466,"date":"2023-12-13T09:33:43","date_gmt":"2023-12-13T08:33:43","guid":{"rendered":"https:\/\/canotika-tourisme.fr\/?page_id=466"},"modified":"2025-03-19T22:29:13","modified_gmt":"2025-03-19T21:29:13","slug":"miniboats-la-mayenne","status":"publish","type":"page","link":"https:\/\/canotika-tourisme.fr\/index.php\/miniboats-la-mayenne\/","title":{"rendered":"Le plaisir de glisser sur l&rsquo;eau avec les Miniboats La Mayenne"},"content":{"rendered":"<p>Un amour de Miniboat pour se dandyner sur la rivi\u00e8re et go\u00fbter aux plaisirs de la Dolce Vita \u00e0 la fran\u00e7aise sur la rivi\u00e8re la Mayenne.<\/p>\n\n\n<h2 class=\"wp-block-heading\"><strong>L\u2019agilit\u00e9 d\u2019un cano\u00eb, kayak, paddle<br>la stabilit\u00e9 en plus<br>et les efforts en moins !<\/strong><\/h2>\n\n\n<p>Le Miniboat attire sur l\u2019eau un public plus large, \u00e0 la recherche de confort, moins sportif et parfois r\u00e9ticent \u00e0 l\u2019effort. Lors&nbsp; d\u2019une balade en flottille, il lisse le niveau du groupe et permet \u00e0 tous de naviguer ensemble au m\u00eame rythme quel que soit l\u2019\u00e2ge ou les aptitudes physiques.<\/p>\n<p><!-- \/wp:post-content --><\/p>\n<p>Fabriqu\u00e9s en Mayenne, les Miniboats sont \u00e9l\u00e9gants et ils attirent les regards. Le concept du monoplace permet de se sentir libre sur l&rsquo;eau tout en \u00e9voluant \u00e0 plusieurs sur la rivi\u00e8re. Ils sont faciles \u00e0 diriger, agiles et rapides. Un enfant le prend vite en main et un adulte trouve le plaisir de glisser sur l&rsquo;eau.<\/p>\n<p><!-- \/wp:paragraph --><\/p>\n<p><strong>Vous pouvez naviguer avec les Miniboats La Mayenne \u00e0 Canotika pendant un quart d&rsquo;heure \u00e0 partir de  8 \u20ac pour un bateau et pour 13 \u20ac pour deux \u00e0 quatre bateaux. Nous disposons d&rsquo;une flottille 4 Miniboats. <\/strong><\/p>\n<p><!-- wp:paragraph --><\/p>\n<p><strong>Top 2025  : La balade accompagn\u00e9e et comment\u00e9e d&rsquo;1heure \u00e0 1 heure 30.<\/strong><\/p>\n<p><!-- \/wp:paragraph --><\/p>\n<div class=\"easyloisirs_module\" data-hash=\"dd18769e695bab4dcf0d972653bebde05ffc8d9b\"><\/div>\n<p><!-- wp:paragraph --><\/p>\n\n<!-- wp:image {\"id\":472,\"sizeSlug\":\"full\",\"linkDestination\":\"none\"} -->\n<figure class=\"wp-block-image size-full\"><img loading=\"lazy\" decoding=\"async\" width=\"1000\" height=\"655\" src=\"http:\/\/canotika-tourisme.fr\/wp-content\/uploads\/2021\/09\/dandy-et-pedalo.jpg\" alt=\"les parents en p\u00e9dalo et le fils en miniboat\" class=\"wp-image-472\" srcset=\"https:\/\/canotika-tourisme.fr\/wp-content\/uploads\/2021\/09\/dandy-et-pedalo.jpg 1000w, https:\/\/canotika-tourisme.fr\/wp-content\/uploads\/2021\/09\/dandy-et-pedalo-300x197.jpg 300w, https:\/\/canotika-tourisme.fr\/wp-content\/uploads\/2021\/09\/dandy-et-pedalo-768x503.jpg 768w\" sizes=\"auto, (max-width: 767px) 89vw, (max-width: 1000px) 54vw, (max-width: 1071px) 543px, 580px\" \/><\/figure>\n<!-- \/wp:image -->\n\n<!-- wp:image {\"id\":473,\"sizeSlug\":\"full\",\"linkDestination\":\"none\"} -->\n<figure class=\"wp-block-image size-full\"><img loading=\"lazy\" decoding=\"async\" width=\"1000\" height=\"697\" src=\"http:\/\/canotika-tourisme.fr\/wp-content\/uploads\/2021\/09\/deux-dandy-et-bateau-pedaliers.jpg\" alt=\"\" class=\"wp-image-473\" srcset=\"https:\/\/canotika-tourisme.fr\/wp-content\/uploads\/2021\/09\/deux-dandy-et-bateau-pedaliers.jpg 1000w, https:\/\/canotika-tourisme.fr\/wp-content\/uploads\/2021\/09\/deux-dandy-et-bateau-pedaliers-300x209.jpg 300w, https:\/\/canotika-tourisme.fr\/wp-content\/uploads\/2021\/09\/deux-dandy-et-bateau-pedaliers-768x535.jpg 768w\" sizes=\"auto, (max-width: 767px) 89vw, (max-width: 1000px) 54vw, (max-width: 1071px) 543px, 580px\" \/><\/figure>\n<!-- \/wp:image -->\n\n<!-- wp:image {\"id\":470,\"sizeSlug\":\"full\",\"linkDestination\":\"none\"} -->\n<figure class=\"wp-block-image size-full\"><img loading=\"lazy\" decoding=\"async\" width=\"1000\" height=\"750\" src=\"http:\/\/canotika-tourisme.fr\/wp-content\/uploads\/2021\/09\/dandy-en-duo.jpg\" alt=\"le dandy \u00e0 Cnotika se pratique aussi \u00e0 deux\" class=\"wp-image-470\" srcset=\"https:\/\/canotika-tourisme.fr\/wp-content\/uploads\/2021\/09\/dandy-en-duo.jpg 1000w, https:\/\/canotika-tourisme.fr\/wp-content\/uploads\/2021\/09\/dandy-en-duo-300x225.jpg 300w, https:\/\/canotika-tourisme.fr\/wp-content\/uploads\/2021\/09\/dandy-en-duo-768x576.jpg 768w\" sizes=\"auto, (max-width: 767px) 89vw, (max-width: 1000px) 54vw, (max-width: 1071px) 543px, 580px\" \/><\/figure>\n<!-- \/wp:image -->\n\n<!-- wp:image {\"id\":822,\"sizeSlug\":\"large\",\"linkDestination\":\"none\"} -->\n<figure class=\"wp-block-image size-large\"><img loading=\"lazy\" decoding=\"async\" width=\"1024\" height=\"431\" src=\"http:\/\/canotika-tourisme.fr\/wp-content\/uploads\/2025\/03\/logo-miniboat-2025-1024x431.jpg\" alt=\"\" class=\"wp-image-822\" srcset=\"https:\/\/canotika-tourisme.fr\/wp-content\/uploads\/2025\/03\/logo-miniboat-2025-1024x431.jpg 1024w, https:\/\/canotika-tourisme.fr\/wp-content\/uploads\/2025\/03\/logo-miniboat-2025-300x126.jpg 300w, https:\/\/canotika-tourisme.fr\/wp-content\/uploads\/2025\/03\/logo-miniboat-2025-768x323.jpg 768w, https:\/\/canotika-tourisme.fr\/wp-content\/uploads\/2025\/03\/logo-miniboat-2025.jpg 1078w\" sizes=\"auto, (max-width: 767px) 89vw, (max-width: 1000px) 54vw, (max-width: 1071px) 543px, 580px\" \/><\/figure>\n<!-- \/wp:image -->","protected":false},"excerpt":{"rendered":"<p>Un amour de Miniboat pour se dandyner sur la rivi\u00e8re et go\u00fbter aux plaisirs de la Dolce Vita \u00e0 la fran\u00e7aise sur la rivi\u00e8re la Mayenne. L\u2019agilit\u00e9 d\u2019un cano\u00eb, kayak, paddlela stabilit\u00e9 en pluset les efforts en moins ! Le Miniboat attire sur l\u2019eau un public plus large, \u00e0 la recherche de confort, moins sportif &hellip; <\/p>\n<p class=\"link-more\"><a href=\"https:\/\/canotika-tourisme.fr\/index.php\/miniboats-la-mayenne\/\" class=\"more-link\">Continuer la lecture<span class=\"screen-reader-text\"> de &laquo;&nbsp;Le plaisir de glisser sur l&rsquo;eau avec les Miniboats La Mayenne&nbsp;&raquo;<\/span><\/a><\/p>\n","protected":false},"author":1,"featured_media":791,"parent":0,"menu_order":0,"comment_status":"closed","ping_status":"closed","template":"","meta":{"footnotes":""},"class_list":["post-466","page","type-page","status-publish","has-post-thumbnail","hentry"],"yoast_head":"<!-- This site is optimized with the Yoast SEO plugin v27.3 - https:\/\/yoast.com\/product\/yoast-seo-wordpress\/ -->\n<title>Le plaisir de glisser sur l&#039;eau avec les Miniboats La Mayenne - Canotika Tourisme Miniboat La Mayenne<\/title>\n<meta name=\"description\" content=\"Les Miniboats la Mayenne pour le plaisir de glisser sur l&#039;eau et de go\u00fbter aux joies de la Dolce Vita \u00e0 la fran\u00e7aise sur la rivi\u00e8re la Mayenne en toute s\u00e9curit\u00e9 pour les petits et les grands enfants.\" \/>\n<meta name=\"robots\" content=\"index, follow, max-snippet:-1, max-image-preview:large, max-video-preview:-1\" \/>\n<link rel=\"canonical\" href=\"https:\/\/canotika-tourisme.fr\/index.php\/miniboats-la-mayenne\/\" \/>\n<meta property=\"og:locale\" content=\"fr_FR\" \/>\n<meta property=\"og:type\" content=\"article\" \/>\n<meta property=\"og:title\" content=\"Le plaisir de glisser sur l&#039;eau avec les Miniboats La Mayenne - Canotika Tourisme Miniboat La Mayenne\" \/>\n<meta property=\"og:description\" content=\"Les Miniboats la Mayenne pour le plaisir de glisser sur l&#039;eau et de go\u00fbter aux joies de la Dolce Vita \u00e0 la fran\u00e7aise sur la rivi\u00e8re la Mayenne en toute s\u00e9curit\u00e9 pour les petits et les grands enfants.\" \/>\n<meta property=\"og:url\" content=\"https:\/\/canotika-tourisme.fr\/index.php\/miniboats-la-mayenne\/\" \/>\n<meta property=\"og:site_name\" content=\"Canotika Tourisme Miniboat La Mayenne\" \/>\n<meta property=\"article:publisher\" content=\"https:\/\/www.facebook.com\/canotika\/\" \/>\n<meta property=\"article:modified_time\" content=\"2025-03-19T21:29:13+00:00\" \/>\n<meta property=\"og:image\" content=\"https:\/\/canotika-tourisme.fr\/wp-content\/uploads\/2024\/05\/dandy-canotika-miniboat.jpg\" \/>\n\t<meta property=\"og:image:width\" content=\"850\" \/>\n\t<meta property=\"og:image:height\" content=\"527\" \/>\n\t<meta property=\"og:image:type\" content=\"image\/jpeg\" \/>\n<meta name=\"twitter:card\" content=\"summary_large_image\" \/>\n<meta name=\"twitter:site\" content=\"@canotika\" \/>\n<meta name=\"twitter:label1\" content=\"Dur\u00e9e de lecture estim\u00e9e\" \/>\n\t<meta name=\"twitter:data1\" content=\"2 minutes\" \/>\n<script type=\"application\/ld+json\" class=\"yoast-schema-graph\">{\"@context\":\"https:\\\/\\\/schema.org\",\"@graph\":[{\"@type\":\"WebPage\",\"@id\":\"https:\\\/\\\/canotika-tourisme.fr\\\/index.php\\\/miniboats-la-mayenne\\\/\",\"url\":\"https:\\\/\\\/canotika-tourisme.fr\\\/index.php\\\/miniboats-la-mayenne\\\/\",\"name\":\"Le plaisir de glisser sur l'eau avec les Miniboats La Mayenne - Canotika Tourisme Miniboat La Mayenne\",\"isPartOf\":{\"@id\":\"http:\\\/\\\/canotika-tourisme.fr\\\/#website\"},\"primaryImageOfPage\":{\"@id\":\"https:\\\/\\\/canotika-tourisme.fr\\\/index.php\\\/miniboats-la-mayenne\\\/#primaryimage\"},\"image\":{\"@id\":\"https:\\\/\\\/canotika-tourisme.fr\\\/index.php\\\/miniboats-la-mayenne\\\/#primaryimage\"},\"thumbnailUrl\":\"https:\\\/\\\/canotika-tourisme.fr\\\/wp-content\\\/uploads\\\/2024\\\/05\\\/dandy-canotika-miniboat.jpg\",\"datePublished\":\"2023-12-13T08:33:43+00:00\",\"dateModified\":\"2025-03-19T21:29:13+00:00\",\"description\":\"Les Miniboats la Mayenne pour le plaisir de glisser sur l'eau et de go\u00fbter aux joies de la Dolce Vita \u00e0 la fran\u00e7aise sur la rivi\u00e8re la Mayenne en toute s\u00e9curit\u00e9 pour les petits et les grands enfants.\",\"breadcrumb\":{\"@id\":\"https:\\\/\\\/canotika-tourisme.fr\\\/index.php\\\/miniboats-la-mayenne\\\/#breadcrumb\"},\"inLanguage\":\"fr-FR\",\"potentialAction\":[{\"@type\":\"ReadAction\",\"target\":[\"https:\\\/\\\/canotika-tourisme.fr\\\/index.php\\\/miniboats-la-mayenne\\\/\"]}]},{\"@type\":\"ImageObject\",\"inLanguage\":\"fr-FR\",\"@id\":\"https:\\\/\\\/canotika-tourisme.fr\\\/index.php\\\/miniboats-la-mayenne\\\/#primaryimage\",\"url\":\"https:\\\/\\\/canotika-tourisme.fr\\\/wp-content\\\/uploads\\\/2024\\\/05\\\/dandy-canotika-miniboat.jpg\",\"contentUrl\":\"https:\\\/\\\/canotika-tourisme.fr\\\/wp-content\\\/uploads\\\/2024\\\/05\\\/dandy-canotika-miniboat.jpg\",\"width\":850,\"height\":527,\"caption\":\"les Miniboats La Mayenne\"},{\"@type\":\"BreadcrumbList\",\"@id\":\"https:\\\/\\\/canotika-tourisme.fr\\\/index.php\\\/miniboats-la-mayenne\\\/#breadcrumb\",\"itemListElement\":[{\"@type\":\"ListItem\",\"position\":1,\"name\":\"Accueil\",\"item\":\"http:\\\/\\\/canotika-tourisme.fr\\\/\"},{\"@type\":\"ListItem\",\"position\":2,\"name\":\"Le plaisir de glisser sur l&rsquo;eau avec les Miniboats La Mayenne\"}]},{\"@type\":\"WebSite\",\"@id\":\"http:\\\/\\\/canotika-tourisme.fr\\\/#website\",\"url\":\"http:\\\/\\\/canotika-tourisme.fr\\\/\",\"name\":\"Canotika Tourisme Miniboat La Mayenne\",\"description\":\"Le plaisir de naviguer en Mayenne - Location  de v\u00e9los \u00e0 Ch\u00e2teau-Gontier, Laval et Mayenne\",\"publisher\":{\"@id\":\"http:\\\/\\\/canotika-tourisme.fr\\\/#organization\"},\"potentialAction\":[{\"@type\":\"SearchAction\",\"target\":{\"@type\":\"EntryPoint\",\"urlTemplate\":\"http:\\\/\\\/canotika-tourisme.fr\\\/?s={search_term_string}\"},\"query-input\":{\"@type\":\"PropertyValueSpecification\",\"valueRequired\":true,\"valueName\":\"search_term_string\"}}],\"inLanguage\":\"fr-FR\"},{\"@type\":\"Organization\",\"@id\":\"http:\\\/\\\/canotika-tourisme.fr\\\/#organization\",\"name\":\"Canotika Tourisme Miniboat La Mayenne\",\"url\":\"http:\\\/\\\/canotika-tourisme.fr\\\/\",\"logo\":{\"@type\":\"ImageObject\",\"inLanguage\":\"fr-FR\",\"@id\":\"http:\\\/\\\/canotika-tourisme.fr\\\/#\\\/schema\\\/logo\\\/image\\\/\",\"url\":\"https:\\\/\\\/canotika-tourisme.fr\\\/wp-content\\\/uploads\\\/2018\\\/12\\\/cropped-CNK-Logo-canotika-2014.jpg\",\"contentUrl\":\"https:\\\/\\\/canotika-tourisme.fr\\\/wp-content\\\/uploads\\\/2018\\\/12\\\/cropped-CNK-Logo-canotika-2014.jpg\",\"width\":299,\"height\":250,\"caption\":\"Canotika Tourisme  Miniboat La Mayenne\"},\"image\":{\"@id\":\"http:\\\/\\\/canotika-tourisme.fr\\\/#\\\/schema\\\/logo\\\/image\\\/\"},\"sameAs\":[\"https:\\\/\\\/www.facebook.com\\\/canotika\\\/\",\"https:\\\/\\\/x.com\\\/canotika\",\"http:\\\/\\\/@canotika\"]}]}<\/script>\n<!-- \/ Yoast SEO plugin. -->","yoast_head_json":{"title":"Le plaisir de glisser sur l'eau avec les Miniboats La Mayenne - Canotika Tourisme Miniboat La Mayenne","description":"Les Miniboats la Mayenne pour le plaisir de glisser sur l'eau et de go\u00fbter aux joies de la Dolce Vita \u00e0 la fran\u00e7aise sur la rivi\u00e8re la Mayenne en toute s\u00e9curit\u00e9 pour les petits et les grands enfants.","robots":{"index":"index","follow":"follow","max-snippet":"max-snippet:-1","max-image-preview":"max-image-preview:large","max-video-preview":"max-video-preview:-1"},"canonical":"https:\/\/canotika-tourisme.fr\/index.php\/miniboats-la-mayenne\/","og_locale":"fr_FR","og_type":"article","og_title":"Le plaisir de glisser sur l'eau avec les Miniboats La Mayenne - Canotika Tourisme Miniboat La Mayenne","og_description":"Les Miniboats la Mayenne pour le plaisir de glisser sur l'eau et de go\u00fbter aux joies de la Dolce Vita \u00e0 la fran\u00e7aise sur la rivi\u00e8re la Mayenne en toute s\u00e9curit\u00e9 pour les petits et les grands enfants.","og_url":"https:\/\/canotika-tourisme.fr\/index.php\/miniboats-la-mayenne\/","og_site_name":"Canotika Tourisme Miniboat La Mayenne","article_publisher":"https:\/\/www.facebook.com\/canotika\/","article_modified_time":"2025-03-19T21:29:13+00:00","og_image":[{"width":850,"height":527,"url":"https:\/\/canotika-tourisme.fr\/wp-content\/uploads\/2024\/05\/dandy-canotika-miniboat.jpg","type":"image\/jpeg"}],"twitter_card":"summary_large_image","twitter_site":"@canotika","twitter_misc":{"Dur\u00e9e de lecture estim\u00e9e":"2 minutes"},"schema":{"@context":"https:\/\/schema.org","@graph":[{"@type":"WebPage","@id":"https:\/\/canotika-tourisme.fr\/index.php\/miniboats-la-mayenne\/","url":"https:\/\/canotika-tourisme.fr\/index.php\/miniboats-la-mayenne\/","name":"Le plaisir de glisser sur l'eau avec les Miniboats La Mayenne - Canotika Tourisme Miniboat La Mayenne","isPartOf":{"@id":"http:\/\/canotika-tourisme.fr\/#website"},"primaryImageOfPage":{"@id":"https:\/\/canotika-tourisme.fr\/index.php\/miniboats-la-mayenne\/#primaryimage"},"image":{"@id":"https:\/\/canotika-tourisme.fr\/index.php\/miniboats-la-mayenne\/#primaryimage"},"thumbnailUrl":"https:\/\/canotika-tourisme.fr\/wp-content\/uploads\/2024\/05\/dandy-canotika-miniboat.jpg","datePublished":"2023-12-13T08:33:43+00:00","dateModified":"2025-03-19T21:29:13+00:00","description":"Les Miniboats la Mayenne pour le plaisir de glisser sur l'eau et de go\u00fbter aux joies de la Dolce Vita \u00e0 la fran\u00e7aise sur la rivi\u00e8re la Mayenne en toute s\u00e9curit\u00e9 pour les petits et les grands enfants.","breadcrumb":{"@id":"https:\/\/canotika-tourisme.fr\/index.php\/miniboats-la-mayenne\/#breadcrumb"},"inLanguage":"fr-FR","potentialAction":[{"@type":"ReadAction","target":["https:\/\/canotika-tourisme.fr\/index.php\/miniboats-la-mayenne\/"]}]},{"@type":"ImageObject","inLanguage":"fr-FR","@id":"https:\/\/canotika-tourisme.fr\/index.php\/miniboats-la-mayenne\/#primaryimage","url":"https:\/\/canotika-tourisme.fr\/wp-content\/uploads\/2024\/05\/dandy-canotika-miniboat.jpg","contentUrl":"https:\/\/canotika-tourisme.fr\/wp-content\/uploads\/2024\/05\/dandy-canotika-miniboat.jpg","width":850,"height":527,"caption":"les Miniboats La Mayenne"},{"@type":"BreadcrumbList","@id":"https:\/\/canotika-tourisme.fr\/index.php\/miniboats-la-mayenne\/#breadcrumb","itemListElement":[{"@type":"ListItem","position":1,"name":"Accueil","item":"http:\/\/canotika-tourisme.fr\/"},{"@type":"ListItem","position":2,"name":"Le plaisir de glisser sur l&rsquo;eau avec les Miniboats La Mayenne"}]},{"@type":"WebSite","@id":"http:\/\/canotika-tourisme.fr\/#website","url":"http:\/\/canotika-tourisme.fr\/","name":"Canotika Tourisme Miniboat La Mayenne","description":"Le plaisir de naviguer en Mayenne - Location  de v\u00e9los \u00e0 Ch\u00e2teau-Gontier, Laval et Mayenne","publisher":{"@id":"http:\/\/canotika-tourisme.fr\/#organization"},"potentialAction":[{"@type":"SearchAction","target":{"@type":"EntryPoint","urlTemplate":"http:\/\/canotika-tourisme.fr\/?s={search_term_string}"},"query-input":{"@type":"PropertyValueSpecification","valueRequired":true,"valueName":"search_term_string"}}],"inLanguage":"fr-FR"},{"@type":"Organization","@id":"http:\/\/canotika-tourisme.fr\/#organization","name":"Canotika Tourisme Miniboat La Mayenne","url":"http:\/\/canotika-tourisme.fr\/","logo":{"@type":"ImageObject","inLanguage":"fr-FR","@id":"http:\/\/canotika-tourisme.fr\/#\/schema\/logo\/image\/","url":"https:\/\/canotika-tourisme.fr\/wp-content\/uploads\/2018\/12\/cropped-CNK-Logo-canotika-2014.jpg","contentUrl":"https:\/\/canotika-tourisme.fr\/wp-content\/uploads\/2018\/12\/cropped-CNK-Logo-canotika-2014.jpg","width":299,"height":250,"caption":"Canotika Tourisme  Miniboat La Mayenne"},"image":{"@id":"http:\/\/canotika-tourisme.fr\/#\/schema\/logo\/image\/"},"sameAs":["https:\/\/www.facebook.com\/canotika\/","https:\/\/x.com\/canotika","http:\/\/@canotika"]}]}},"_links":{"self":[{"href":"https:\/\/canotika-tourisme.fr\/index.php\/wp-json\/wp\/v2\/pages\/466","targetHints":{"allow":["GET"]}}],"collection":[{"href":"https:\/\/canotika-tourisme.fr\/index.php\/wp-json\/wp\/v2\/pages"}],"about":[{"href":"https:\/\/canotika-tourisme.fr\/index.php\/wp-json\/wp\/v2\/types\/page"}],"author":[{"embeddable":true,"href":"https:\/\/canotika-tourisme.fr\/index.php\/wp-json\/wp\/v2\/users\/1"}],"replies":[{"embeddable":true,"href":"https:\/\/canotika-tourisme.fr\/index.php\/wp-json\/wp\/v2\/comments?post=466"}],"version-history":[{"count":29,"href":"https:\/\/canotika-tourisme.fr\/index.php\/wp-json\/wp\/v2\/pages\/466\/revisions"}],"predecessor-version":[{"id":823,"href":"https:\/\/canotika-tourisme.fr\/index.php\/wp-json\/wp\/v2\/pages\/466\/revisions\/823"}],"wp:featuredmedia":[{"embeddable":true,"href":"https:\/\/canotika-tourisme.fr\/index.php\/wp-json\/wp\/v2\/media\/791"}],"wp:attachment":[{"href":"https:\/\/canotika-tourisme.fr\/index.php\/wp-json\/wp\/v2\/media?parent=466"}],"curies":[{"name":"wp","href":"https:\/\/api.w.org\/{rel}","templated":true}]}}