{"id":438,"date":"2021-04-23T18:52:45","date_gmt":"2021-04-23T16:52:45","guid":{"rendered":"http:\/\/canotika-tourisme.fr\/?page_id=438"},"modified":"2025-06-28T00:06:42","modified_gmt":"2025-06-27T22:06:42","slug":"pedalos-canotika","status":"publish","type":"page","link":"https:\/\/canotika-tourisme.fr\/index.php\/pedalos-canotika\/","title":{"rendered":"Pourquoi pas fl\u00e2ner et bronzer sur un p\u00e9dalo de Canotika !"},"content":{"rendered":"\n<p><strong>Notre flotte 2025 est enti\u00e8rement nouvelle !<\/strong><\/p>\n\n\n\n<p><strong>Adios, les anciens AMIGOS<\/strong> <br>et bienvenue \u00e0 la nouvelle g\u00e9n\u00e9ration <strong>P\u00e9lican Monaco<\/strong><\/p>\n\n\n\n<p>Le grand classique des balades sur les plans d&rsquo;eau c&rsquo;est bien entendu le \u00ab\u00a0p\u00e9dalo\u00a0\u00bb. Une embarcation ludique et simple ouverte \u00e0 tous petits et grands.<br> Nos <strong>P\u00e9licans Monaco<\/strong> sont vos compagnons de fl\u00e2nerie et de bronzage sur la rivi\u00e8re ou \u00e0 l&rsquo;abri des rayons du soleil sous le taud.<br> Id\u00e9al pour une balade \u00e0 deux ou pour deux adultes avec deux enfants. <br> Pour 1\/2 heure, 1 heure ou 2 heures partez sur la rivi\u00e8re la Mayenne.<\/p>\n\n\n\n<p>Ils sont d\u00e9sormais 4 p\u00e9dalos pour naviguer sur la rivi\u00e8re comme des princes et princesses :<\/p>\n\n\n\n<ul class=\"wp-block-list\">\n<li>ALBERT<\/li>\n\n\n\n<li>CAROLINE<\/li>\n\n\n\n<li>STEPHANIE<\/li>\n\n\n\n<li>VASCO <\/li>\n<\/ul>\n\n\n\n<p><\/p>\n\n\n\n<div class=\"easyloisirs_module\" data-hash=\"477384a8cfa39db5f5b7fc6c28694b3296308876\"><\/div>\n","protected":false},"excerpt":{"rendered":"<p>Notre flotte 2025 est enti\u00e8rement nouvelle ! Adios, les anciens AMIGOS et bienvenue \u00e0 la nouvelle g\u00e9n\u00e9ration P\u00e9lican Monaco Le grand classique des balades sur les plans d&rsquo;eau c&rsquo;est bien entendu le \u00ab\u00a0p\u00e9dalo\u00a0\u00bb. Une embarcation ludique et simple ouverte \u00e0 tous petits et grands. Nos P\u00e9licans Monaco sont vos compagnons de fl\u00e2nerie et de bronzage &hellip; <\/p>\n<p class=\"link-more\"><a href=\"https:\/\/canotika-tourisme.fr\/index.php\/pedalos-canotika\/\" class=\"more-link\">Continuer la lecture<span class=\"screen-reader-text\"> de &laquo;&nbsp;Pourquoi pas fl\u00e2ner et bronzer sur un p\u00e9dalo de Canotika !&nbsp;&raquo;<\/span><\/a><\/p>\n","protected":false},"author":1,"featured_media":861,"parent":0,"menu_order":0,"comment_status":"closed","ping_status":"closed","template":"","meta":{"footnotes":""},"class_list":["post-438","page","type-page","status-publish","has-post-thumbnail","hentry"],"yoast_head":"<!-- This site is optimized with the Yoast SEO plugin v27.3 - https:\/\/yoast.com\/product\/yoast-seo-wordpress\/ -->\n<title>fl\u00e2ner et bronzer sur un p\u00e9dalo - Canotika Tourisme Miniboat La Mayenne<\/title>\n<meta name=\"description\" content=\"Le grand classique des balades sur les plan d&#039;eau c&#039;est le p\u00e9dalo. Embarcation ludique et simple ouverte \u00e0 tous petits et grands. Ils sont vos compagnons de fl\u00e2nerie et de bronzage sur la rivi\u00e8re. Partez sur la rivi\u00e8re la Mayenne\" \/>\n<meta name=\"robots\" content=\"index, follow, max-snippet:-1, max-image-preview:large, max-video-preview:-1\" \/>\n<link rel=\"canonical\" href=\"http:\/\/canotika-tourisme.fr\/index.php\/pedalos-canotika\/\" \/>\n<meta property=\"og:locale\" content=\"fr_FR\" \/>\n<meta property=\"og:type\" content=\"article\" \/>\n<meta property=\"og:title\" content=\"fl\u00e2ner et bronzer sur un p\u00e9dalo - Canotika Tourisme Miniboat La Mayenne\" \/>\n<meta property=\"og:description\" content=\"Le grand classique des balades sur les plan d&#039;eau c&#039;est le p\u00e9dalo. Embarcation ludique et simple ouverte \u00e0 tous petits et grands. Ils sont vos compagnons de fl\u00e2nerie et de bronzage sur la rivi\u00e8re. Partez sur la rivi\u00e8re la Mayenne\" \/>\n<meta property=\"og:url\" content=\"http:\/\/canotika-tourisme.fr\/index.php\/pedalos-canotika\/\" \/>\n<meta property=\"og:site_name\" content=\"Canotika Tourisme Miniboat La Mayenne\" \/>\n<meta property=\"article:publisher\" content=\"https:\/\/www.facebook.com\/canotika\/\" \/>\n<meta property=\"article:modified_time\" content=\"2025-06-27T22:06:42+00:00\" \/>\n<meta property=\"og:image\" content=\"http:\/\/canotika-tourisme.fr\/wp-content\/uploads\/2025\/04\/canotika_monaco.jpg\" \/>\n\t<meta property=\"og:image:width\" content=\"600\" \/>\n\t<meta property=\"og:image:height\" content=\"600\" \/>\n\t<meta property=\"og:image:type\" content=\"image\/jpeg\" \/>\n<meta name=\"twitter:card\" content=\"summary_large_image\" \/>\n<meta name=\"twitter:site\" content=\"@canotika\" \/>\n<meta name=\"twitter:label1\" content=\"Dur\u00e9e de lecture estim\u00e9e\" \/>\n\t<meta name=\"twitter:data1\" content=\"1 minute\" \/>\n<script type=\"application\/ld+json\" class=\"yoast-schema-graph\">{\"@context\":\"https:\\\/\\\/schema.org\",\"@graph\":[{\"@type\":\"WebPage\",\"@id\":\"http:\\\/\\\/canotika-tourisme.fr\\\/index.php\\\/pedalos-canotika\\\/\",\"url\":\"http:\\\/\\\/canotika-tourisme.fr\\\/index.php\\\/pedalos-canotika\\\/\",\"name\":\"fl\u00e2ner et bronzer sur un p\u00e9dalo - Canotika Tourisme Miniboat La Mayenne\",\"isPartOf\":{\"@id\":\"http:\\\/\\\/canotika-tourisme.fr\\\/#website\"},\"primaryImageOfPage\":{\"@id\":\"http:\\\/\\\/canotika-tourisme.fr\\\/index.php\\\/pedalos-canotika\\\/#primaryimage\"},\"image\":{\"@id\":\"http:\\\/\\\/canotika-tourisme.fr\\\/index.php\\\/pedalos-canotika\\\/#primaryimage\"},\"thumbnailUrl\":\"https:\\\/\\\/canotika-tourisme.fr\\\/wp-content\\\/uploads\\\/2025\\\/04\\\/canotika_monaco.jpg\",\"datePublished\":\"2021-04-23T16:52:45+00:00\",\"dateModified\":\"2025-06-27T22:06:42+00:00\",\"description\":\"Le grand classique des balades sur les plan d'eau c'est le p\u00e9dalo. Embarcation ludique et simple ouverte \u00e0 tous petits et grands. Ils sont vos compagnons de fl\u00e2nerie et de bronzage sur la rivi\u00e8re. Partez sur la rivi\u00e8re la Mayenne\",\"breadcrumb\":{\"@id\":\"http:\\\/\\\/canotika-tourisme.fr\\\/index.php\\\/pedalos-canotika\\\/#breadcrumb\"},\"inLanguage\":\"fr-FR\",\"potentialAction\":[{\"@type\":\"ReadAction\",\"target\":[\"http:\\\/\\\/canotika-tourisme.fr\\\/index.php\\\/pedalos-canotika\\\/\"]}]},{\"@type\":\"ImageObject\",\"inLanguage\":\"fr-FR\",\"@id\":\"http:\\\/\\\/canotika-tourisme.fr\\\/index.php\\\/pedalos-canotika\\\/#primaryimage\",\"url\":\"https:\\\/\\\/canotika-tourisme.fr\\\/wp-content\\\/uploads\\\/2025\\\/04\\\/canotika_monaco.jpg\",\"contentUrl\":\"https:\\\/\\\/canotika-tourisme.fr\\\/wp-content\\\/uploads\\\/2025\\\/04\\\/canotika_monaco.jpg\",\"width\":600,\"height\":600,\"caption\":\"p\u00e9dalo p\u00e9lican monaco\"},{\"@type\":\"BreadcrumbList\",\"@id\":\"http:\\\/\\\/canotika-tourisme.fr\\\/index.php\\\/pedalos-canotika\\\/#breadcrumb\",\"itemListElement\":[{\"@type\":\"ListItem\",\"position\":1,\"name\":\"Accueil\",\"item\":\"http:\\\/\\\/canotika-tourisme.fr\\\/\"},{\"@type\":\"ListItem\",\"position\":2,\"name\":\"Pourquoi pas fl\u00e2ner et bronzer sur un p\u00e9dalo de Canotika !\"}]},{\"@type\":\"WebSite\",\"@id\":\"http:\\\/\\\/canotika-tourisme.fr\\\/#website\",\"url\":\"http:\\\/\\\/canotika-tourisme.fr\\\/\",\"name\":\"Canotika Tourisme Miniboat La Mayenne\",\"description\":\"Le plaisir de naviguer en Mayenne - Location  de v\u00e9los \u00e0 Ch\u00e2teau-Gontier, Laval et Mayenne\",\"publisher\":{\"@id\":\"http:\\\/\\\/canotika-tourisme.fr\\\/#organization\"},\"potentialAction\":[{\"@type\":\"SearchAction\",\"target\":{\"@type\":\"EntryPoint\",\"urlTemplate\":\"http:\\\/\\\/canotika-tourisme.fr\\\/?s={search_term_string}\"},\"query-input\":{\"@type\":\"PropertyValueSpecification\",\"valueRequired\":true,\"valueName\":\"search_term_string\"}}],\"inLanguage\":\"fr-FR\"},{\"@type\":\"Organization\",\"@id\":\"http:\\\/\\\/canotika-tourisme.fr\\\/#organization\",\"name\":\"Canotika Tourisme Miniboat La Mayenne\",\"url\":\"http:\\\/\\\/canotika-tourisme.fr\\\/\",\"logo\":{\"@type\":\"ImageObject\",\"inLanguage\":\"fr-FR\",\"@id\":\"http:\\\/\\\/canotika-tourisme.fr\\\/#\\\/schema\\\/logo\\\/image\\\/\",\"url\":\"https:\\\/\\\/canotika-tourisme.fr\\\/wp-content\\\/uploads\\\/2018\\\/12\\\/cropped-CNK-Logo-canotika-2014.jpg\",\"contentUrl\":\"https:\\\/\\\/canotika-tourisme.fr\\\/wp-content\\\/uploads\\\/2018\\\/12\\\/cropped-CNK-Logo-canotika-2014.jpg\",\"width\":299,\"height\":250,\"caption\":\"Canotika Tourisme  Miniboat La Mayenne\"},\"image\":{\"@id\":\"http:\\\/\\\/canotika-tourisme.fr\\\/#\\\/schema\\\/logo\\\/image\\\/\"},\"sameAs\":[\"https:\\\/\\\/www.facebook.com\\\/canotika\\\/\",\"https:\\\/\\\/x.com\\\/canotika\",\"http:\\\/\\\/@canotika\"]}]}<\/script>\n<!-- \/ Yoast SEO plugin. -->","yoast_head_json":{"title":"fl\u00e2ner et bronzer sur un p\u00e9dalo - Canotika Tourisme Miniboat La Mayenne","description":"Le grand classique des balades sur les plan d'eau c'est le p\u00e9dalo. Embarcation ludique et simple ouverte \u00e0 tous petits et grands. Ils sont vos compagnons de fl\u00e2nerie et de bronzage sur la rivi\u00e8re. Partez sur la rivi\u00e8re la Mayenne","robots":{"index":"index","follow":"follow","max-snippet":"max-snippet:-1","max-image-preview":"max-image-preview:large","max-video-preview":"max-video-preview:-1"},"canonical":"http:\/\/canotika-tourisme.fr\/index.php\/pedalos-canotika\/","og_locale":"fr_FR","og_type":"article","og_title":"fl\u00e2ner et bronzer sur un p\u00e9dalo - Canotika Tourisme Miniboat La Mayenne","og_description":"Le grand classique des balades sur les plan d'eau c'est le p\u00e9dalo. Embarcation ludique et simple ouverte \u00e0 tous petits et grands. Ils sont vos compagnons de fl\u00e2nerie et de bronzage sur la rivi\u00e8re. Partez sur la rivi\u00e8re la Mayenne","og_url":"http:\/\/canotika-tourisme.fr\/index.php\/pedalos-canotika\/","og_site_name":"Canotika Tourisme Miniboat La Mayenne","article_publisher":"https:\/\/www.facebook.com\/canotika\/","article_modified_time":"2025-06-27T22:06:42+00:00","og_image":[{"width":600,"height":600,"url":"http:\/\/canotika-tourisme.fr\/wp-content\/uploads\/2025\/04\/canotika_monaco.jpg","type":"image\/jpeg"}],"twitter_card":"summary_large_image","twitter_site":"@canotika","twitter_misc":{"Dur\u00e9e de lecture estim\u00e9e":"1 minute"},"schema":{"@context":"https:\/\/schema.org","@graph":[{"@type":"WebPage","@id":"http:\/\/canotika-tourisme.fr\/index.php\/pedalos-canotika\/","url":"http:\/\/canotika-tourisme.fr\/index.php\/pedalos-canotika\/","name":"fl\u00e2ner et bronzer sur un p\u00e9dalo - Canotika Tourisme Miniboat La Mayenne","isPartOf":{"@id":"http:\/\/canotika-tourisme.fr\/#website"},"primaryImageOfPage":{"@id":"http:\/\/canotika-tourisme.fr\/index.php\/pedalos-canotika\/#primaryimage"},"image":{"@id":"http:\/\/canotika-tourisme.fr\/index.php\/pedalos-canotika\/#primaryimage"},"thumbnailUrl":"https:\/\/canotika-tourisme.fr\/wp-content\/uploads\/2025\/04\/canotika_monaco.jpg","datePublished":"2021-04-23T16:52:45+00:00","dateModified":"2025-06-27T22:06:42+00:00","description":"Le grand classique des balades sur les plan d'eau c'est le p\u00e9dalo. Embarcation ludique et simple ouverte \u00e0 tous petits et grands. Ils sont vos compagnons de fl\u00e2nerie et de bronzage sur la rivi\u00e8re. Partez sur la rivi\u00e8re la Mayenne","breadcrumb":{"@id":"http:\/\/canotika-tourisme.fr\/index.php\/pedalos-canotika\/#breadcrumb"},"inLanguage":"fr-FR","potentialAction":[{"@type":"ReadAction","target":["http:\/\/canotika-tourisme.fr\/index.php\/pedalos-canotika\/"]}]},{"@type":"ImageObject","inLanguage":"fr-FR","@id":"http:\/\/canotika-tourisme.fr\/index.php\/pedalos-canotika\/#primaryimage","url":"https:\/\/canotika-tourisme.fr\/wp-content\/uploads\/2025\/04\/canotika_monaco.jpg","contentUrl":"https:\/\/canotika-tourisme.fr\/wp-content\/uploads\/2025\/04\/canotika_monaco.jpg","width":600,"height":600,"caption":"p\u00e9dalo p\u00e9lican monaco"},{"@type":"BreadcrumbList","@id":"http:\/\/canotika-tourisme.fr\/index.php\/pedalos-canotika\/#breadcrumb","itemListElement":[{"@type":"ListItem","position":1,"name":"Accueil","item":"http:\/\/canotika-tourisme.fr\/"},{"@type":"ListItem","position":2,"name":"Pourquoi pas fl\u00e2ner et bronzer sur un p\u00e9dalo de Canotika !"}]},{"@type":"WebSite","@id":"http:\/\/canotika-tourisme.fr\/#website","url":"http:\/\/canotika-tourisme.fr\/","name":"Canotika Tourisme Miniboat La Mayenne","description":"Le plaisir de naviguer en Mayenne - Location  de v\u00e9los \u00e0 Ch\u00e2teau-Gontier, Laval et Mayenne","publisher":{"@id":"http:\/\/canotika-tourisme.fr\/#organization"},"potentialAction":[{"@type":"SearchAction","target":{"@type":"EntryPoint","urlTemplate":"http:\/\/canotika-tourisme.fr\/?s={search_term_string}"},"query-input":{"@type":"PropertyValueSpecification","valueRequired":true,"valueName":"search_term_string"}}],"inLanguage":"fr-FR"},{"@type":"Organization","@id":"http:\/\/canotika-tourisme.fr\/#organization","name":"Canotika Tourisme Miniboat La Mayenne","url":"http:\/\/canotika-tourisme.fr\/","logo":{"@type":"ImageObject","inLanguage":"fr-FR","@id":"http:\/\/canotika-tourisme.fr\/#\/schema\/logo\/image\/","url":"https:\/\/canotika-tourisme.fr\/wp-content\/uploads\/2018\/12\/cropped-CNK-Logo-canotika-2014.jpg","contentUrl":"https:\/\/canotika-tourisme.fr\/wp-content\/uploads\/2018\/12\/cropped-CNK-Logo-canotika-2014.jpg","width":299,"height":250,"caption":"Canotika Tourisme  Miniboat La Mayenne"},"image":{"@id":"http:\/\/canotika-tourisme.fr\/#\/schema\/logo\/image\/"},"sameAs":["https:\/\/www.facebook.com\/canotika\/","https:\/\/x.com\/canotika","http:\/\/@canotika"]}]}},"_links":{"self":[{"href":"https:\/\/canotika-tourisme.fr\/index.php\/wp-json\/wp\/v2\/pages\/438","targetHints":{"allow":["GET"]}}],"collection":[{"href":"https:\/\/canotika-tourisme.fr\/index.php\/wp-json\/wp\/v2\/pages"}],"about":[{"href":"https:\/\/canotika-tourisme.fr\/index.php\/wp-json\/wp\/v2\/types\/page"}],"author":[{"embeddable":true,"href":"https:\/\/canotika-tourisme.fr\/index.php\/wp-json\/wp\/v2\/users\/1"}],"replies":[{"embeddable":true,"href":"https:\/\/canotika-tourisme.fr\/index.php\/wp-json\/wp\/v2\/comments?post=438"}],"version-history":[{"count":6,"href":"https:\/\/canotika-tourisme.fr\/index.php\/wp-json\/wp\/v2\/pages\/438\/revisions"}],"predecessor-version":[{"id":889,"href":"https:\/\/canotika-tourisme.fr\/index.php\/wp-json\/wp\/v2\/pages\/438\/revisions\/889"}],"wp:featuredmedia":[{"embeddable":true,"href":"https:\/\/canotika-tourisme.fr\/index.php\/wp-json\/wp\/v2\/media\/861"}],"wp:attachment":[{"href":"https:\/\/canotika-tourisme.fr\/index.php\/wp-json\/wp\/v2\/media?parent=438"}],"curies":[{"name":"wp","href":"https:\/\/api.w.org\/{rel}","templated":true}]}}