{"id":320,"date":"2020-07-26T15:57:44","date_gmt":"2020-07-26T13:57:44","guid":{"rendered":"http:\/\/canotika-tourisme.fr\/?page_id=320"},"modified":"2020-11-27T18:32:51","modified_gmt":"2020-11-27T17:32:51","slug":"nuitee-a-bord-dun-petit-bateau-a-pedalier","status":"publish","type":"page","link":"https:\/\/canotika-tourisme.fr\/index.php\/nuitee-a-bord-dun-petit-bateau-a-pedalier\/","title":{"rendered":"Nuit\u00e9e \u00e0 bord d&rsquo;un petit bateau \u00e0 p\u00e9dalier"},"content":{"rendered":"\nSur la rivi\u00e8re la Mayenne, sur la V\u00e9lofrancette passez une nuit\u00e9e dans un petit bateau \u00e0 p\u00e9daliers.<BR><\/P>\n\n<p>A partir de 30 \u20ac pour deux personnes, 18 \u20ac pour une personne seule<BR><BR>Comprend la nuit \u00e0 bord (avec vos propres couchages), petit d\u00e9jeuner, acc\u00e8s aux sanitaires, local v\u00e9los ferm\u00e9.<\/p>\n<p><\/p>\n\n<div class=\"easyloisirs_module\" data-hash=\"ae332279b27feb2589e1b0c578cb7e5123b08564\"><\/div>\n\n\n\n<figure class=\"wp-block-embed-youtube wp-block-embed is-type-video is-provider-youtube wp-embed-aspect-16-9 wp-has-aspect-ratio\"><div class=\"wp-block-embed__wrapper\">\n<iframe loading=\"lazy\" title=\"Canotika tourisme 20 avril 2019 Famille en nuit\u00e9e dans le bateau \u00e0 p\u00e9dalier Blue-Note\" width=\"525\" height=\"295\" src=\"https:\/\/www.youtube.com\/embed\/Q_9PF0QxJjA?feature=oembed\" frameborder=\"0\" allow=\"accelerometer; autoplay; clipboard-write; encrypted-media; gyroscope; picture-in-picture; web-share\" referrerpolicy=\"strict-origin-when-cross-origin\" allowfullscreen><\/iframe>\n<\/div><\/figure>\n","protected":false},"excerpt":{"rendered":"<p>Sur la rivi\u00e8re la Mayenne, sur la V\u00e9lofrancette passez une nuit\u00e9e dans un petit bateau \u00e0 p\u00e9daliers. A partir de 30 \u20ac pour deux personnes, 18 \u20ac pour une personne seuleComprend la nuit \u00e0 bord (avec vos propres couchages), petit d\u00e9jeuner, acc\u00e8s aux sanitaires, local v\u00e9los ferm\u00e9.<\/p>\n","protected":false},"author":1,"featured_media":0,"parent":0,"menu_order":0,"comment_status":"closed","ping_status":"closed","template":"","meta":{"footnotes":""},"class_list":["post-320","page","type-page","status-publish","hentry"],"yoast_head":"<!-- This site is optimized with the Yoast SEO plugin v27.3 - https:\/\/yoast.com\/product\/yoast-seo-wordpress\/ -->\n<title>Nuit\u00e9e \u00e0 bord d&#039;un petit bateau \u00e0 p\u00e9dalier - Canotika Tourisme Miniboat La Mayenne<\/title>\n<meta name=\"robots\" content=\"index, follow, max-snippet:-1, max-image-preview:large, max-video-preview:-1\" \/>\n<link rel=\"canonical\" href=\"http:\/\/canotika-tourisme.fr\/index.php\/nuitee-a-bord-dun-petit-bateau-a-pedalier\/\" \/>\n<meta property=\"og:locale\" content=\"fr_FR\" \/>\n<meta property=\"og:type\" content=\"article\" \/>\n<meta property=\"og:title\" content=\"Nuit\u00e9e \u00e0 bord d&#039;un petit bateau \u00e0 p\u00e9dalier - Canotika Tourisme Miniboat La Mayenne\" \/>\n<meta property=\"og:description\" content=\"Sur la rivi\u00e8re la Mayenne, sur la V\u00e9lofrancette passez une nuit\u00e9e dans un petit bateau \u00e0 p\u00e9daliers. A partir de 30 \u20ac pour deux personnes, 18 \u20ac pour une personne seuleComprend la nuit \u00e0 bord (avec vos propres couchages), petit d\u00e9jeuner, acc\u00e8s aux sanitaires, local v\u00e9los ferm\u00e9.\" \/>\n<meta property=\"og:url\" content=\"http:\/\/canotika-tourisme.fr\/index.php\/nuitee-a-bord-dun-petit-bateau-a-pedalier\/\" \/>\n<meta property=\"og:site_name\" content=\"Canotika Tourisme Miniboat La Mayenne\" \/>\n<meta property=\"article:publisher\" content=\"https:\/\/www.facebook.com\/canotika\/\" \/>\n<meta property=\"article:modified_time\" content=\"2020-11-27T17:32:51+00:00\" \/>\n<meta name=\"twitter:card\" content=\"summary_large_image\" \/>\n<meta name=\"twitter:site\" content=\"@canotika\" \/>\n<script type=\"application\/ld+json\" class=\"yoast-schema-graph\">{\"@context\":\"https:\\\/\\\/schema.org\",\"@graph\":[{\"@type\":\"WebPage\",\"@id\":\"http:\\\/\\\/canotika-tourisme.fr\\\/index.php\\\/nuitee-a-bord-dun-petit-bateau-a-pedalier\\\/\",\"url\":\"http:\\\/\\\/canotika-tourisme.fr\\\/index.php\\\/nuitee-a-bord-dun-petit-bateau-a-pedalier\\\/\",\"name\":\"Nuit\u00e9e \u00e0 bord d'un petit bateau \u00e0 p\u00e9dalier - Canotika Tourisme Miniboat La Mayenne\",\"isPartOf\":{\"@id\":\"http:\\\/\\\/canotika-tourisme.fr\\\/#website\"},\"datePublished\":\"2020-07-26T13:57:44+00:00\",\"dateModified\":\"2020-11-27T17:32:51+00:00\",\"breadcrumb\":{\"@id\":\"http:\\\/\\\/canotika-tourisme.fr\\\/index.php\\\/nuitee-a-bord-dun-petit-bateau-a-pedalier\\\/#breadcrumb\"},\"inLanguage\":\"fr-FR\",\"potentialAction\":[{\"@type\":\"ReadAction\",\"target\":[\"http:\\\/\\\/canotika-tourisme.fr\\\/index.php\\\/nuitee-a-bord-dun-petit-bateau-a-pedalier\\\/\"]}]},{\"@type\":\"BreadcrumbList\",\"@id\":\"http:\\\/\\\/canotika-tourisme.fr\\\/index.php\\\/nuitee-a-bord-dun-petit-bateau-a-pedalier\\\/#breadcrumb\",\"itemListElement\":[{\"@type\":\"ListItem\",\"position\":1,\"name\":\"Accueil\",\"item\":\"http:\\\/\\\/canotika-tourisme.fr\\\/\"},{\"@type\":\"ListItem\",\"position\":2,\"name\":\"Nuit\u00e9e \u00e0 bord d&rsquo;un petit bateau \u00e0 p\u00e9dalier\"}]},{\"@type\":\"WebSite\",\"@id\":\"http:\\\/\\\/canotika-tourisme.fr\\\/#website\",\"url\":\"http:\\\/\\\/canotika-tourisme.fr\\\/\",\"name\":\"Canotika Tourisme Miniboat La Mayenne\",\"description\":\"Le plaisir de naviguer en Mayenne - Location  de v\u00e9los \u00e0 Ch\u00e2teau-Gontier, Laval et Mayenne\",\"publisher\":{\"@id\":\"http:\\\/\\\/canotika-tourisme.fr\\\/#organization\"},\"potentialAction\":[{\"@type\":\"SearchAction\",\"target\":{\"@type\":\"EntryPoint\",\"urlTemplate\":\"http:\\\/\\\/canotika-tourisme.fr\\\/?s={search_term_string}\"},\"query-input\":{\"@type\":\"PropertyValueSpecification\",\"valueRequired\":true,\"valueName\":\"search_term_string\"}}],\"inLanguage\":\"fr-FR\"},{\"@type\":\"Organization\",\"@id\":\"http:\\\/\\\/canotika-tourisme.fr\\\/#organization\",\"name\":\"Canotika Tourisme Miniboat La Mayenne\",\"url\":\"http:\\\/\\\/canotika-tourisme.fr\\\/\",\"logo\":{\"@type\":\"ImageObject\",\"inLanguage\":\"fr-FR\",\"@id\":\"http:\\\/\\\/canotika-tourisme.fr\\\/#\\\/schema\\\/logo\\\/image\\\/\",\"url\":\"https:\\\/\\\/canotika-tourisme.fr\\\/wp-content\\\/uploads\\\/2018\\\/12\\\/cropped-CNK-Logo-canotika-2014.jpg\",\"contentUrl\":\"https:\\\/\\\/canotika-tourisme.fr\\\/wp-content\\\/uploads\\\/2018\\\/12\\\/cropped-CNK-Logo-canotika-2014.jpg\",\"width\":299,\"height\":250,\"caption\":\"Canotika Tourisme  Miniboat La Mayenne\"},\"image\":{\"@id\":\"http:\\\/\\\/canotika-tourisme.fr\\\/#\\\/schema\\\/logo\\\/image\\\/\"},\"sameAs\":[\"https:\\\/\\\/www.facebook.com\\\/canotika\\\/\",\"https:\\\/\\\/x.com\\\/canotika\",\"http:\\\/\\\/@canotika\"]}]}<\/script>\n<!-- \/ Yoast SEO plugin. -->","yoast_head_json":{"title":"Nuit\u00e9e \u00e0 bord d'un petit bateau \u00e0 p\u00e9dalier - Canotika Tourisme Miniboat La Mayenne","robots":{"index":"index","follow":"follow","max-snippet":"max-snippet:-1","max-image-preview":"max-image-preview:large","max-video-preview":"max-video-preview:-1"},"canonical":"http:\/\/canotika-tourisme.fr\/index.php\/nuitee-a-bord-dun-petit-bateau-a-pedalier\/","og_locale":"fr_FR","og_type":"article","og_title":"Nuit\u00e9e \u00e0 bord d'un petit bateau \u00e0 p\u00e9dalier - Canotika Tourisme Miniboat La Mayenne","og_description":"Sur la rivi\u00e8re la Mayenne, sur la V\u00e9lofrancette passez une nuit\u00e9e dans un petit bateau \u00e0 p\u00e9daliers. A partir de 30 \u20ac pour deux personnes, 18 \u20ac pour une personne seuleComprend la nuit \u00e0 bord (avec vos propres couchages), petit d\u00e9jeuner, acc\u00e8s aux sanitaires, local v\u00e9los ferm\u00e9.","og_url":"http:\/\/canotika-tourisme.fr\/index.php\/nuitee-a-bord-dun-petit-bateau-a-pedalier\/","og_site_name":"Canotika Tourisme Miniboat La Mayenne","article_publisher":"https:\/\/www.facebook.com\/canotika\/","article_modified_time":"2020-11-27T17:32:51+00:00","twitter_card":"summary_large_image","twitter_site":"@canotika","schema":{"@context":"https:\/\/schema.org","@graph":[{"@type":"WebPage","@id":"http:\/\/canotika-tourisme.fr\/index.php\/nuitee-a-bord-dun-petit-bateau-a-pedalier\/","url":"http:\/\/canotika-tourisme.fr\/index.php\/nuitee-a-bord-dun-petit-bateau-a-pedalier\/","name":"Nuit\u00e9e \u00e0 bord d'un petit bateau \u00e0 p\u00e9dalier - Canotika Tourisme Miniboat La Mayenne","isPartOf":{"@id":"http:\/\/canotika-tourisme.fr\/#website"},"datePublished":"2020-07-26T13:57:44+00:00","dateModified":"2020-11-27T17:32:51+00:00","breadcrumb":{"@id":"http:\/\/canotika-tourisme.fr\/index.php\/nuitee-a-bord-dun-petit-bateau-a-pedalier\/#breadcrumb"},"inLanguage":"fr-FR","potentialAction":[{"@type":"ReadAction","target":["http:\/\/canotika-tourisme.fr\/index.php\/nuitee-a-bord-dun-petit-bateau-a-pedalier\/"]}]},{"@type":"BreadcrumbList","@id":"http:\/\/canotika-tourisme.fr\/index.php\/nuitee-a-bord-dun-petit-bateau-a-pedalier\/#breadcrumb","itemListElement":[{"@type":"ListItem","position":1,"name":"Accueil","item":"http:\/\/canotika-tourisme.fr\/"},{"@type":"ListItem","position":2,"name":"Nuit\u00e9e \u00e0 bord d&rsquo;un petit bateau \u00e0 p\u00e9dalier"}]},{"@type":"WebSite","@id":"http:\/\/canotika-tourisme.fr\/#website","url":"http:\/\/canotika-tourisme.fr\/","name":"Canotika Tourisme Miniboat La Mayenne","description":"Le plaisir de naviguer en Mayenne - Location  de v\u00e9los \u00e0 Ch\u00e2teau-Gontier, Laval et Mayenne","publisher":{"@id":"http:\/\/canotika-tourisme.fr\/#organization"},"potentialAction":[{"@type":"SearchAction","target":{"@type":"EntryPoint","urlTemplate":"http:\/\/canotika-tourisme.fr\/?s={search_term_string}"},"query-input":{"@type":"PropertyValueSpecification","valueRequired":true,"valueName":"search_term_string"}}],"inLanguage":"fr-FR"},{"@type":"Organization","@id":"http:\/\/canotika-tourisme.fr\/#organization","name":"Canotika Tourisme Miniboat La Mayenne","url":"http:\/\/canotika-tourisme.fr\/","logo":{"@type":"ImageObject","inLanguage":"fr-FR","@id":"http:\/\/canotika-tourisme.fr\/#\/schema\/logo\/image\/","url":"https:\/\/canotika-tourisme.fr\/wp-content\/uploads\/2018\/12\/cropped-CNK-Logo-canotika-2014.jpg","contentUrl":"https:\/\/canotika-tourisme.fr\/wp-content\/uploads\/2018\/12\/cropped-CNK-Logo-canotika-2014.jpg","width":299,"height":250,"caption":"Canotika Tourisme  Miniboat La Mayenne"},"image":{"@id":"http:\/\/canotika-tourisme.fr\/#\/schema\/logo\/image\/"},"sameAs":["https:\/\/www.facebook.com\/canotika\/","https:\/\/x.com\/canotika","http:\/\/@canotika"]}]}},"_links":{"self":[{"href":"https:\/\/canotika-tourisme.fr\/index.php\/wp-json\/wp\/v2\/pages\/320","targetHints":{"allow":["GET"]}}],"collection":[{"href":"https:\/\/canotika-tourisme.fr\/index.php\/wp-json\/wp\/v2\/pages"}],"about":[{"href":"https:\/\/canotika-tourisme.fr\/index.php\/wp-json\/wp\/v2\/types\/page"}],"author":[{"embeddable":true,"href":"https:\/\/canotika-tourisme.fr\/index.php\/wp-json\/wp\/v2\/users\/1"}],"replies":[{"embeddable":true,"href":"https:\/\/canotika-tourisme.fr\/index.php\/wp-json\/wp\/v2\/comments?post=320"}],"version-history":[{"count":6,"href":"https:\/\/canotika-tourisme.fr\/index.php\/wp-json\/wp\/v2\/pages\/320\/revisions"}],"predecessor-version":[{"id":359,"href":"https:\/\/canotika-tourisme.fr\/index.php\/wp-json\/wp\/v2\/pages\/320\/revisions\/359"}],"wp:attachment":[{"href":"https:\/\/canotika-tourisme.fr\/index.php\/wp-json\/wp\/v2\/media?parent=320"}],"curies":[{"name":"wp","href":"https:\/\/api.w.org\/{rel}","templated":true}]}}