{"id":269,"date":"2020-05-09T22:13:22","date_gmt":"2020-05-09T20:13:22","guid":{"rendered":"http:\/\/canotika-tourisme.fr\/?page_id=269"},"modified":"2023-02-10T23:05:54","modified_gmt":"2023-02-10T22:05:54","slug":"contact-canotika","status":"publish","type":"page","link":"https:\/\/canotika-tourisme.fr\/index.php\/contact-canotika\/","title":{"rendered":"Contact canotika"},"content":{"rendered":"\n<p>Quai Pierre de Coubertin<br>53200 Ch\u00e2teau-Gontier<\/p>\n\n\n\n<p>T\u00e9l\u00e9phone : 06 15 49 28 73<\/p>\n\n\n\n<p>Par courriel : info@canotika.fr<\/p>\n\n\n\n<p>Pour nous rejoindre :<br>Gare SNCF de Laval : 30 km<br>Autoroute : A81 Vaiges &#8211; A11 Sabl\u00e9<br>Route : Angers &#8211; Laval<\/p>\n\n\n\n<p><iframe loading=\"lazy\" src=\"http:\/\/maps.google.fr\/maps\/ms?msa=0&amp;msid=210886344732821333129.00049d6bbeee4d97697db&amp;hl=fr&amp;ie=UTF8&amp;t=m&amp;vpsrc=6&amp;ll=47.827908,-0.703125&amp;spn=7.081718,14.0625&amp;z=6&amp;output=embed\" marginwidth=\"0\" marginheight=\"0\" scrolling=\"no\" width=\"640\" height=\"480\" frameborder=\"0\"><\/iframe><br><small>Afficher <a style=\"color: #0000ff; text-align: left;\" href=\"http:\/\/maps.google.fr\/maps\/ms?msa=0&amp;msid=210886344732821333129.00049d6bbeee4d97697db&amp;hl=fr&amp;ie=UTF8&amp;t=m&amp;vpsrc=6&amp;ll=47.827908,-0.703125&amp;spn=7.081718,14.0625&amp;z=6&amp;source=embed\">canotika le plaisir de naviguer en Mayenne<\/a> sur une carte plus grande<\/small><\/p>\n","protected":false},"excerpt":{"rendered":"<p>Quai Pierre de Coubertin53200 Ch\u00e2teau-Gontier T\u00e9l\u00e9phone : 06 15 49 28 73 Par courriel : info@canotika.fr Pour nous rejoindre :Gare SNCF de Laval : 30 kmAutoroute : A81 Vaiges &#8211; A11 Sabl\u00e9Route : Angers &#8211; Laval Afficher canotika le plaisir de naviguer en Mayenne sur une carte plus grande<\/p>\n","protected":false},"author":1,"featured_media":0,"parent":0,"menu_order":0,"comment_status":"closed","ping_status":"closed","template":"","meta":{"footnotes":""},"class_list":["post-269","page","type-page","status-publish","hentry"],"yoast_head":"<!-- This site is optimized with the Yoast SEO plugin v27.3 - https:\/\/yoast.com\/product\/yoast-seo-wordpress\/ -->\n<title>Contact canotika - Canotika Tourisme Miniboat La Mayenne<\/title>\n<meta name=\"description\" content=\"Pour la location de petites bateaux cano\u00eb-kayak paddle et bateaux \u00e0 p\u00e9daliers contactez Canotika Tourisme composer le 0615492873\" \/>\n<meta name=\"robots\" content=\"index, follow, max-snippet:-1, max-image-preview:large, max-video-preview:-1\" \/>\n<link rel=\"canonical\" href=\"http:\/\/canotika-tourisme.fr\/index.php\/contact-canotika\/\" \/>\n<meta property=\"og:locale\" content=\"fr_FR\" \/>\n<meta property=\"og:type\" content=\"article\" \/>\n<meta property=\"og:title\" content=\"Contact canotika - Canotika Tourisme Miniboat La Mayenne\" \/>\n<meta property=\"og:description\" content=\"Pour la location de petites bateaux cano\u00eb-kayak paddle et bateaux \u00e0 p\u00e9daliers contactez Canotika Tourisme composer le 0615492873\" \/>\n<meta property=\"og:url\" content=\"http:\/\/canotika-tourisme.fr\/index.php\/contact-canotika\/\" \/>\n<meta property=\"og:site_name\" content=\"Canotika Tourisme Miniboat La Mayenne\" \/>\n<meta property=\"article:publisher\" content=\"https:\/\/www.facebook.com\/canotika\/\" \/>\n<meta property=\"article:modified_time\" content=\"2023-02-10T22:05:54+00:00\" \/>\n<meta name=\"twitter:card\" content=\"summary_large_image\" \/>\n<meta name=\"twitter:site\" content=\"@canotika\" \/>\n<meta name=\"twitter:label1\" content=\"Dur\u00e9e de lecture estim\u00e9e\" \/>\n\t<meta name=\"twitter:data1\" content=\"1 minute\" \/>\n<script type=\"application\/ld+json\" class=\"yoast-schema-graph\">{\"@context\":\"https:\\\/\\\/schema.org\",\"@graph\":[{\"@type\":\"WebPage\",\"@id\":\"http:\\\/\\\/canotika-tourisme.fr\\\/index.php\\\/contact-canotika\\\/\",\"url\":\"http:\\\/\\\/canotika-tourisme.fr\\\/index.php\\\/contact-canotika\\\/\",\"name\":\"Contact canotika - Canotika Tourisme Miniboat La Mayenne\",\"isPartOf\":{\"@id\":\"http:\\\/\\\/canotika-tourisme.fr\\\/#website\"},\"datePublished\":\"2020-05-09T20:13:22+00:00\",\"dateModified\":\"2023-02-10T22:05:54+00:00\",\"description\":\"Pour la location de petites bateaux cano\u00eb-kayak paddle et bateaux \u00e0 p\u00e9daliers contactez Canotika Tourisme composer le 0615492873\",\"breadcrumb\":{\"@id\":\"http:\\\/\\\/canotika-tourisme.fr\\\/index.php\\\/contact-canotika\\\/#breadcrumb\"},\"inLanguage\":\"fr-FR\",\"potentialAction\":[{\"@type\":\"ReadAction\",\"target\":[\"http:\\\/\\\/canotika-tourisme.fr\\\/index.php\\\/contact-canotika\\\/\"]}]},{\"@type\":\"BreadcrumbList\",\"@id\":\"http:\\\/\\\/canotika-tourisme.fr\\\/index.php\\\/contact-canotika\\\/#breadcrumb\",\"itemListElement\":[{\"@type\":\"ListItem\",\"position\":1,\"name\":\"Accueil\",\"item\":\"http:\\\/\\\/canotika-tourisme.fr\\\/\"},{\"@type\":\"ListItem\",\"position\":2,\"name\":\"Contact canotika\"}]},{\"@type\":\"WebSite\",\"@id\":\"http:\\\/\\\/canotika-tourisme.fr\\\/#website\",\"url\":\"http:\\\/\\\/canotika-tourisme.fr\\\/\",\"name\":\"Canotika Tourisme Miniboat La Mayenne\",\"description\":\"Le plaisir de naviguer en Mayenne - Location  de v\u00e9los \u00e0 Ch\u00e2teau-Gontier, Laval et Mayenne\",\"publisher\":{\"@id\":\"http:\\\/\\\/canotika-tourisme.fr\\\/#organization\"},\"potentialAction\":[{\"@type\":\"SearchAction\",\"target\":{\"@type\":\"EntryPoint\",\"urlTemplate\":\"http:\\\/\\\/canotika-tourisme.fr\\\/?s={search_term_string}\"},\"query-input\":{\"@type\":\"PropertyValueSpecification\",\"valueRequired\":true,\"valueName\":\"search_term_string\"}}],\"inLanguage\":\"fr-FR\"},{\"@type\":\"Organization\",\"@id\":\"http:\\\/\\\/canotika-tourisme.fr\\\/#organization\",\"name\":\"Canotika Tourisme Miniboat La Mayenne\",\"url\":\"http:\\\/\\\/canotika-tourisme.fr\\\/\",\"logo\":{\"@type\":\"ImageObject\",\"inLanguage\":\"fr-FR\",\"@id\":\"http:\\\/\\\/canotika-tourisme.fr\\\/#\\\/schema\\\/logo\\\/image\\\/\",\"url\":\"https:\\\/\\\/canotika-tourisme.fr\\\/wp-content\\\/uploads\\\/2018\\\/12\\\/cropped-CNK-Logo-canotika-2014.jpg\",\"contentUrl\":\"https:\\\/\\\/canotika-tourisme.fr\\\/wp-content\\\/uploads\\\/2018\\\/12\\\/cropped-CNK-Logo-canotika-2014.jpg\",\"width\":299,\"height\":250,\"caption\":\"Canotika Tourisme  Miniboat La Mayenne\"},\"image\":{\"@id\":\"http:\\\/\\\/canotika-tourisme.fr\\\/#\\\/schema\\\/logo\\\/image\\\/\"},\"sameAs\":[\"https:\\\/\\\/www.facebook.com\\\/canotika\\\/\",\"https:\\\/\\\/x.com\\\/canotika\",\"http:\\\/\\\/@canotika\"]}]}<\/script>\n<!-- \/ Yoast SEO plugin. -->","yoast_head_json":{"title":"Contact canotika - Canotika Tourisme Miniboat La Mayenne","description":"Pour la location de petites bateaux cano\u00eb-kayak paddle et bateaux \u00e0 p\u00e9daliers contactez Canotika Tourisme composer le 0615492873","robots":{"index":"index","follow":"follow","max-snippet":"max-snippet:-1","max-image-preview":"max-image-preview:large","max-video-preview":"max-video-preview:-1"},"canonical":"http:\/\/canotika-tourisme.fr\/index.php\/contact-canotika\/","og_locale":"fr_FR","og_type":"article","og_title":"Contact canotika - Canotika Tourisme Miniboat La Mayenne","og_description":"Pour la location de petites bateaux cano\u00eb-kayak paddle et bateaux \u00e0 p\u00e9daliers contactez Canotika Tourisme composer le 0615492873","og_url":"http:\/\/canotika-tourisme.fr\/index.php\/contact-canotika\/","og_site_name":"Canotika Tourisme Miniboat La Mayenne","article_publisher":"https:\/\/www.facebook.com\/canotika\/","article_modified_time":"2023-02-10T22:05:54+00:00","twitter_card":"summary_large_image","twitter_site":"@canotika","twitter_misc":{"Dur\u00e9e de lecture estim\u00e9e":"1 minute"},"schema":{"@context":"https:\/\/schema.org","@graph":[{"@type":"WebPage","@id":"http:\/\/canotika-tourisme.fr\/index.php\/contact-canotika\/","url":"http:\/\/canotika-tourisme.fr\/index.php\/contact-canotika\/","name":"Contact canotika - Canotika Tourisme Miniboat La Mayenne","isPartOf":{"@id":"http:\/\/canotika-tourisme.fr\/#website"},"datePublished":"2020-05-09T20:13:22+00:00","dateModified":"2023-02-10T22:05:54+00:00","description":"Pour la location de petites bateaux cano\u00eb-kayak paddle et bateaux \u00e0 p\u00e9daliers contactez Canotika Tourisme composer le 0615492873","breadcrumb":{"@id":"http:\/\/canotika-tourisme.fr\/index.php\/contact-canotika\/#breadcrumb"},"inLanguage":"fr-FR","potentialAction":[{"@type":"ReadAction","target":["http:\/\/canotika-tourisme.fr\/index.php\/contact-canotika\/"]}]},{"@type":"BreadcrumbList","@id":"http:\/\/canotika-tourisme.fr\/index.php\/contact-canotika\/#breadcrumb","itemListElement":[{"@type":"ListItem","position":1,"name":"Accueil","item":"http:\/\/canotika-tourisme.fr\/"},{"@type":"ListItem","position":2,"name":"Contact canotika"}]},{"@type":"WebSite","@id":"http:\/\/canotika-tourisme.fr\/#website","url":"http:\/\/canotika-tourisme.fr\/","name":"Canotika Tourisme Miniboat La Mayenne","description":"Le plaisir de naviguer en Mayenne - Location  de v\u00e9los \u00e0 Ch\u00e2teau-Gontier, Laval et Mayenne","publisher":{"@id":"http:\/\/canotika-tourisme.fr\/#organization"},"potentialAction":[{"@type":"SearchAction","target":{"@type":"EntryPoint","urlTemplate":"http:\/\/canotika-tourisme.fr\/?s={search_term_string}"},"query-input":{"@type":"PropertyValueSpecification","valueRequired":true,"valueName":"search_term_string"}}],"inLanguage":"fr-FR"},{"@type":"Organization","@id":"http:\/\/canotika-tourisme.fr\/#organization","name":"Canotika Tourisme Miniboat La Mayenne","url":"http:\/\/canotika-tourisme.fr\/","logo":{"@type":"ImageObject","inLanguage":"fr-FR","@id":"http:\/\/canotika-tourisme.fr\/#\/schema\/logo\/image\/","url":"https:\/\/canotika-tourisme.fr\/wp-content\/uploads\/2018\/12\/cropped-CNK-Logo-canotika-2014.jpg","contentUrl":"https:\/\/canotika-tourisme.fr\/wp-content\/uploads\/2018\/12\/cropped-CNK-Logo-canotika-2014.jpg","width":299,"height":250,"caption":"Canotika Tourisme  Miniboat La Mayenne"},"image":{"@id":"http:\/\/canotika-tourisme.fr\/#\/schema\/logo\/image\/"},"sameAs":["https:\/\/www.facebook.com\/canotika\/","https:\/\/x.com\/canotika","http:\/\/@canotika"]}]}},"_links":{"self":[{"href":"https:\/\/canotika-tourisme.fr\/index.php\/wp-json\/wp\/v2\/pages\/269","targetHints":{"allow":["GET"]}}],"collection":[{"href":"https:\/\/canotika-tourisme.fr\/index.php\/wp-json\/wp\/v2\/pages"}],"about":[{"href":"https:\/\/canotika-tourisme.fr\/index.php\/wp-json\/wp\/v2\/types\/page"}],"author":[{"embeddable":true,"href":"https:\/\/canotika-tourisme.fr\/index.php\/wp-json\/wp\/v2\/users\/1"}],"replies":[{"embeddable":true,"href":"https:\/\/canotika-tourisme.fr\/index.php\/wp-json\/wp\/v2\/comments?post=269"}],"version-history":[{"count":2,"href":"https:\/\/canotika-tourisme.fr\/index.php\/wp-json\/wp\/v2\/pages\/269\/revisions"}],"predecessor-version":[{"id":600,"href":"https:\/\/canotika-tourisme.fr\/index.php\/wp-json\/wp\/v2\/pages\/269\/revisions\/600"}],"wp:attachment":[{"href":"https:\/\/canotika-tourisme.fr\/index.php\/wp-json\/wp\/v2\/media?parent=269"}],"curies":[{"name":"wp","href":"https:\/\/api.w.org\/{rel}","templated":true}]}}