{"id":2,"date":"2020-10-06T16:13:00","date_gmt":"2020-10-06T14:13:00","guid":{"rendered":"http:\/\/canotika-tourisme.fr\/?page_id=2"},"modified":"2025-06-26T02:31:20","modified_gmt":"2025-06-26T00:31:20","slug":"accueil-canotika-locations","status":"publish","type":"page","link":"https:\/\/canotika-tourisme.fr\/index.php\/accueil-canotika-locations\/","title":{"rendered":"Canotika Tourisme propose le d\u00e9fi du Capitaine"},"content":{"rendered":"\n<figure class=\"wp-block-image size-medium is-style-default\"><img loading=\"lazy\" decoding=\"async\" width=\"300\" height=\"300\" src=\"http:\/\/canotika-tourisme.fr\/wp-content\/uploads\/2022\/07\/JP-Le-defi-du-capitaine-300x300.png\" alt=\"Le d\u00e9fi du capitaine jeu de piste nautique\" class=\"wp-image-535\" srcset=\"https:\/\/canotika-tourisme.fr\/wp-content\/uploads\/2022\/07\/JP-Le-defi-du-capitaine-300x300.png 300w, https:\/\/canotika-tourisme.fr\/wp-content\/uploads\/2022\/07\/JP-Le-defi-du-capitaine-1024x1024.png 1024w, https:\/\/canotika-tourisme.fr\/wp-content\/uploads\/2022\/07\/JP-Le-defi-du-capitaine-150x150.png 150w, https:\/\/canotika-tourisme.fr\/wp-content\/uploads\/2022\/07\/JP-Le-defi-du-capitaine-768x767.png 768w, https:\/\/canotika-tourisme.fr\/wp-content\/uploads\/2022\/07\/JP-Le-defi-du-capitaine-100x100.png 100w, https:\/\/canotika-tourisme.fr\/wp-content\/uploads\/2022\/07\/JP-Le-defi-du-capitaine.png 1300w\" sizes=\"auto, (max-width: 300px) 100vw, 300px\" \/><figcaption class=\"wp-element-caption\">Une nouvelle exp\u00e9rience nautique<\/figcaption><\/figure>\n\n\n\n<p>Un jeu de piste nautique id\u00e9al pour d\u00e9couvrir la rivi\u00e8re la Mayenne \u00e0 Ch\u00e2teau-Gontier sur Mayenne.<\/p>\n\n\n\n<p><a href=\"http:\/\/canotika-tourisme.fr\/index.php\/2022\/07\/27\/defi-du-capitaine-jeu-de-piste-nautique\/\">En d\u00e9tail le d\u00e9fi du capitaine<\/a><\/p>\n\n\n<h2>Vous recherchez\u00a0 des exp\u00e9riences \u00e0 vivre entre amis, en famille ou en couple.<\/h2>\n<p>D\u00e8s l&rsquo;arriv\u00e9e des beaux jours et jusqu&rsquo;en automne,\u00a0 <strong>Canotika-tourisme<\/strong> vous offre un grand choix d&rsquo;activit\u00e9s nautiques sur la rivi\u00e8re la Mayenne* et aussi des balades cyclistes sur les voies vertes et sur une partie de la V\u00e9lo Francette, v\u00e9lo-route qui emprunte le chemin de halage le long de la rivi\u00e8re la Mayenne.<\/p>\n<p>Canotika-tourisme est pr\u00e9sent en Anjou, sur le sud du d\u00e9partement de la Mayenne entre la ville de Laval et la limite avec le Maine-et-Loire.<\/p>\n<p>* Aussi sur l&rsquo;ensemble des <a href=\"https:\/\/www.rivieres-ouest.com\/\">Rivi\u00e8res de l&rsquo;Ouest<\/a><\/p>\n<h2>D\u00e9couvrez nos offres<\/h2>\n<p><a href=\"http:\/\/canotika-tourisme.fr\/index.php\/se-dandyner-sur-leau-avec-les-miniboats-la-mayenne-avec-canotika\/\">Les Miniboats La Mayenne, la Dolce Vita \u00e0 la fran\u00e7aise<\/a><\/p>\n<p><a href=\"http:\/\/canotika-tourisme.fr\/index.php\/louer-des-velos-mayenne\/\">P\u00e9daler sur les voies vertes de la Mayenne et la V\u00e9lo-Francette<\/a><\/p>\n<p><a href=\"http:\/\/canotika-tourisme.fr\/index.php\/location-bateaux-a-pedaliers\/\">P\u00e9daler sur la rivi\u00e8re sur nos bateaux \u00e0 p\u00e9daliers<\/a><\/p>\n<p><a href=\"http:\/\/canotika-tourisme.fr\/index.php\/louer-des-kayaks\/\">Pagayer sur la Mayenne en cano\u00ebs kayak et paddle<\/a><\/p>\n<p><a href=\"http:\/\/canotika-tourisme.fr\/index.php\/petits-bateaux-electriques\/\">Balader vous en bateau \u00e9lectrique \u00e0 Ch\u00e2teau-Gontier<\/a><\/p>\n<p><a href=\"http:\/\/canotika-tourisme.fr\/index.php\/petits-bateaux-electriques\/\">Fl\u00e2ner et bronzer sur un p\u00e9dalo au pied de Saint Jean-Baptiste<\/a><\/p>","protected":false},"excerpt":{"rendered":"<p>Un jeu de piste nautique id\u00e9al pour d\u00e9couvrir la rivi\u00e8re la Mayenne \u00e0 Ch\u00e2teau-Gontier sur Mayenne. En d\u00e9tail le d\u00e9fi du capitaine Vous recherchez\u00a0 des exp\u00e9riences \u00e0 vivre entre amis, en famille ou en couple. D\u00e8s l&rsquo;arriv\u00e9e des beaux jours et jusqu&rsquo;en automne,\u00a0 Canotika-tourisme vous offre un grand choix d&rsquo;activit\u00e9s nautiques sur la rivi\u00e8re la &hellip; <\/p>\n<p class=\"link-more\"><a href=\"https:\/\/canotika-tourisme.fr\/index.php\/accueil-canotika-locations\/\" class=\"more-link\">Continuer la lecture<span class=\"screen-reader-text\"> de &laquo;&nbsp;Canotika Tourisme propose le d\u00e9fi du Capitaine&nbsp;&raquo;<\/span><\/a><\/p>\n","protected":false},"author":1,"featured_media":0,"parent":0,"menu_order":0,"comment_status":"closed","ping_status":"open","template":"","meta":{"footnotes":""},"class_list":["post-2","page","type-page","status-publish","hentry"],"yoast_head":"<!-- This site is optimized with the Yoast SEO plugin v27.3 - https:\/\/yoast.com\/product\/yoast-seo-wordpress\/ -->\n<title>location v\u00e9lo bateau cano\u00eb kayak paddle - canotika tourisme<\/title>\n<meta name=\"description\" content=\"Canotika Tourisme vous propose la location v\u00e9lo petits bateaux bateaux \u00e9lectriques bateaux \u00e0 p\u00e9daliers, cano\u00eb-kayak et paddle\" \/>\n<meta name=\"robots\" content=\"index, follow, max-snippet:-1, max-image-preview:large, max-video-preview:-1\" \/>\n<link rel=\"canonical\" href=\"http:\/\/canotika-tourisme.fr\/index.php\/accueil-canotika-locations\/\" \/>\n<meta property=\"og:locale\" content=\"fr_FR\" \/>\n<meta property=\"og:type\" content=\"article\" \/>\n<meta property=\"og:title\" content=\"location v\u00e9lo bateau cano\u00eb kayak paddle - canotika tourisme\" \/>\n<meta property=\"og:description\" content=\"Canotika Tourisme vous propose la location v\u00e9lo petits bateaux bateaux \u00e9lectriques bateaux \u00e0 p\u00e9daliers, cano\u00eb-kayak et paddle\" \/>\n<meta property=\"og:url\" content=\"http:\/\/canotika-tourisme.fr\/index.php\/accueil-canotika-locations\/\" \/>\n<meta property=\"og:site_name\" content=\"Canotika Tourisme Miniboat La Mayenne\" \/>\n<meta property=\"article:publisher\" content=\"https:\/\/www.facebook.com\/canotika\/\" \/>\n<meta property=\"article:modified_time\" content=\"2025-06-26T00:31:20+00:00\" \/>\n<meta property=\"og:image\" content=\"http:\/\/canotika-tourisme.fr\/wp-content\/uploads\/2022\/07\/JP-Le-defi-du-capitaine-300x300.png\" \/>\n<meta name=\"twitter:card\" content=\"summary_large_image\" \/>\n<meta name=\"twitter:site\" content=\"@canotika\" \/>\n<meta name=\"twitter:label1\" content=\"Dur\u00e9e de lecture estim\u00e9e\" \/>\n\t<meta name=\"twitter:data1\" content=\"2 minutes\" \/>\n<script type=\"application\/ld+json\" class=\"yoast-schema-graph\">{\"@context\":\"https:\\\/\\\/schema.org\",\"@graph\":[{\"@type\":\"WebPage\",\"@id\":\"http:\\\/\\\/canotika-tourisme.fr\\\/index.php\\\/accueil-canotika-locations\\\/\",\"url\":\"http:\\\/\\\/canotika-tourisme.fr\\\/index.php\\\/accueil-canotika-locations\\\/\",\"name\":\"location v\u00e9lo bateau cano\u00eb kayak paddle - canotika tourisme\",\"isPartOf\":{\"@id\":\"http:\\\/\\\/canotika-tourisme.fr\\\/#website\"},\"primaryImageOfPage\":{\"@id\":\"http:\\\/\\\/canotika-tourisme.fr\\\/index.php\\\/accueil-canotika-locations\\\/#primaryimage\"},\"image\":{\"@id\":\"http:\\\/\\\/canotika-tourisme.fr\\\/index.php\\\/accueil-canotika-locations\\\/#primaryimage\"},\"thumbnailUrl\":\"http:\\\/\\\/canotika-tourisme.fr\\\/wp-content\\\/uploads\\\/2022\\\/07\\\/JP-Le-defi-du-capitaine-300x300.png\",\"datePublished\":\"2020-10-06T14:13:00+00:00\",\"dateModified\":\"2025-06-26T00:31:20+00:00\",\"description\":\"Canotika Tourisme vous propose la location v\u00e9lo petits bateaux bateaux \u00e9lectriques bateaux \u00e0 p\u00e9daliers, cano\u00eb-kayak et paddle\",\"breadcrumb\":{\"@id\":\"http:\\\/\\\/canotika-tourisme.fr\\\/index.php\\\/accueil-canotika-locations\\\/#breadcrumb\"},\"inLanguage\":\"fr-FR\",\"potentialAction\":[{\"@type\":\"ReadAction\",\"target\":[\"http:\\\/\\\/canotika-tourisme.fr\\\/index.php\\\/accueil-canotika-locations\\\/\"]}]},{\"@type\":\"ImageObject\",\"inLanguage\":\"fr-FR\",\"@id\":\"http:\\\/\\\/canotika-tourisme.fr\\\/index.php\\\/accueil-canotika-locations\\\/#primaryimage\",\"url\":\"https:\\\/\\\/canotika-tourisme.fr\\\/wp-content\\\/uploads\\\/2022\\\/07\\\/JP-Le-defi-du-capitaine.png\",\"contentUrl\":\"https:\\\/\\\/canotika-tourisme.fr\\\/wp-content\\\/uploads\\\/2022\\\/07\\\/JP-Le-defi-du-capitaine.png\",\"width\":1300,\"height\":1299,\"caption\":\"Une nouvelle exp\u00e9rience nautique\"},{\"@type\":\"BreadcrumbList\",\"@id\":\"http:\\\/\\\/canotika-tourisme.fr\\\/index.php\\\/accueil-canotika-locations\\\/#breadcrumb\",\"itemListElement\":[{\"@type\":\"ListItem\",\"position\":1,\"name\":\"Accueil\",\"item\":\"http:\\\/\\\/canotika-tourisme.fr\\\/\"},{\"@type\":\"ListItem\",\"position\":2,\"name\":\"Canotika Tourisme propose le d\u00e9fi du Capitaine\"}]},{\"@type\":\"WebSite\",\"@id\":\"http:\\\/\\\/canotika-tourisme.fr\\\/#website\",\"url\":\"http:\\\/\\\/canotika-tourisme.fr\\\/\",\"name\":\"Canotika Tourisme Miniboat La Mayenne\",\"description\":\"Le plaisir de naviguer en Mayenne - Location  de v\u00e9los \u00e0 Ch\u00e2teau-Gontier, Laval et Mayenne\",\"publisher\":{\"@id\":\"http:\\\/\\\/canotika-tourisme.fr\\\/#organization\"},\"potentialAction\":[{\"@type\":\"SearchAction\",\"target\":{\"@type\":\"EntryPoint\",\"urlTemplate\":\"http:\\\/\\\/canotika-tourisme.fr\\\/?s={search_term_string}\"},\"query-input\":{\"@type\":\"PropertyValueSpecification\",\"valueRequired\":true,\"valueName\":\"search_term_string\"}}],\"inLanguage\":\"fr-FR\"},{\"@type\":\"Organization\",\"@id\":\"http:\\\/\\\/canotika-tourisme.fr\\\/#organization\",\"name\":\"Canotika Tourisme Miniboat La Mayenne\",\"url\":\"http:\\\/\\\/canotika-tourisme.fr\\\/\",\"logo\":{\"@type\":\"ImageObject\",\"inLanguage\":\"fr-FR\",\"@id\":\"http:\\\/\\\/canotika-tourisme.fr\\\/#\\\/schema\\\/logo\\\/image\\\/\",\"url\":\"https:\\\/\\\/canotika-tourisme.fr\\\/wp-content\\\/uploads\\\/2018\\\/12\\\/cropped-CNK-Logo-canotika-2014.jpg\",\"contentUrl\":\"https:\\\/\\\/canotika-tourisme.fr\\\/wp-content\\\/uploads\\\/2018\\\/12\\\/cropped-CNK-Logo-canotika-2014.jpg\",\"width\":299,\"height\":250,\"caption\":\"Canotika Tourisme  Miniboat La Mayenne\"},\"image\":{\"@id\":\"http:\\\/\\\/canotika-tourisme.fr\\\/#\\\/schema\\\/logo\\\/image\\\/\"},\"sameAs\":[\"https:\\\/\\\/www.facebook.com\\\/canotika\\\/\",\"https:\\\/\\\/x.com\\\/canotika\",\"http:\\\/\\\/@canotika\"]}]}<\/script>\n<!-- \/ Yoast SEO plugin. -->","yoast_head_json":{"title":"location v\u00e9lo bateau cano\u00eb kayak paddle - canotika tourisme","description":"Canotika Tourisme vous propose la location v\u00e9lo petits bateaux bateaux \u00e9lectriques bateaux \u00e0 p\u00e9daliers, cano\u00eb-kayak et paddle","robots":{"index":"index","follow":"follow","max-snippet":"max-snippet:-1","max-image-preview":"max-image-preview:large","max-video-preview":"max-video-preview:-1"},"canonical":"http:\/\/canotika-tourisme.fr\/index.php\/accueil-canotika-locations\/","og_locale":"fr_FR","og_type":"article","og_title":"location v\u00e9lo bateau cano\u00eb kayak paddle - canotika tourisme","og_description":"Canotika Tourisme vous propose la location v\u00e9lo petits bateaux bateaux \u00e9lectriques bateaux \u00e0 p\u00e9daliers, cano\u00eb-kayak et paddle","og_url":"http:\/\/canotika-tourisme.fr\/index.php\/accueil-canotika-locations\/","og_site_name":"Canotika Tourisme Miniboat La Mayenne","article_publisher":"https:\/\/www.facebook.com\/canotika\/","article_modified_time":"2025-06-26T00:31:20+00:00","og_image":[{"url":"http:\/\/canotika-tourisme.fr\/wp-content\/uploads\/2022\/07\/JP-Le-defi-du-capitaine-300x300.png","type":"","width":"","height":""}],"twitter_card":"summary_large_image","twitter_site":"@canotika","twitter_misc":{"Dur\u00e9e de lecture estim\u00e9e":"2 minutes"},"schema":{"@context":"https:\/\/schema.org","@graph":[{"@type":"WebPage","@id":"http:\/\/canotika-tourisme.fr\/index.php\/accueil-canotika-locations\/","url":"http:\/\/canotika-tourisme.fr\/index.php\/accueil-canotika-locations\/","name":"location v\u00e9lo bateau cano\u00eb kayak paddle - canotika tourisme","isPartOf":{"@id":"http:\/\/canotika-tourisme.fr\/#website"},"primaryImageOfPage":{"@id":"http:\/\/canotika-tourisme.fr\/index.php\/accueil-canotika-locations\/#primaryimage"},"image":{"@id":"http:\/\/canotika-tourisme.fr\/index.php\/accueil-canotika-locations\/#primaryimage"},"thumbnailUrl":"http:\/\/canotika-tourisme.fr\/wp-content\/uploads\/2022\/07\/JP-Le-defi-du-capitaine-300x300.png","datePublished":"2020-10-06T14:13:00+00:00","dateModified":"2025-06-26T00:31:20+00:00","description":"Canotika Tourisme vous propose la location v\u00e9lo petits bateaux bateaux \u00e9lectriques bateaux \u00e0 p\u00e9daliers, cano\u00eb-kayak et paddle","breadcrumb":{"@id":"http:\/\/canotika-tourisme.fr\/index.php\/accueil-canotika-locations\/#breadcrumb"},"inLanguage":"fr-FR","potentialAction":[{"@type":"ReadAction","target":["http:\/\/canotika-tourisme.fr\/index.php\/accueil-canotika-locations\/"]}]},{"@type":"ImageObject","inLanguage":"fr-FR","@id":"http:\/\/canotika-tourisme.fr\/index.php\/accueil-canotika-locations\/#primaryimage","url":"https:\/\/canotika-tourisme.fr\/wp-content\/uploads\/2022\/07\/JP-Le-defi-du-capitaine.png","contentUrl":"https:\/\/canotika-tourisme.fr\/wp-content\/uploads\/2022\/07\/JP-Le-defi-du-capitaine.png","width":1300,"height":1299,"caption":"Une nouvelle exp\u00e9rience nautique"},{"@type":"BreadcrumbList","@id":"http:\/\/canotika-tourisme.fr\/index.php\/accueil-canotika-locations\/#breadcrumb","itemListElement":[{"@type":"ListItem","position":1,"name":"Accueil","item":"http:\/\/canotika-tourisme.fr\/"},{"@type":"ListItem","position":2,"name":"Canotika Tourisme propose le d\u00e9fi du Capitaine"}]},{"@type":"WebSite","@id":"http:\/\/canotika-tourisme.fr\/#website","url":"http:\/\/canotika-tourisme.fr\/","name":"Canotika Tourisme Miniboat La Mayenne","description":"Le plaisir de naviguer en Mayenne - Location  de v\u00e9los \u00e0 Ch\u00e2teau-Gontier, Laval et Mayenne","publisher":{"@id":"http:\/\/canotika-tourisme.fr\/#organization"},"potentialAction":[{"@type":"SearchAction","target":{"@type":"EntryPoint","urlTemplate":"http:\/\/canotika-tourisme.fr\/?s={search_term_string}"},"query-input":{"@type":"PropertyValueSpecification","valueRequired":true,"valueName":"search_term_string"}}],"inLanguage":"fr-FR"},{"@type":"Organization","@id":"http:\/\/canotika-tourisme.fr\/#organization","name":"Canotika Tourisme Miniboat La Mayenne","url":"http:\/\/canotika-tourisme.fr\/","logo":{"@type":"ImageObject","inLanguage":"fr-FR","@id":"http:\/\/canotika-tourisme.fr\/#\/schema\/logo\/image\/","url":"https:\/\/canotika-tourisme.fr\/wp-content\/uploads\/2018\/12\/cropped-CNK-Logo-canotika-2014.jpg","contentUrl":"https:\/\/canotika-tourisme.fr\/wp-content\/uploads\/2018\/12\/cropped-CNK-Logo-canotika-2014.jpg","width":299,"height":250,"caption":"Canotika Tourisme  Miniboat La Mayenne"},"image":{"@id":"http:\/\/canotika-tourisme.fr\/#\/schema\/logo\/image\/"},"sameAs":["https:\/\/www.facebook.com\/canotika\/","https:\/\/x.com\/canotika","http:\/\/@canotika"]}]}},"_links":{"self":[{"href":"https:\/\/canotika-tourisme.fr\/index.php\/wp-json\/wp\/v2\/pages\/2","targetHints":{"allow":["GET"]}}],"collection":[{"href":"https:\/\/canotika-tourisme.fr\/index.php\/wp-json\/wp\/v2\/pages"}],"about":[{"href":"https:\/\/canotika-tourisme.fr\/index.php\/wp-json\/wp\/v2\/types\/page"}],"author":[{"embeddable":true,"href":"https:\/\/canotika-tourisme.fr\/index.php\/wp-json\/wp\/v2\/users\/1"}],"replies":[{"embeddable":true,"href":"https:\/\/canotika-tourisme.fr\/index.php\/wp-json\/wp\/v2\/comments?post=2"}],"version-history":[{"count":31,"href":"https:\/\/canotika-tourisme.fr\/index.php\/wp-json\/wp\/v2\/pages\/2\/revisions"}],"predecessor-version":[{"id":883,"href":"https:\/\/canotika-tourisme.fr\/index.php\/wp-json\/wp\/v2\/pages\/2\/revisions\/883"}],"wp:attachment":[{"href":"https:\/\/canotika-tourisme.fr\/index.php\/wp-json\/wp\/v2\/media?parent=2"}],"curies":[{"name":"wp","href":"https:\/\/api.w.org\/{rel}","templated":true}]}}