{"id":133,"date":"2019-03-13T21:08:24","date_gmt":"2019-03-13T20:08:24","guid":{"rendered":"http:\/\/canotika-tourisme.fr\/?page_id=133"},"modified":"2020-05-10T00:00:11","modified_gmt":"2020-05-09T22:00:11","slug":"en-famille-passez-au-multi-activites-nautiques-pour-tous","status":"publish","type":"page","link":"https:\/\/canotika-tourisme.fr\/index.php\/en-famille-passez-au-multi-activites-nautiques-pour-tous\/","title":{"rendered":"En famille passez au multi-activit\u00e9s nautiques pour tous"},"content":{"rendered":"\n<p>Nouveau produit VOGUE &amp; VAGUE<\/p>\n\n\n\n<p>activit\u00e9 non en service  actuellement &#8230;. <\/p>\n","protected":false},"excerpt":{"rendered":"<p>Nouveau produit VOGUE &amp; VAGUE activit\u00e9 non en service actuellement &#8230;.<\/p>\n","protected":false},"author":1,"featured_media":0,"parent":0,"menu_order":0,"comment_status":"closed","ping_status":"closed","template":"","meta":{"footnotes":""},"class_list":["post-133","page","type-page","status-publish","hentry"],"yoast_head":"<!-- This site is optimized with the Yoast SEO plugin v27.3 - https:\/\/yoast.com\/product\/yoast-seo-wordpress\/ -->\n<title>En famille passez au multi-activit\u00e9s nautiques pour tous - Canotika Tourisme Miniboat La Mayenne<\/title>\n<meta name=\"robots\" content=\"index, follow, max-snippet:-1, max-image-preview:large, max-video-preview:-1\" \/>\n<link rel=\"canonical\" href=\"https:\/\/canotika-tourisme.fr\/index.php\/en-famille-passez-au-multi-activites-nautiques-pour-tous\/\" \/>\n<meta property=\"og:locale\" content=\"fr_FR\" \/>\n<meta property=\"og:type\" content=\"article\" \/>\n<meta property=\"og:title\" content=\"En famille passez au multi-activit\u00e9s nautiques pour tous - Canotika Tourisme Miniboat La Mayenne\" \/>\n<meta property=\"og:description\" content=\"Nouveau produit VOGUE &amp; VAGUE activit\u00e9 non en service actuellement &#8230;.\" \/>\n<meta property=\"og:url\" content=\"https:\/\/canotika-tourisme.fr\/index.php\/en-famille-passez-au-multi-activites-nautiques-pour-tous\/\" \/>\n<meta property=\"og:site_name\" content=\"Canotika Tourisme Miniboat La Mayenne\" \/>\n<meta property=\"article:publisher\" content=\"https:\/\/www.facebook.com\/canotika\/\" \/>\n<meta property=\"article:modified_time\" content=\"2020-05-09T22:00:11+00:00\" \/>\n<meta name=\"twitter:card\" content=\"summary_large_image\" \/>\n<meta name=\"twitter:site\" content=\"@canotika\" \/>\n<script type=\"application\/ld+json\" class=\"yoast-schema-graph\">{\"@context\":\"https:\\\/\\\/schema.org\",\"@graph\":[{\"@type\":\"WebPage\",\"@id\":\"https:\\\/\\\/canotika-tourisme.fr\\\/index.php\\\/en-famille-passez-au-multi-activites-nautiques-pour-tous\\\/\",\"url\":\"https:\\\/\\\/canotika-tourisme.fr\\\/index.php\\\/en-famille-passez-au-multi-activites-nautiques-pour-tous\\\/\",\"name\":\"En famille passez au multi-activit\u00e9s nautiques pour tous - Canotika Tourisme Miniboat La Mayenne\",\"isPartOf\":{\"@id\":\"http:\\\/\\\/canotika-tourisme.fr\\\/#website\"},\"datePublished\":\"2019-03-13T20:08:24+00:00\",\"dateModified\":\"2020-05-09T22:00:11+00:00\",\"breadcrumb\":{\"@id\":\"https:\\\/\\\/canotika-tourisme.fr\\\/index.php\\\/en-famille-passez-au-multi-activites-nautiques-pour-tous\\\/#breadcrumb\"},\"inLanguage\":\"fr-FR\",\"potentialAction\":[{\"@type\":\"ReadAction\",\"target\":[\"https:\\\/\\\/canotika-tourisme.fr\\\/index.php\\\/en-famille-passez-au-multi-activites-nautiques-pour-tous\\\/\"]}]},{\"@type\":\"BreadcrumbList\",\"@id\":\"https:\\\/\\\/canotika-tourisme.fr\\\/index.php\\\/en-famille-passez-au-multi-activites-nautiques-pour-tous\\\/#breadcrumb\",\"itemListElement\":[{\"@type\":\"ListItem\",\"position\":1,\"name\":\"Accueil\",\"item\":\"http:\\\/\\\/canotika-tourisme.fr\\\/\"},{\"@type\":\"ListItem\",\"position\":2,\"name\":\"En famille passez au multi-activit\u00e9s nautiques pour tous\"}]},{\"@type\":\"WebSite\",\"@id\":\"http:\\\/\\\/canotika-tourisme.fr\\\/#website\",\"url\":\"http:\\\/\\\/canotika-tourisme.fr\\\/\",\"name\":\"Canotika Tourisme Miniboat La Mayenne\",\"description\":\"Le plaisir de naviguer en Mayenne - Location  de v\u00e9los \u00e0 Ch\u00e2teau-Gontier, Laval et Mayenne\",\"publisher\":{\"@id\":\"http:\\\/\\\/canotika-tourisme.fr\\\/#organization\"},\"potentialAction\":[{\"@type\":\"SearchAction\",\"target\":{\"@type\":\"EntryPoint\",\"urlTemplate\":\"http:\\\/\\\/canotika-tourisme.fr\\\/?s={search_term_string}\"},\"query-input\":{\"@type\":\"PropertyValueSpecification\",\"valueRequired\":true,\"valueName\":\"search_term_string\"}}],\"inLanguage\":\"fr-FR\"},{\"@type\":\"Organization\",\"@id\":\"http:\\\/\\\/canotika-tourisme.fr\\\/#organization\",\"name\":\"Canotika Tourisme Miniboat La Mayenne\",\"url\":\"http:\\\/\\\/canotika-tourisme.fr\\\/\",\"logo\":{\"@type\":\"ImageObject\",\"inLanguage\":\"fr-FR\",\"@id\":\"http:\\\/\\\/canotika-tourisme.fr\\\/#\\\/schema\\\/logo\\\/image\\\/\",\"url\":\"https:\\\/\\\/canotika-tourisme.fr\\\/wp-content\\\/uploads\\\/2018\\\/12\\\/cropped-CNK-Logo-canotika-2014.jpg\",\"contentUrl\":\"https:\\\/\\\/canotika-tourisme.fr\\\/wp-content\\\/uploads\\\/2018\\\/12\\\/cropped-CNK-Logo-canotika-2014.jpg\",\"width\":299,\"height\":250,\"caption\":\"Canotika Tourisme  Miniboat La Mayenne\"},\"image\":{\"@id\":\"http:\\\/\\\/canotika-tourisme.fr\\\/#\\\/schema\\\/logo\\\/image\\\/\"},\"sameAs\":[\"https:\\\/\\\/www.facebook.com\\\/canotika\\\/\",\"https:\\\/\\\/x.com\\\/canotika\",\"http:\\\/\\\/@canotika\"]}]}<\/script>\n<!-- \/ Yoast SEO plugin. -->","yoast_head_json":{"title":"En famille passez au multi-activit\u00e9s nautiques pour tous - Canotika Tourisme Miniboat La Mayenne","robots":{"index":"index","follow":"follow","max-snippet":"max-snippet:-1","max-image-preview":"max-image-preview:large","max-video-preview":"max-video-preview:-1"},"canonical":"https:\/\/canotika-tourisme.fr\/index.php\/en-famille-passez-au-multi-activites-nautiques-pour-tous\/","og_locale":"fr_FR","og_type":"article","og_title":"En famille passez au multi-activit\u00e9s nautiques pour tous - Canotika Tourisme Miniboat La Mayenne","og_description":"Nouveau produit VOGUE &amp; VAGUE activit\u00e9 non en service actuellement &#8230;.","og_url":"https:\/\/canotika-tourisme.fr\/index.php\/en-famille-passez-au-multi-activites-nautiques-pour-tous\/","og_site_name":"Canotika Tourisme Miniboat La Mayenne","article_publisher":"https:\/\/www.facebook.com\/canotika\/","article_modified_time":"2020-05-09T22:00:11+00:00","twitter_card":"summary_large_image","twitter_site":"@canotika","schema":{"@context":"https:\/\/schema.org","@graph":[{"@type":"WebPage","@id":"https:\/\/canotika-tourisme.fr\/index.php\/en-famille-passez-au-multi-activites-nautiques-pour-tous\/","url":"https:\/\/canotika-tourisme.fr\/index.php\/en-famille-passez-au-multi-activites-nautiques-pour-tous\/","name":"En famille passez au multi-activit\u00e9s nautiques pour tous - Canotika Tourisme Miniboat La Mayenne","isPartOf":{"@id":"http:\/\/canotika-tourisme.fr\/#website"},"datePublished":"2019-03-13T20:08:24+00:00","dateModified":"2020-05-09T22:00:11+00:00","breadcrumb":{"@id":"https:\/\/canotika-tourisme.fr\/index.php\/en-famille-passez-au-multi-activites-nautiques-pour-tous\/#breadcrumb"},"inLanguage":"fr-FR","potentialAction":[{"@type":"ReadAction","target":["https:\/\/canotika-tourisme.fr\/index.php\/en-famille-passez-au-multi-activites-nautiques-pour-tous\/"]}]},{"@type":"BreadcrumbList","@id":"https:\/\/canotika-tourisme.fr\/index.php\/en-famille-passez-au-multi-activites-nautiques-pour-tous\/#breadcrumb","itemListElement":[{"@type":"ListItem","position":1,"name":"Accueil","item":"http:\/\/canotika-tourisme.fr\/"},{"@type":"ListItem","position":2,"name":"En famille passez au multi-activit\u00e9s nautiques pour tous"}]},{"@type":"WebSite","@id":"http:\/\/canotika-tourisme.fr\/#website","url":"http:\/\/canotika-tourisme.fr\/","name":"Canotika Tourisme Miniboat La Mayenne","description":"Le plaisir de naviguer en Mayenne - Location  de v\u00e9los \u00e0 Ch\u00e2teau-Gontier, Laval et Mayenne","publisher":{"@id":"http:\/\/canotika-tourisme.fr\/#organization"},"potentialAction":[{"@type":"SearchAction","target":{"@type":"EntryPoint","urlTemplate":"http:\/\/canotika-tourisme.fr\/?s={search_term_string}"},"query-input":{"@type":"PropertyValueSpecification","valueRequired":true,"valueName":"search_term_string"}}],"inLanguage":"fr-FR"},{"@type":"Organization","@id":"http:\/\/canotika-tourisme.fr\/#organization","name":"Canotika Tourisme Miniboat La Mayenne","url":"http:\/\/canotika-tourisme.fr\/","logo":{"@type":"ImageObject","inLanguage":"fr-FR","@id":"http:\/\/canotika-tourisme.fr\/#\/schema\/logo\/image\/","url":"https:\/\/canotika-tourisme.fr\/wp-content\/uploads\/2018\/12\/cropped-CNK-Logo-canotika-2014.jpg","contentUrl":"https:\/\/canotika-tourisme.fr\/wp-content\/uploads\/2018\/12\/cropped-CNK-Logo-canotika-2014.jpg","width":299,"height":250,"caption":"Canotika Tourisme  Miniboat La Mayenne"},"image":{"@id":"http:\/\/canotika-tourisme.fr\/#\/schema\/logo\/image\/"},"sameAs":["https:\/\/www.facebook.com\/canotika\/","https:\/\/x.com\/canotika","http:\/\/@canotika"]}]}},"_links":{"self":[{"href":"https:\/\/canotika-tourisme.fr\/index.php\/wp-json\/wp\/v2\/pages\/133","targetHints":{"allow":["GET"]}}],"collection":[{"href":"https:\/\/canotika-tourisme.fr\/index.php\/wp-json\/wp\/v2\/pages"}],"about":[{"href":"https:\/\/canotika-tourisme.fr\/index.php\/wp-json\/wp\/v2\/types\/page"}],"author":[{"embeddable":true,"href":"https:\/\/canotika-tourisme.fr\/index.php\/wp-json\/wp\/v2\/users\/1"}],"replies":[{"embeddable":true,"href":"https:\/\/canotika-tourisme.fr\/index.php\/wp-json\/wp\/v2\/comments?post=133"}],"version-history":[{"count":2,"href":"https:\/\/canotika-tourisme.fr\/index.php\/wp-json\/wp\/v2\/pages\/133\/revisions"}],"predecessor-version":[{"id":286,"href":"https:\/\/canotika-tourisme.fr\/index.php\/wp-json\/wp\/v2\/pages\/133\/revisions\/286"}],"wp:attachment":[{"href":"https:\/\/canotika-tourisme.fr\/index.php\/wp-json\/wp\/v2\/media?parent=133"}],"curies":[{"name":"wp","href":"https:\/\/api.w.org\/{rel}","templated":true}]}}